{"id":1497,"date":"2023-06-17T17:51:54","date_gmt":"2023-06-17T17:51:54","guid":{"rendered":"https:\/\/laamalia1888.com\/?page_id=1497"},"modified":"2024-11-08T18:20:04","modified_gmt":"2024-11-08T18:20:04","slug":"refund-and-returns-policy","status":"publish","type":"page","link":"https:\/\/laamalia1888.com\/es\/refund-and-returns-policy\/","title":{"rendered":"Pol\u00edtica de Devoluciones de La Amalia 1888"},"content":{"rendered":"<div data-elementor-type=\"wp-page\" data-elementor-id=\"1497\" class=\"elementor elementor-1497\" data-elementor-post-type=\"page\">\n\t\t\t\t\t\t<section class=\"elementor-section elementor-top-section elementor-element elementor-element-4eca1c8a elementor-section-boxed elementor-section-height-default elementor-section-height-default\" data-id=\"4eca1c8a\" data-element_type=\"section\">\n\t\t\t\t\t\t<div class=\"elementor-container elementor-column-gap-default\">\n\t\t\t\t\t<div class=\"elementor-column elementor-col-100 elementor-top-column elementor-element elementor-element-7415b8a2\" data-id=\"7415b8a2\" data-element_type=\"column\">\n\t\t\t<div class=\"elementor-widget-wrap elementor-element-populated\">\n\t\t\t\t\t\t<div class=\"elementor-element elementor-element-11731fb9 elementor-widget elementor-widget-text-editor\" data-id=\"11731fb9\" data-element_type=\"widget\" data-widget_type=\"text-editor.default\">\n\t\t\t\t<div class=\"elementor-widget-container\">\n\t\t\t\t\t\t\t\t\t\n<p><strong>Nosotros esforzamos por ofrecer productos de la m\u00e1s alta calidad y un servicio excepcional. Por favor, revise nuestra pol\u00edtica de devoluciones a continuaci\u00f3n:<\/strong><\/p>\n<ol>\n<li><strong>Productos Alimenticios<\/strong><\/li>\n<\/ol>\n<p>\u00a0\u00a0 Debido a regulaciones de salud y seguridad, todos los productos alimenticios, incluyendo caf\u00e9 y otros art\u00edculos consumibles, son no retornables y no reembolsables.<\/p>\n<ol start=\"2\">\n<li><strong>Productos No Alimenticios<\/strong><\/li>\n<\/ol>\n<p>\u00a0\u00a0 Para todos los dem\u00e1s productos, ofrecemos una pol\u00edtica de devoluci\u00f3n de 7 d\u00edas a partir de la fecha de entrega. Si han pasado 7 d\u00edas desde la entrega, lamentablemente no podremos aceptar devoluciones ni emitir reembolsos.<\/p>\n<ol start=\"3\">\n<li><strong>Costos de Env\u00edo para Devoluciones<\/strong><\/li>\n<\/ol>\n<p>\u00a0\u00a0 El costo del env\u00edo de devoluci\u00f3n es responsabilidad del cliente. Recomendamos utilizar un servicio de env\u00edo con rastreo o adquirir un seguro de env\u00edo, ya que no podemos garantizar la recepci\u00f3n de su art\u00edculo devuelto.<\/p>\n<p>Gracias por comprar con nosotros en La Amalia 1888!!! <strong>info@laamalia1888.com<\/strong><\/p>\n<p><strong>Thank you for shopping with us at La Amalia 1888!!<\/strong> <\/p>\n\t\t\t\t\t\t\t\t<\/div>\n\t\t\t\t<\/div>\n\t\t\t\t\t<\/div>\n\t\t<\/div>\n\t\t\t\t\t<\/div>\n\t\t<\/section>\n\t\t\t\t<\/div>","protected":false},"excerpt":{"rendered":"<p>We strive to provide high-quality products and exceptional service. Please review our return policy below: Food Items \u00a0\u00a0 Due to [&hellip;]<\/p>","protected":false},"author":1,"featured_media":0,"parent":0,"menu_order":0,"comment_status":"closed","ping_status":"closed","template":"","meta":{"_acf_changed":false,"nf_dc_page":"","site-sidebar-layout":"default","site-content-layout":"","ast-site-content-layout":"default","site-content-style":"default","site-sidebar-style":"default","ast-global-header-display":"","ast-banner-title-visibility":"","ast-main-header-display":"","ast-hfb-above-header-display":"","ast-hfb-below-header-display":"","ast-hfb-mobile-header-display":"","site-post-title":"","ast-breadcrumbs-content":"","ast-featured-img":"","footer-sml-layout":"","ast-disable-related-posts":"","theme-transparent-header-meta":"","adv-header-id-meta":"","stick-header-meta":"","header-above-stick-meta":"","header-main-stick-meta":"","header-below-stick-meta":"","astra-migrate-meta-layouts":"default","ast-page-background-enabled":"default","ast-page-background-meta":{"desktop":{"background-color":"var(--ast-global-color-4)","background-image":"","background-repeat":"repeat","background-position":"center center","background-size":"auto","background-attachment":"scroll","background-type":"","background-media":"","overlay-type":"","overlay-color":"","overlay-opacity":"","overlay-gradient":""},"tablet":{"background-color":"","background-image":"","background-repeat":"repeat","background-position":"center center","background-size":"auto","background-attachment":"scroll","background-type":"","background-media":"","overlay-type":"","overlay-color":"","overlay-opacity":"","overlay-gradient":""},"mobile":{"background-color":"","background-image":"","background-repeat":"repeat","background-position":"center center","background-size":"auto","background-attachment":"scroll","background-type":"","background-media":"","overlay-type":"","overlay-color":"","overlay-opacity":"","overlay-gradient":""}},"ast-content-background-meta":{"desktop":{"background-color":"var(--ast-global-color-5)","background-image":"","background-repeat":"repeat","background-position":"center center","background-size":"auto","background-attachment":"scroll","background-type":"","background-media":"","overlay-type":"","overlay-color":"","overlay-opacity":"","overlay-gradient":""},"tablet":{"background-color":"var(--ast-global-color-5)","background-image":"","background-repeat":"repeat","background-position":"center center","background-size":"auto","background-attachment":"scroll","background-type":"","background-media":"","overlay-type":"","overlay-color":"","overlay-opacity":"","overlay-gradient":""},"mobile":{"background-color":"var(--ast-global-color-5)","background-image":"","background-repeat":"repeat","background-position":"center center","background-size":"auto","background-attachment":"scroll","background-type":"","background-media":"","overlay-type":"","overlay-color":"","overlay-opacity":"","overlay-gradient":""}},"footnotes":""},"class_list":["post-1497","page","type-page","status-publish","hentry"],"acf":[],"yoast_head":"<!-- This site is optimized with the Yoast SEO plugin v26.9 - https:\/\/yoast.com\/product\/yoast-seo-wordpress\/ -->\n<title>Return Policy for La Amalia 1888 - La Amalia 1888<\/title>\n<meta name=\"description\" content=\"La Amalia 1888 offers Colombian specialty coffee and coffee-related goods, rooted in a 200-year coffee family tradition. Discover our products and the story behind the legacy.\" \/>\n<meta name=\"robots\" content=\"index, follow, max-snippet:-1, max-image-preview:large, max-video-preview:-1\" \/>\n<link rel=\"canonical\" href=\"https:\/\/laamalia1888.com\/es\/refund-and-returns-policy\/\" \/>\n<meta property=\"og:locale\" content=\"es_ES\" \/>\n<meta property=\"og:type\" content=\"article\" \/>\n<meta property=\"og:title\" content=\"Return Policy for La Amalia 1888 - La Amalia 1888\" \/>\n<meta property=\"og:description\" content=\"La Amalia 1888 offers Colombian specialty coffee and coffee-related goods, rooted in a 200-year coffee family tradition. Discover our products and the story behind the legacy.\" \/>\n<meta property=\"og:url\" content=\"https:\/\/laamalia1888.com\/es\/refund-and-returns-policy\/\" \/>\n<meta property=\"og:site_name\" content=\"La Amalia 1888\" \/>\n<meta property=\"article:modified_time\" content=\"2024-11-08T18:20:04+00:00\" \/>\n<meta property=\"og:image\" content=\"https:\/\/laamalia1888.com\/wp-content\/uploads\/2021\/10\/LA-AMALIA-1888-LOGO.png\" \/>\n\t<meta property=\"og:image:width\" content=\"500\" \/>\n\t<meta property=\"og:image:height\" content=\"207\" \/>\n\t<meta property=\"og:image:type\" content=\"image\/png\" \/>\n<meta name=\"twitter:card\" content=\"summary_large_image\" \/>\n<meta name=\"twitter:label1\" content=\"Tiempo de lectura\" \/>\n\t<meta name=\"twitter:data1\" content=\"1 minuto\" \/>\n<script type=\"application\/ld+json\" class=\"yoast-schema-graph\">{\"@context\":\"https:\/\/schema.org\",\"@graph\":[{\"@type\":\"WebPage\",\"@id\":\"https:\/\/laamalia1888.com\/refund-and-returns-policy\/\",\"url\":\"https:\/\/laamalia1888.com\/refund-and-returns-policy\/\",\"name\":\"Return Policy for La Amalia 1888 - La Amalia 1888\",\"isPartOf\":{\"@id\":\"https:\/\/laamalia1888.com\/#website\"},\"datePublished\":\"2023-06-17T17:51:54+00:00\",\"dateModified\":\"2024-11-08T18:20:04+00:00\",\"description\":\"La Amalia 1888 offers Colombian specialty coffee and coffee-related goods, rooted in a 200-year coffee family tradition. Discover our products and the story behind the legacy.\",\"breadcrumb\":{\"@id\":\"https:\/\/laamalia1888.com\/refund-and-returns-policy\/#breadcrumb\"},\"inLanguage\":\"es-CO\",\"potentialAction\":[{\"@type\":\"ReadAction\",\"target\":[\"https:\/\/laamalia1888.com\/refund-and-returns-policy\/\"]}]},{\"@type\":\"BreadcrumbList\",\"@id\":\"https:\/\/laamalia1888.com\/refund-and-returns-policy\/#breadcrumb\",\"itemListElement\":[{\"@type\":\"ListItem\",\"position\":1,\"name\":\"Home\",\"item\":\"https:\/\/laamalia1888.com\/\"},{\"@type\":\"ListItem\",\"position\":2,\"name\":\"Return Policy for La Amalia 1888\"}]},{\"@type\":\"WebSite\",\"@id\":\"https:\/\/laamalia1888.com\/#website\",\"url\":\"https:\/\/laamalia1888.com\/\",\"name\":\"La Amalia 1888 offers Colombian specialty coffee\",\"description\":\"La Amalia 1888 offers Colombian specialty coffee\",\"publisher\":{\"@id\":\"https:\/\/laamalia1888.com\/#organization\"},\"alternateName\":\"Colombian specialty coffee\",\"potentialAction\":[{\"@type\":\"SearchAction\",\"target\":{\"@type\":\"EntryPoint\",\"urlTemplate\":\"https:\/\/laamalia1888.com\/?s={search_term_string}\"},\"query-input\":{\"@type\":\"PropertyValueSpecification\",\"valueRequired\":true,\"valueName\":\"search_term_string\"}}],\"inLanguage\":\"es-CO\"},{\"@type\":\"Organization\",\"@id\":\"https:\/\/laamalia1888.com\/#organization\",\"name\":\"La Amalia 1888 offers Colombian specialty coffee\",\"alternateName\":\"Colombian specialty coffee\",\"url\":\"https:\/\/laamalia1888.com\/\",\"logo\":{\"@type\":\"ImageObject\",\"inLanguage\":\"es-CO\",\"@id\":\"https:\/\/laamalia1888.com\/#\/schema\/logo\/image\/\",\"url\":\"https:\/\/laamalia1888.com\/wp-content\/uploads\/2021\/05\/cropped-cropped-LOGO-LA-AMALIA-1.png\",\"contentUrl\":\"https:\/\/laamalia1888.com\/wp-content\/uploads\/2021\/05\/cropped-cropped-LOGO-LA-AMALIA-1.png\",\"width\":1234,\"height\":254,\"caption\":\"La Amalia 1888 offers Colombian specialty coffee\"},\"image\":{\"@id\":\"https:\/\/laamalia1888.com\/#\/schema\/logo\/image\/\"}}]}<\/script>\n<!-- \/ Yoast SEO plugin. -->","yoast_head_json":{"title":"Return Policy for La Amalia 1888 - La Amalia 1888","description":"La Amalia 1888 offers Colombian specialty coffee and coffee-related goods, rooted in a 200-year coffee family tradition. Discover our products and the story behind the legacy.","robots":{"index":"index","follow":"follow","max-snippet":"max-snippet:-1","max-image-preview":"max-image-preview:large","max-video-preview":"max-video-preview:-1"},"canonical":"https:\/\/laamalia1888.com\/es\/refund-and-returns-policy\/","og_locale":"es_ES","og_type":"article","og_title":"Return Policy for La Amalia 1888 - La Amalia 1888","og_description":"La Amalia 1888 offers Colombian specialty coffee and coffee-related goods, rooted in a 200-year coffee family tradition. Discover our products and the story behind the legacy.","og_url":"https:\/\/laamalia1888.com\/es\/refund-and-returns-policy\/","og_site_name":"La Amalia 1888","article_modified_time":"2024-11-08T18:20:04+00:00","og_image":[{"width":500,"height":207,"url":"https:\/\/laamalia1888.com\/wp-content\/uploads\/2021\/10\/LA-AMALIA-1888-LOGO.png","type":"image\/png"}],"twitter_card":"summary_large_image","twitter_misc":{"Tiempo de lectura":"1 minuto"},"schema":{"@context":"https:\/\/schema.org","@graph":[{"@type":"WebPage","@id":"https:\/\/laamalia1888.com\/refund-and-returns-policy\/","url":"https:\/\/laamalia1888.com\/refund-and-returns-policy\/","name":"Return Policy for La Amalia 1888 - La Amalia 1888","isPartOf":{"@id":"https:\/\/laamalia1888.com\/#website"},"datePublished":"2023-06-17T17:51:54+00:00","dateModified":"2024-11-08T18:20:04+00:00","description":"La Amalia 1888 offers Colombian specialty coffee and coffee-related goods, rooted in a 200-year coffee family tradition. Discover our products and the story behind the legacy.","breadcrumb":{"@id":"https:\/\/laamalia1888.com\/refund-and-returns-policy\/#breadcrumb"},"inLanguage":"es-CO","potentialAction":[{"@type":"ReadAction","target":["https:\/\/laamalia1888.com\/refund-and-returns-policy\/"]}]},{"@type":"BreadcrumbList","@id":"https:\/\/laamalia1888.com\/refund-and-returns-policy\/#breadcrumb","itemListElement":[{"@type":"ListItem","position":1,"name":"Home","item":"https:\/\/laamalia1888.com\/"},{"@type":"ListItem","position":2,"name":"Return Policy for La Amalia 1888"}]},{"@type":"WebSite","@id":"https:\/\/laamalia1888.com\/#website","url":"https:\/\/laamalia1888.com\/","name":"La Amalia 1888 offers Colombian specialty coffee","description":"La Amalia 1888 offers Colombian specialty coffee","publisher":{"@id":"https:\/\/laamalia1888.com\/#organization"},"alternateName":"Colombian specialty coffee","potentialAction":[{"@type":"SearchAction","target":{"@type":"EntryPoint","urlTemplate":"https:\/\/laamalia1888.com\/?s={search_term_string}"},"query-input":{"@type":"PropertyValueSpecification","valueRequired":true,"valueName":"search_term_string"}}],"inLanguage":"es-CO"},{"@type":"Organization","@id":"https:\/\/laamalia1888.com\/#organization","name":"La Amalia 1888 offers Colombian specialty coffee","alternateName":"Colombian specialty coffee","url":"https:\/\/laamalia1888.com\/","logo":{"@type":"ImageObject","inLanguage":"es-CO","@id":"https:\/\/laamalia1888.com\/#\/schema\/logo\/image\/","url":"https:\/\/laamalia1888.com\/wp-content\/uploads\/2021\/05\/cropped-cropped-LOGO-LA-AMALIA-1.png","contentUrl":"https:\/\/laamalia1888.com\/wp-content\/uploads\/2021\/05\/cropped-cropped-LOGO-LA-AMALIA-1.png","width":1234,"height":254,"caption":"La Amalia 1888 offers Colombian specialty coffee"},"image":{"@id":"https:\/\/laamalia1888.com\/#\/schema\/logo\/image\/"}}]}},"_links":{"self":[{"href":"https:\/\/laamalia1888.com\/es\/wp-json\/wp\/v2\/pages\/1497","targetHints":{"allow":["GET"]}}],"collection":[{"href":"https:\/\/laamalia1888.com\/es\/wp-json\/wp\/v2\/pages"}],"about":[{"href":"https:\/\/laamalia1888.com\/es\/wp-json\/wp\/v2\/types\/page"}],"author":[{"embeddable":true,"href":"https:\/\/laamalia1888.com\/es\/wp-json\/wp\/v2\/users\/1"}],"replies":[{"embeddable":true,"href":"https:\/\/laamalia1888.com\/es\/wp-json\/wp\/v2\/comments?post=1497"}],"version-history":[{"count":5,"href":"https:\/\/laamalia1888.com\/es\/wp-json\/wp\/v2\/pages\/1497\/revisions"}],"predecessor-version":[{"id":4032,"href":"https:\/\/laamalia1888.com\/es\/wp-json\/wp\/v2\/pages\/1497\/revisions\/4032"}],"wp:attachment":[{"href":"https:\/\/laamalia1888.com\/es\/wp-json\/wp\/v2\/media?parent=1497"}],"curies":[{"name":"wp","href":"https:\/\/api.w.org\/{rel}","templated":true}]}}