{"id":1654,"date":"2023-11-10T02:13:25","date_gmt":"2023-11-10T02:13:25","guid":{"rendered":"https:\/\/laamalia1888.com\/?page_id=1654"},"modified":"2026-05-08T00:06:52","modified_gmt":"2026-05-08T00:06:52","slug":"book","status":"publish","type":"page","link":"https:\/\/laamalia1888.com\/es\/book\/","title":{"rendered":"Sembrando las Semillas"},"content":{"rendered":"<div data-elementor-type=\"wp-page\" data-elementor-id=\"1654\" class=\"elementor elementor-1654\" data-elementor-post-type=\"page\">\n\t\t\t\t\t\t<section class=\"elementor-section elementor-top-section elementor-element elementor-element-7ec2534 elementor-section-boxed elementor-section-height-default elementor-section-height-default\" data-id=\"7ec2534\" data-element_type=\"section\" data-e-type=\"section\" data-settings=\"{&quot;background_background&quot;:&quot;classic&quot;}\">\n\t\t\t\t\t\t<div class=\"elementor-container elementor-column-gap-default\">\n\t\t\t\t\t<div class=\"elementor-column elementor-col-100 elementor-top-column elementor-element elementor-element-39783b6\" data-id=\"39783b6\" data-element_type=\"column\" data-e-type=\"column\">\n\t\t\t<div class=\"elementor-widget-wrap elementor-element-populated\">\n\t\t\t\t\t\t<div class=\"elementor-element elementor-element-41e0c40 animated-slow elementor-invisible elementor-widget elementor-widget-heading\" data-id=\"41e0c40\" data-element_type=\"widget\" data-e-type=\"widget\" data-settings=\"{&quot;_animation&quot;:&quot;fadeInLeft&quot;}\" data-widget_type=\"heading.default\">\n\t\t\t\t<div class=\"elementor-widget-container\">\n\t\t\t\t\t<h2 class=\"elementor-heading-title elementor-size-default\">SEMBRANDO <br> LAS SEMILLAS<\/h2>\t\t\t\t<\/div>\n\t\t\t\t<\/div>\n\t\t\t\t<div class=\"elementor-element elementor-element-393aa0a elementor-invisible elementor-widget elementor-widget-text-editor\" data-id=\"393aa0a\" data-element_type=\"widget\" data-e-type=\"widget\" data-settings=\"{&quot;_animation&quot;:&quot;fadeInRight&quot;}\" data-widget_type=\"text-editor.default\">\n\t\t\t\t<div class=\"elementor-widget-container\">\n\t\t\t\t\t\t\t\t\tLibro I\t\t\t\t\t\t\t\t<\/div>\n\t\t\t\t<\/div>\n\t\t\t\t\t<\/div>\n\t\t<\/div>\n\t\t\t\t\t<\/div>\n\t\t<\/section>\n\t\t\t\t<section class=\"elementor-section elementor-top-section elementor-element elementor-element-65d2ffa elementor-section-boxed elementor-section-height-default elementor-section-height-default\" data-id=\"65d2ffa\" data-element_type=\"section\" data-e-type=\"section\" data-settings=\"{&quot;background_background&quot;:&quot;classic&quot;}\">\n\t\t\t\t\t\t\t<div class=\"elementor-background-overlay\"><\/div>\n\t\t\t\t\t\t\t<div class=\"elementor-container elementor-column-gap-default\">\n\t\t\t\t\t<div class=\"elementor-column elementor-col-100 elementor-top-column elementor-element elementor-element-1a7e66f\" data-id=\"1a7e66f\" data-element_type=\"column\" data-e-type=\"column\">\n\t\t\t<div class=\"elementor-widget-wrap elementor-element-populated\">\n\t\t\t\t\t\t<div class=\"elementor-element elementor-element-d15e3ff elementor-hidden-desktop elementor-hidden-tablet elementor-hidden-mobile elementor-widget elementor-widget-image\" data-id=\"d15e3ff\" data-element_type=\"widget\" data-e-type=\"widget\" data-widget_type=\"image.default\">\n\t\t\t\t<div class=\"elementor-widget-container\">\n\t\t\t\t\t\t\t\t\t\t\t\t\t\t\t<img loading=\"lazy\" decoding=\"async\" width=\"628\" height=\"629\" src=\"https:\/\/laamalia1888.com\/wp-content\/uploads\/2023\/11\/Mockup-Libro-1.jpg\" class=\"attachment-full size-full wp-image-1781\" alt=\"\" srcset=\"https:\/\/laamalia1888.com\/wp-content\/uploads\/2023\/11\/Mockup-Libro-1.jpg 628w, https:\/\/laamalia1888.com\/wp-content\/uploads\/2023\/11\/Mockup-Libro-1-300x300.jpg 300w, https:\/\/laamalia1888.com\/wp-content\/uploads\/2023\/11\/Mockup-Libro-1-100x100.jpg 100w, https:\/\/laamalia1888.com\/wp-content\/uploads\/2023\/11\/Mockup-Libro-1-600x601.jpg 600w, https:\/\/laamalia1888.com\/wp-content\/uploads\/2023\/11\/Mockup-Libro-1-150x150.jpg 150w, https:\/\/laamalia1888.com\/wp-content\/uploads\/2023\/11\/Mockup-Libro-1-12x12.jpg 12w\" sizes=\"auto, (max-width: 628px) 100vw, 628px\" \/>\t\t\t\t\t\t\t\t\t\t\t\t\t\t\t<\/div>\n\t\t\t\t<\/div>\n\t\t\t\t<div class=\"elementor-element elementor-element-cb0a952 elementor-widget elementor-widget-heading\" data-id=\"cb0a952\" data-element_type=\"widget\" data-e-type=\"widget\" data-widget_type=\"heading.default\">\n\t\t\t\t<div class=\"elementor-widget-container\">\n\t\t\t\t\t<h2 class=\"elementor-heading-title elementor-size-default\">Sembrando Las Semillas<\/h2>\t\t\t\t<\/div>\n\t\t\t\t<\/div>\n\t\t\t\t<div class=\"elementor-element elementor-element-cb8d5e5 elementor-hidden-tablet elementor-hidden-mobile elementor-hidden-desktop elementor-widget elementor-widget-image\" data-id=\"cb8d5e5\" data-element_type=\"widget\" data-e-type=\"widget\" data-widget_type=\"image.default\">\n\t\t\t\t<div class=\"elementor-widget-container\">\n\t\t\t\t\t\t\t\t\t\t\t\t\t\t\t<img loading=\"lazy\" decoding=\"async\" width=\"628\" height=\"629\" src=\"https:\/\/laamalia1888.com\/wp-content\/uploads\/2023\/11\/Mockup-Libro-1.jpg\" class=\"attachment-full size-full wp-image-1781\" alt=\"\" srcset=\"https:\/\/laamalia1888.com\/wp-content\/uploads\/2023\/11\/Mockup-Libro-1.jpg 628w, https:\/\/laamalia1888.com\/wp-content\/uploads\/2023\/11\/Mockup-Libro-1-300x300.jpg 300w, https:\/\/laamalia1888.com\/wp-content\/uploads\/2023\/11\/Mockup-Libro-1-100x100.jpg 100w, https:\/\/laamalia1888.com\/wp-content\/uploads\/2023\/11\/Mockup-Libro-1-600x601.jpg 600w, https:\/\/laamalia1888.com\/wp-content\/uploads\/2023\/11\/Mockup-Libro-1-150x150.jpg 150w, https:\/\/laamalia1888.com\/wp-content\/uploads\/2023\/11\/Mockup-Libro-1-12x12.jpg 12w\" sizes=\"auto, (max-width: 628px) 100vw, 628px\" \/>\t\t\t\t\t\t\t\t\t\t\t\t\t\t\t<\/div>\n\t\t\t\t<\/div>\n\t\t\t\t<div class=\"elementor-element elementor-element-de447cf elementor-widget elementor-widget-text-editor\" data-id=\"de447cf\" data-element_type=\"widget\" data-e-type=\"widget\" data-widget_type=\"text-editor.default\">\n\t\t\t\t<div class=\"elementor-widget-container\">\n\t\t\t\t\t\t\t\t\t<h2 data-section-id=\"1av1e3j\" data-start=\"518\" data-end=\"539\">Sembrando Las Semillas<\/h2><p data-start=\"541\" data-end=\"641\"><strong data-start=\"541\" data-end=\"563\">Sembrando Las Semillas<\/strong> es el primer libro de la <em data-start=\"589\" data-end=\"610\">1888 Una novela de caf\u00e9<\/em> series de Mar\u00eda Amalia Robbin.<\/p><p data-start=\"643\" data-end=\"791\">Este libro de lujo con tapa dura fue dise\u00f1ado como una pieza de mesa de centro. La cubierta es negra, con estampado de l\u00e1mina en dorado, y crea un look atemporal y elegante.<\/p><p data-start=\"793\" data-end=\"953\">Cada detalle fue elegido con cuidado. Por ejemplo, la calidad del papel, la maquetaci\u00f3n, las im\u00e1genes y el dise\u00f1o trabajan juntos. Como resultado, el libro se siente como una obra de arte.<\/p><h2 data-section-id=\"1xho4vc\" data-start=\"955\" data-end=\"983\">Una Experiencia de Mesa de Caf\u00e9<\/h2><p data-start=\"985\" data-end=\"1089\">El libro utiliza \u201cpartes\u201d en lugar de cap\u00edtulos tradicionales. Esta elecci\u00f3n crea un flujo de lectura m\u00e1s art\u00edstico. Adem\u00e1s, algunas secciones incluyen patrones decorativos de \u201cA\u201d en honor a Amalia Madri\u00f1an V\u00e1squez. Muchos de estos dise\u00f1os aparecen en azul Tiffany.<\/p><p data-start=\"1234\" data-end=\"1350\">El libro est\u00e1 escrito tanto en ingl\u00e9s como en espa\u00f1ol. Adem\u00e1s, cada p\u00e1gina incluye un sello dorado en la esquina superior derecha.<\/p><p data-start=\"1352\" data-end=\"1530\">Por estos detalles, el libro no solo est\u00e1 hecho para ser le\u00eddo. Al contrario, est\u00e1 hecho para ser exhibido. Queda hermoso en una biblioteca, cocina, sala de estar o la entrada de una oficina.<\/p><h2 data-section-id=\"3rov37\" data-start=\"1532\" data-end=\"1560\">\u00a0<\/h2>\t\t\t\t\t\t\t\t<\/div>\n\t\t\t\t<\/div>\n\t\t\t\t<div class=\"elementor-element elementor-element-ed309b9 elementor-widget elementor-widget-image\" data-id=\"ed309b9\" data-element_type=\"widget\" data-e-type=\"widget\" data-widget_type=\"image.default\">\n\t\t\t\t<div class=\"elementor-widget-container\">\n\t\t\t\t\t\t\t\t\t\t\t\t\t\t\t<img loading=\"lazy\" decoding=\"async\" width=\"831\" height=\"830\" src=\"https:\/\/laamalia1888.com\/wp-content\/uploads\/2024\/06\/Portada-Libro-1-e1717598391919.jpg\" class=\"attachment-full size-full wp-image-3338\" alt=\"\" srcset=\"https:\/\/laamalia1888.com\/wp-content\/uploads\/2024\/06\/Portada-Libro-1-e1717598391919.jpg 831w, https:\/\/laamalia1888.com\/wp-content\/uploads\/2024\/06\/Portada-Libro-1-e1717598391919-300x300.jpg 300w, https:\/\/laamalia1888.com\/wp-content\/uploads\/2024\/06\/Portada-Libro-1-e1717598391919-100x100.jpg 100w, https:\/\/laamalia1888.com\/wp-content\/uploads\/2024\/06\/Portada-Libro-1-e1717598391919-600x599.jpg 600w, https:\/\/laamalia1888.com\/wp-content\/uploads\/2024\/06\/Portada-Libro-1-e1717598391919-150x150.jpg 150w, https:\/\/laamalia1888.com\/wp-content\/uploads\/2024\/06\/Portada-Libro-1-e1717598391919-768x767.jpg 768w, https:\/\/laamalia1888.com\/wp-content\/uploads\/2024\/06\/Portada-Libro-1-e1717598391919-12x12.jpg 12w\" sizes=\"auto, (max-width: 831px) 100vw, 831px\" \/>\t\t\t\t\t\t\t\t\t\t\t\t\t\t\t<\/div>\n\t\t\t\t<\/div>\n\t\t\t\t<div class=\"elementor-element elementor-element-e21c02b elementor-widget elementor-widget-text-editor\" data-id=\"e21c02b\" data-element_type=\"widget\" data-e-type=\"widget\" data-widget_type=\"text-editor.default\">\n\t\t\t\t<div class=\"elementor-widget-container\">\n\t\t\t\t\t\t\t\t\t<h2 data-section-id=\"3rov37\" data-start=\"1532\" data-end=\"1560\">La historia detr\u00e1s del libro<\/h2><p data-start=\"1562\" data-end=\"1711\">La contraportada explica los or\u00edgenes del cultivo de caf\u00e9 en Colombia, Guatemala y el Caribe. Tambi\u00e9n presenta m\u00e9todos b\u00e1sicos de preparaci\u00f3n de caf\u00e9. Durante su investigaci\u00f3n, la autora descubri\u00f3 algo importante. Muchas personas no entienden realmente el caf\u00e9. Por ejemplo, la mayor\u00eda de las personas no saben la diferencia entre Ar\u00e1bica y Robusta. Adem\u00e1s, muchos no est\u00e1n seguros de por qu\u00e9 algunos caf\u00e9s saben suaves mientras que otros saben amargos.<\/p><p data-start=\"1991\" data-end=\"2193\">Por lo tanto, este libro ense\u00f1a los conceptos b\u00e1sicos del caf\u00e9 de forma sencilla. Explica m\u00e9todos de preparaci\u00f3n y t\u00e9cnicas f\u00e1ciles para hacer mejor caf\u00e9 en casa. Como resultado, los lectores no necesitan equipo costoso. El libro tambi\u00e9n incluye recetas tradicionales de reposter\u00eda de la familia del autor. Estas recetas combinan bien con el caf\u00e9 y son f\u00e1ciles de seguir.<\/p><h2 data-section-id=\"14gwnyk\" data-start=\"2332\" data-end=\"2358\">Un comienzo para una serie<\/h2><p data-start=\"2360\" data-end=\"2488\"><em data-start=\"2360\" data-end=\"2380\">Sembrando Las Semillas<\/em> introduce la base de la serie completa. Combina educaci\u00f3n sobre caf\u00e9, historia familiar y narrativa.<\/p><p data-start=\"2490\" data-end=\"2613\">Adem\u00e1s, cada libro que contin\u00fae seguir\u00e1 este viaje. Como resultado, los lectores podr\u00e1n seguir la historia a medida que se desarrolle con el tiempo.<\/p><p data-start=\"2615\" data-end=\"2705\">En definitiva, este libro invita a los lectores a disfrutar juntos del caf\u00e9, la historia y la narraci\u00f3n.<\/p>\t\t\t\t\t\t\t\t<\/div>\n\t\t\t\t<\/div>\n\t\t\t\t<div class=\"elementor-element elementor-element-3d7ad86 elementor-align-center elementor-widget elementor-widget-button\" data-id=\"3d7ad86\" data-element_type=\"widget\" data-e-type=\"widget\" data-widget_type=\"button.default\">\n\t\t\t\t<div class=\"elementor-widget-container\">\n\t\t\t\t\t\t\t\t\t<div class=\"elementor-button-wrapper\">\n\t\t\t\t\t<a class=\"elementor-button elementor-button-link elementor-size-sm\" href=\"https:\/\/laamalia1888.com\/es\/producto\/exquisite-coffee-guide-book\/\">\n\t\t\t\t\t\t<span class=\"elementor-button-content-wrapper\">\n\t\t\t\t\t\t\t\t\t<span class=\"elementor-button-text\">C\u00f3mpralo Ya<\/span>\n\t\t\t\t\t<\/span>\n\t\t\t\t\t<\/a>\n\t\t\t\t<\/div>\n\t\t\t\t\t\t\t\t<\/div>\n\t\t\t\t<\/div>\n\t\t\t\t\t<\/div>\n\t\t<\/div>\n\t\t\t\t\t<\/div>\n\t\t<\/section>\n\t\t\t\t<section class=\"elementor-section elementor-top-section elementor-element elementor-element-beb9ba2 elementor-section-boxed elementor-section-height-default elementor-section-height-default\" data-id=\"beb9ba2\" data-element_type=\"section\" data-e-type=\"section\">\n\t\t\t\t\t\t<div class=\"elementor-container elementor-column-gap-default\">\n\t\t\t\t\t<div class=\"elementor-column elementor-col-100 elementor-top-column elementor-element elementor-element-dd06080\" data-id=\"dd06080\" data-element_type=\"column\" data-e-type=\"column\">\n\t\t\t<div class=\"elementor-widget-wrap elementor-element-populated\">\n\t\t\t\t\t\t\t<\/div>\n\t\t<\/div>\n\t\t\t\t\t<\/div>\n\t\t<\/section>\n\t\t\t\t<\/div>","protected":false},"excerpt":{"rendered":"<p>PLANTING THE SEEDS Book I Planting The Seeds Planting The Seeds Planting The Seeds is the first book in the [&hellip;]<\/p>\n","protected":false},"author":3,"featured_media":3970,"parent":0,"menu_order":0,"comment_status":"closed","ping_status":"closed","template":"elementor_header_footer","meta":{"_acf_changed":false,"nf_dc_page":"","site-sidebar-layout":"no-sidebar","site-content-layout":"page-builder","ast-site-content-layout":"full-width-container","site-content-style":"default","site-sidebar-style":"default","ast-global-header-display":"","ast-banner-title-visibility":"","ast-main-header-display":"","ast-hfb-above-header-display":"","ast-hfb-below-header-display":"","ast-hfb-mobile-header-display":"","site-post-title":"disabled","ast-breadcrumbs-content":"","ast-featured-img":"disabled","footer-sml-layout":"","ast-disable-related-posts":"","theme-transparent-header-meta":"","adv-header-id-meta":"","stick-header-meta":"","header-above-stick-meta":"","header-main-stick-meta":"","header-below-stick-meta":"","astra-migrate-meta-layouts":"set","ast-page-background-enabled":"default","ast-page-background-meta":{"desktop":{"background-color":"var(--ast-global-color-4)","background-image":"","background-repeat":"repeat","background-position":"center center","background-size":"auto","background-attachment":"scroll","background-type":"","background-media":"","overlay-type":"","overlay-color":"","overlay-opacity":"","overlay-gradient":""},"tablet":{"background-color":"","background-image":"","background-repeat":"repeat","background-position":"center center","background-size":"auto","background-attachment":"scroll","background-type":"","background-media":"","overlay-type":"","overlay-color":"","overlay-opacity":"","overlay-gradient":""},"mobile":{"background-color":"","background-image":"","background-repeat":"repeat","background-position":"center center","background-size":"auto","background-attachment":"scroll","background-type":"","background-media":"","overlay-type":"","overlay-color":"","overlay-opacity":"","overlay-gradient":""}},"ast-content-background-meta":{"desktop":{"background-color":"var(--ast-global-color-5)","background-image":"","background-repeat":"repeat","background-position":"center center","background-size":"auto","background-attachment":"scroll","background-type":"","background-media":"","overlay-type":"","overlay-color":"","overlay-opacity":"","overlay-gradient":""},"tablet":{"background-color":"var(--ast-global-color-5)","background-image":"","background-repeat":"repeat","background-position":"center center","background-size":"auto","background-attachment":"scroll","background-type":"","background-media":"","overlay-type":"","overlay-color":"","overlay-opacity":"","overlay-gradient":""},"mobile":{"background-color":"var(--ast-global-color-5)","background-image":"","background-repeat":"repeat","background-position":"center center","background-size":"auto","background-attachment":"scroll","background-type":"","background-media":"","overlay-type":"","overlay-color":"","overlay-opacity":"","overlay-gradient":""}},"footnotes":""},"class_list":["post-1654","page","type-page","status-publish","has-post-thumbnail","hentry"],"acf":[],"yoast_head":"<!-- This site is optimized with the Yoast SEO plugin v27.6 - https:\/\/yoast.com\/product\/yoast-seo-wordpress\/ -->\n<title>Planting The Seeds Book - La Amalia 1888<\/title>\n<meta name=\"description\" content=\"This way, the reader can enjoy a good cup of coffee with a touch of sweetness while they read the rest of the books from the series, which will be coming out soon!\" \/>\n<meta name=\"robots\" content=\"index, follow, max-snippet:-1, max-image-preview:large, max-video-preview:-1\" \/>\n<link rel=\"canonical\" href=\"https:\/\/laamalia1888.com\/es\/book\/\" \/>\n<meta property=\"og:locale\" content=\"es_ES\" \/>\n<meta property=\"og:type\" content=\"article\" \/>\n<meta property=\"og:title\" content=\"Planting The Seeds Book - La Amalia 1888\" \/>\n<meta property=\"og:description\" content=\"This way, the reader can enjoy a good cup of coffee with a touch of sweetness while they read the rest of the books from the series, which will be coming out soon!\" \/>\n<meta property=\"og:url\" content=\"https:\/\/laamalia1888.com\/es\/book\/\" \/>\n<meta property=\"og:site_name\" content=\"La Amalia 1888\" \/>\n<meta property=\"article:modified_time\" content=\"2026-05-08T00:06:52+00:00\" \/>\n<meta property=\"og:image\" content=\"https:\/\/laamalia1888.com\/wp-content\/uploads\/2023\/10\/Libro-Caratula.jpg\" \/>\n\t<meta property=\"og:image:width\" content=\"940\" \/>\n\t<meta property=\"og:image:height\" content=\"788\" \/>\n\t<meta property=\"og:image:type\" content=\"image\/jpeg\" \/>\n<meta name=\"twitter:card\" content=\"summary_large_image\" \/>\n<meta name=\"twitter:label1\" content=\"Tiempo de lectura\" \/>\n\t<meta name=\"twitter:data1\" content=\"3 minutos\" \/>\n<script type=\"application\/ld+json\" class=\"yoast-schema-graph\">{\"@context\":\"https:\\\/\\\/schema.org\",\"@graph\":[{\"@type\":\"WebPage\",\"@id\":\"https:\\\/\\\/laamalia1888.com\\\/book\\\/\",\"url\":\"https:\\\/\\\/laamalia1888.com\\\/book\\\/\",\"name\":\"Planting The Seeds Book - La Amalia 1888\",\"isPartOf\":{\"@id\":\"https:\\\/\\\/laamalia1888.com\\\/#website\"},\"primaryImageOfPage\":{\"@id\":\"https:\\\/\\\/laamalia1888.com\\\/book\\\/#primaryimage\"},\"image\":{\"@id\":\"https:\\\/\\\/laamalia1888.com\\\/book\\\/#primaryimage\"},\"thumbnailUrl\":\"https:\\\/\\\/laamalia1888.com\\\/wp-content\\\/uploads\\\/2023\\\/10\\\/Libro-Caratula.jpg\",\"datePublished\":\"2023-11-10T02:13:25+00:00\",\"dateModified\":\"2026-05-08T00:06:52+00:00\",\"description\":\"This way, the reader can enjoy a good cup of coffee with a touch of sweetness while they read the rest of the books from the series, which will be coming out soon!\",\"breadcrumb\":{\"@id\":\"https:\\\/\\\/laamalia1888.com\\\/book\\\/#breadcrumb\"},\"inLanguage\":\"es-CO\",\"potentialAction\":[{\"@type\":\"ReadAction\",\"target\":[\"https:\\\/\\\/laamalia1888.com\\\/book\\\/\"]}]},{\"@type\":\"ImageObject\",\"inLanguage\":\"es-CO\",\"@id\":\"https:\\\/\\\/laamalia1888.com\\\/book\\\/#primaryimage\",\"url\":\"https:\\\/\\\/laamalia1888.com\\\/wp-content\\\/uploads\\\/2023\\\/10\\\/Libro-Caratula.jpg\",\"contentUrl\":\"https:\\\/\\\/laamalia1888.com\\\/wp-content\\\/uploads\\\/2023\\\/10\\\/Libro-Caratula.jpg\",\"width\":940,\"height\":788,\"caption\":\"Planting The Seeds \u2014 a story of heritage, coffee, and the journey that shaped La Amalia 1888.\"},{\"@type\":\"BreadcrumbList\",\"@id\":\"https:\\\/\\\/laamalia1888.com\\\/book\\\/#breadcrumb\",\"itemListElement\":[{\"@type\":\"ListItem\",\"position\":1,\"name\":\"Home\",\"item\":\"https:\\\/\\\/laamalia1888.com\\\/\"},{\"@type\":\"ListItem\",\"position\":2,\"name\":\"Planting The Seeds Book\"}]},{\"@type\":\"WebSite\",\"@id\":\"https:\\\/\\\/laamalia1888.com\\\/#website\",\"url\":\"https:\\\/\\\/laamalia1888.com\\\/\",\"name\":\"La Amalia 1888 offers Colombian specialty coffee\",\"description\":\"La Amalia 1888 offers Colombian specialty coffee\",\"publisher\":{\"@id\":\"https:\\\/\\\/laamalia1888.com\\\/#organization\"},\"alternateName\":\"Colombian specialty coffee\",\"potentialAction\":[{\"@type\":\"SearchAction\",\"target\":{\"@type\":\"EntryPoint\",\"urlTemplate\":\"https:\\\/\\\/laamalia1888.com\\\/?s={search_term_string}\"},\"query-input\":{\"@type\":\"PropertyValueSpecification\",\"valueRequired\":true,\"valueName\":\"search_term_string\"}}],\"inLanguage\":\"es-CO\"},{\"@type\":\"Organization\",\"@id\":\"https:\\\/\\\/laamalia1888.com\\\/#organization\",\"name\":\"La Amalia 1888 offers Colombian specialty coffee\",\"alternateName\":\"Colombian specialty coffee\",\"url\":\"https:\\\/\\\/laamalia1888.com\\\/\",\"logo\":{\"@type\":\"ImageObject\",\"inLanguage\":\"es-CO\",\"@id\":\"https:\\\/\\\/laamalia1888.com\\\/#\\\/schema\\\/logo\\\/image\\\/\",\"url\":\"https:\\\/\\\/laamalia1888.com\\\/wp-content\\\/uploads\\\/2021\\\/05\\\/cropped-cropped-LOGO-LA-AMALIA-1.png\",\"contentUrl\":\"https:\\\/\\\/laamalia1888.com\\\/wp-content\\\/uploads\\\/2021\\\/05\\\/cropped-cropped-LOGO-LA-AMALIA-1.png\",\"width\":1234,\"height\":254,\"caption\":\"La Amalia 1888 offers Colombian specialty coffee\"},\"image\":{\"@id\":\"https:\\\/\\\/laamalia1888.com\\\/#\\\/schema\\\/logo\\\/image\\\/\"}}]}<\/script>\n<!-- \/ Yoast SEO plugin. -->","yoast_head_json":{"title":"Libro: Plantando las semillas - La Amalia 1888","description":"De esta manera, el lector puede disfrutar de una buena taza de caf\u00e9 con un toque de dulzura mientras se lee el resto de los libros de la serie, que saldr\u00e1n pr\u00f3ximamente!","robots":{"index":"index","follow":"follow","max-snippet":"max-snippet:-1","max-image-preview":"max-image-preview:large","max-video-preview":"max-video-preview:-1"},"canonical":"https:\/\/laamalia1888.com\/es\/book\/","og_locale":"es_ES","og_type":"article","og_title":"Planting The Seeds Book - La Amalia 1888","og_description":"This way, the reader can enjoy a good cup of coffee with a touch of sweetness while they read the rest of the books from the series, which will be coming out soon!","og_url":"https:\/\/laamalia1888.com\/es\/book\/","og_site_name":"La Amalia 1888","article_modified_time":"2026-05-08T00:06:52+00:00","og_image":[{"width":940,"height":788,"url":"https:\/\/laamalia1888.com\/wp-content\/uploads\/2023\/10\/Libro-Caratula.jpg","type":"image\/jpeg"}],"twitter_card":"summary_large_image","twitter_misc":{"Tiempo de lectura":"3 minutos"},"schema":{"@context":"https:\/\/schema.org","@graph":[{"@type":"WebPage","@id":"https:\/\/laamalia1888.com\/book\/","url":"https:\/\/laamalia1888.com\/book\/","name":"Libro: Plantando las semillas - La Amalia 1888","isPartOf":{"@id":"https:\/\/laamalia1888.com\/#website"},"primaryImageOfPage":{"@id":"https:\/\/laamalia1888.com\/book\/#primaryimage"},"image":{"@id":"https:\/\/laamalia1888.com\/book\/#primaryimage"},"thumbnailUrl":"https:\/\/laamalia1888.com\/wp-content\/uploads\/2023\/10\/Libro-Caratula.jpg","datePublished":"2023-11-10T02:13:25+00:00","dateModified":"2026-05-08T00:06:52+00:00","description":"De esta manera, el lector puede disfrutar de una buena taza de caf\u00e9 con un toque de dulzura mientras se lee el resto de los libros de la serie, que saldr\u00e1n pr\u00f3ximamente!","breadcrumb":{"@id":"https:\/\/laamalia1888.com\/book\/#breadcrumb"},"inLanguage":"es-CO","potentialAction":[{"@type":"ReadAction","target":["https:\/\/laamalia1888.com\/book\/"]}]},{"@type":"ImageObject","inLanguage":"es-CO","@id":"https:\/\/laamalia1888.com\/book\/#primaryimage","url":"https:\/\/laamalia1888.com\/wp-content\/uploads\/2023\/10\/Libro-Caratula.jpg","contentUrl":"https:\/\/laamalia1888.com\/wp-content\/uploads\/2023\/10\/Libro-Caratula.jpg","width":940,"height":788,"caption":"Planting The Seeds \u2014 a story of heritage, coffee, and the journey that shaped La Amalia 1888."},{"@type":"BreadcrumbList","@id":"https:\/\/laamalia1888.com\/book\/#breadcrumb","itemListElement":[{"@type":"ListItem","position":1,"name":"Home","item":"https:\/\/laamalia1888.com\/"},{"@type":"ListItem","position":2,"name":"Planting The Seeds Book"}]},{"@type":"WebSite","@id":"https:\/\/laamalia1888.com\/#website","url":"https:\/\/laamalia1888.com\/","name":"La Amalia 1888 ofrece caf\u00e9 especial colombiano","description":"La Amalia 1888 ofrece caf\u00e9 especial colombiano","publisher":{"@id":"https:\/\/laamalia1888.com\/#organization"},"alternateName":"Colombian specialty coffee","potentialAction":[{"@type":"SearchAction","target":{"@type":"EntryPoint","urlTemplate":"https:\/\/laamalia1888.com\/?s={search_term_string}"},"query-input":{"@type":"PropertyValueSpecification","valueRequired":true,"valueName":"search_term_string"}}],"inLanguage":"es-CO"},{"@type":"Organization","@id":"https:\/\/laamalia1888.com\/#organization","name":"La Amalia 1888 ofrece caf\u00e9 especial colombiano","alternateName":"Colombian specialty coffee","url":"https:\/\/laamalia1888.com\/","logo":{"@type":"ImageObject","inLanguage":"es-CO","@id":"https:\/\/laamalia1888.com\/#\/schema\/logo\/image\/","url":"https:\/\/laamalia1888.com\/wp-content\/uploads\/2021\/05\/cropped-cropped-LOGO-LA-AMALIA-1.png","contentUrl":"https:\/\/laamalia1888.com\/wp-content\/uploads\/2021\/05\/cropped-cropped-LOGO-LA-AMALIA-1.png","width":1234,"height":254,"caption":"La Amalia 1888 offers Colombian specialty coffee"},"image":{"@id":"https:\/\/laamalia1888.com\/#\/schema\/logo\/image\/"}}]}},"_links":{"self":[{"href":"https:\/\/laamalia1888.com\/es\/wp-json\/wp\/v2\/pages\/1654","targetHints":{"allow":["GET"]}}],"collection":[{"href":"https:\/\/laamalia1888.com\/es\/wp-json\/wp\/v2\/pages"}],"about":[{"href":"https:\/\/laamalia1888.com\/es\/wp-json\/wp\/v2\/types\/page"}],"author":[{"embeddable":true,"href":"https:\/\/laamalia1888.com\/es\/wp-json\/wp\/v2\/users\/3"}],"replies":[{"embeddable":true,"href":"https:\/\/laamalia1888.com\/es\/wp-json\/wp\/v2\/comments?post=1654"}],"version-history":[{"count":5,"href":"https:\/\/laamalia1888.com\/es\/wp-json\/wp\/v2\/pages\/1654\/revisions"}],"predecessor-version":[{"id":24153,"href":"https:\/\/laamalia1888.com\/es\/wp-json\/wp\/v2\/pages\/1654\/revisions\/24153"}],"wp:featuredmedia":[{"embeddable":true,"href":"https:\/\/laamalia1888.com\/es\/wp-json\/wp\/v2\/media\/3970"}],"wp:attachment":[{"href":"https:\/\/laamalia1888.com\/es\/wp-json\/wp\/v2\/media?parent=1654"}],"curies":[{"name":"wp","href":"https:\/\/api.w.org\/{rel}","templated":true}]}}