{"id":1093,"date":"2025-11-30T19:46:12","date_gmt":"2025-11-30T19:46:12","guid":{"rendered":"https:\/\/laamalia1888.com\/?post_type=product&#038;p=1093"},"modified":"2026-04-23T14:42:24","modified_gmt":"2026-04-23T14:42:24","slug":"villeroy-boch-new-moon-espresso-coffee-cups","status":"publish","type":"product","link":"https:\/\/laamalia1888.com\/es\/producto\/villeroy-boch-new-moon-espresso-coffee-cups\/","title":{"rendered":"Tazas de espresso y caf\u00e9 Villeroy &amp; Boch New Moon"},"content":{"rendered":"<h3 data-section-id=\"1kkej6z\" data-start=\"187\" data-end=\"244\"><span role=\"text\"><strong data-start=\"191\" data-end=\"244\">Tazas de espresso y caf\u00e9 Villeroy &amp; Boch New Moon<\/strong><\/span><\/h3>\n<p data-start=\"246\" data-end=\"441\">Estos <strong data-start=\"252\" data-end=\"280\">tazas de espresso y caf\u00e9<\/strong> de Villeroy &amp; Boch aporta simplicidad refinada a tu ritual de caf\u00e9 diario.<br data-start=\"355\" data-end=\"358\" \/>Ofrecen una forma moderna de disfrutar espresso, capuchino o caf\u00e9 de especialidad en casa.<\/p>\n<p data-start=\"443\" data-end=\"602\">Dise\u00f1amos esto <strong data-start=\"459\" data-end=\"487\">tazas de espresso y caf\u00e9<\/strong> equilibrar la elegancia con la funcionalidad diaria.<br data-start=\"531\" data-end=\"534\" \/>Se adaptan f\u00e1cilmente tanto a ma\u00f1anas relajadas como a ocasiones m\u00e1s formales.<\/p>\n<p data-start=\"604\" data-end=\"840\">Como parte de la colecci\u00f3n Luna Nueva, cada taza presenta un distintivo borde con forma de media luna.<br data-start=\"689\" data-end=\"692\" \/>Este detalle crea una sutil asimetr\u00eda inspirada en la serena belleza de la luna.<br data-start=\"772\" data-end=\"775\" \/>Como resultado, la silueta se siente al mismo tiempo contempor\u00e1nea y atemporal.<\/p>\n<h3 data-section-id=\"yad3e9\" data-start=\"842\" data-end=\"879\"><span role=\"text\"><strong data-start=\"846\" data-end=\"879\">Una Expresi\u00f3n Moderna del Dise\u00f1o<\/strong><\/span><\/h3>\n<p data-start=\"881\" data-end=\"1093\">Elaboramos cada taza con porcelana de alta calidad para una durabilidad duradera.<br data-start=\"950\" data-end=\"953\" \/>La superficie se siente suave, mientras que la estructura se mantiene fuerte y equilibrada.<br data-start=\"1027\" data-end=\"1030\" \/>Por lo tanto, cada pieza mantiene su elegancia a trav\u00e9s del uso diario.<\/p>\n<p data-start=\"1095\" data-end=\"1287\">Las l\u00edneas limpias complementan una amplia gama de decoraciones de mesa.<br data-start=\"1153\" data-end=\"1156\" \/>Tambi\u00e9n realzan la presentaci\u00f3n de tu experiencia de caf\u00e9.<br data-start=\"1217\" data-end=\"1220\" \/>Por ejemplo, a\u00f1aden refinamiento tanto a momentos casuales como formales.<\/p>\n<h3 data-section-id=\"j1og7w\" data-start=\"1289\" data-end=\"1325\"><span role=\"text\"><strong data-start=\"1293\" data-end=\"1325\">Dise\u00f1ado para la vida cotidiana<\/strong><\/span><\/h3>\n<p data-start=\"1327\" data-end=\"1574\">Estas tazas apoyan tanto la belleza como la practicidad en tu rutina.<br data-start=\"1391\" data-end=\"1394\" \/>Puedes colocarlos de forma segura en el lavavajillas despu\u00e9s de usarlos.<br data-start=\"1448\" data-end=\"1451\" \/>Tambi\u00e9n puedes usarlos en el microondas sin preocupaci\u00f3n.<br data-start=\"1506\" data-end=\"1509\" \/>Esta comodidad te permite disfrutar de elegancia sin sacrificar calidad.<\/p>\n<p data-start=\"1576\" data-end=\"1697\">Quedan maravillosamente con los platillos New Moon a juego.<br data-start=\"1633\" data-end=\"1636\" \/>Juntos, crean un ambiente de caf\u00e9 cohesivo y elevado.<\/p>\n<h3 data-section-id=\"1795cjt\" data-start=\"1699\" data-end=\"1735\"><span role=\"text\"><strong data-start=\"1703\" data-end=\"1735\">Una Experiencia de Caf\u00e9 Atemporal<\/strong><\/span><\/h3>\n<p data-start=\"1737\" data-end=\"1963\">Estos <strong data-start=\"1743\" data-end=\"1771\">tazas de espresso y caf\u00e9<\/strong> refleja el arte del dise\u00f1o de Villeroy &amp; Boch.<br data-start=\"1819\" data-end=\"1822\" \/>Tambi\u00e9n se alinean con la filosof\u00eda de herencia y artesan\u00eda de La Amalia 1888.<br data-start=\"1903\" data-end=\"1906\" \/>Juntos, elevan cada momento del caf\u00e9 con intenci\u00f3n.<\/p>\n<p data-start=\"1965\" data-end=\"2183\">Con m\u00e1s de 250 a\u00f1os de artesan\u00eda europea, cada pieza cuenta una historia.<br data-start=\"2042\" data-end=\"2045\" \/>Te invita a bajar el ritmo y apreciar el ritual del caf\u00e9.<br data-start=\"2109\" data-end=\"2112\" \/>Est\u00e1 creado para quienes valoran la calidad, la belleza y el dise\u00f1o atemporal.<\/p>","protected":false},"excerpt":{"rendered":"<h3 data-section-id=\"1kkej6z\" data-start=\"187\" data-end=\"244\"><span role=\"text\"><strong data-start=\"191\" data-end=\"244\">Tazas de espresso y caf\u00e9 Villeroy &amp; Boch New Moon<\/strong><\/span><\/h3>\n<p data-start=\"246\" data-end=\"441\">Estos <strong data-start=\"252\" data-end=\"280\">tazas de espresso y caf\u00e9<\/strong> de Villeroy &amp; Boch aporta simplicidad refinada a tu ritual de caf\u00e9 diario.<br data-start=\"355\" data-end=\"358\" \/>Ofrecen una forma moderna de disfrutar espresso, capuchino o caf\u00e9 de especialidad en casa.<\/p>\n<p data-start=\"443\" data-end=\"602\">Dise\u00f1amos esto <strong data-start=\"459\" data-end=\"487\">tazas de espresso y caf\u00e9<\/strong> equilibrar la elegancia con la funcionalidad diaria.<br data-start=\"531\" data-end=\"534\" \/>Se adaptan f\u00e1cilmente tanto a ma\u00f1anas relajadas como a ocasiones m\u00e1s formales.<\/p>\n<p data-start=\"604\" data-end=\"840\">Como parte de la colecci\u00f3n Luna Nueva, cada taza presenta un distintivo borde con forma de media luna.<br data-start=\"689\" data-end=\"692\" \/>Este detalle crea una sutil asimetr\u00eda inspirada en la serena belleza de la luna.<br data-start=\"772\" data-end=\"775\" \/>Como resultado, la silueta se siente al mismo tiempo contempor\u00e1nea y atemporal.<\/p>\n<h3 data-section-id=\"yad3e9\" data-start=\"842\" data-end=\"879\"><span role=\"text\"><strong data-start=\"846\" data-end=\"879\">Una Expresi\u00f3n Moderna del Dise\u00f1o<\/strong><\/span><\/h3>\n<p data-start=\"881\" data-end=\"1093\">Elaboramos cada taza con porcelana de alta calidad para una durabilidad duradera.<br data-start=\"950\" data-end=\"953\" \/>La superficie se siente suave, mientras que la estructura se mantiene fuerte y equilibrada.<br data-start=\"1027\" data-end=\"1030\" \/>Por lo tanto, cada pieza mantiene su elegancia a trav\u00e9s del uso diario.<\/p>\n<p data-start=\"1095\" data-end=\"1287\">Las l\u00edneas limpias complementan una amplia gama de decoraciones de mesa.<br data-start=\"1153\" data-end=\"1156\" \/>Tambi\u00e9n realzan la presentaci\u00f3n de tu experiencia de caf\u00e9.<br data-start=\"1217\" data-end=\"1220\" \/>Por ejemplo, a\u00f1aden refinamiento tanto a momentos casuales como formales.<\/p>\n<h3 data-section-id=\"j1og7w\" data-start=\"1289\" data-end=\"1325\"><span role=\"text\"><strong data-start=\"1293\" data-end=\"1325\">Dise\u00f1ado para la vida cotidiana<\/strong><\/span><\/h3>\n<p data-start=\"1327\" data-end=\"1574\">Estas tazas apoyan tanto la belleza como la practicidad en tu rutina.<br data-start=\"1391\" data-end=\"1394\" \/>Puedes colocarlos de forma segura en el lavavajillas despu\u00e9s de usarlos.<br data-start=\"1448\" data-end=\"1451\" \/>Tambi\u00e9n puedes usarlos en el microondas sin preocupaci\u00f3n.<br data-start=\"1506\" data-end=\"1509\" \/>Esta comodidad te permite disfrutar de elegancia sin sacrificar calidad.<\/p>\n<p data-start=\"1576\" data-end=\"1697\">Quedan maravillosamente con los platillos New Moon a juego.<br data-start=\"1633\" data-end=\"1636\" \/>Juntos, crean un ambiente de caf\u00e9 cohesivo y elevado.<\/p>\n<h3 data-section-id=\"1795cjt\" data-start=\"1699\" data-end=\"1735\"><span role=\"text\"><strong data-start=\"1703\" data-end=\"1735\">Una Experiencia de Caf\u00e9 Atemporal<\/strong><\/span><\/h3>\n<p data-start=\"1737\" data-end=\"1963\">Estos <strong data-start=\"1743\" data-end=\"1771\">tazas de espresso y caf\u00e9<\/strong> refleja el arte del dise\u00f1o de Villeroy &amp; Boch.<br data-start=\"1819\" data-end=\"1822\" \/>Tambi\u00e9n se alinean con la filosof\u00eda de herencia y artesan\u00eda de La Amalia 1888.<br data-start=\"1903\" data-end=\"1906\" \/>Juntos, elevan cada momento del caf\u00e9 con intenci\u00f3n.<\/p>\n<p data-start=\"1965\" data-end=\"2183\">Con m\u00e1s de 250 a\u00f1os de artesan\u00eda europea, cada pieza cuenta una historia.<br data-start=\"2042\" data-end=\"2045\" \/>Te invita a bajar el ritmo y apreciar el ritual del caf\u00e9.<br data-start=\"2109\" data-end=\"2112\" \/>Est\u00e1 creado para quienes valoran la calidad, la belleza y el dise\u00f1o atemporal.<\/p>","protected":false},"featured_media":3854,"template":"","meta":{"_acf_changed":false,"nf_dc_page":"","site-sidebar-layout":"default","site-content-layout":"page-builder","ast-site-content-layout":"full-width-container","site-content-style":"unboxed","site-sidebar-style":"unboxed","ast-global-header-display":"","ast-banner-title-visibility":"","ast-main-header-display":"","ast-hfb-above-header-display":"","ast-hfb-below-header-display":"","ast-hfb-mobile-header-display":"","site-post-title":"disabled","ast-breadcrumbs-content":"","ast-featured-img":"","footer-sml-layout":"","ast-disable-related-posts":"","theme-transparent-header-meta":"default","adv-header-id-meta":"","stick-header-meta":"","header-above-stick-meta":"","header-main-stick-meta":"","header-below-stick-meta":"","astra-migrate-meta-layouts":"set","ast-page-background-enabled":"default","ast-page-background-meta":{"desktop":{"background-color":"var(--ast-global-color-4)","background-image":"","background-repeat":"repeat","background-position":"center center","background-size":"auto","background-attachment":"scroll","background-type":"","background-media":"","overlay-type":"","overlay-color":"","overlay-opacity":"","overlay-gradient":""},"tablet":{"background-color":"","background-image":"","background-repeat":"repeat","background-position":"center center","background-size":"auto","background-attachment":"scroll","background-type":"","background-media":"","overlay-type":"","overlay-color":"","overlay-opacity":"","overlay-gradient":""},"mobile":{"background-color":"","background-image":"","background-repeat":"repeat","background-position":"center center","background-size":"auto","background-attachment":"scroll","background-type":"","background-media":"","overlay-type":"","overlay-color":"","overlay-opacity":"","overlay-gradient":""}},"ast-content-background-meta":{"desktop":{"background-color":"var(--ast-global-color-5)","background-image":"","background-repeat":"repeat","background-position":"center center","background-size":"auto","background-attachment":"scroll","background-type":"","background-media":"","overlay-type":"","overlay-color":"","overlay-opacity":"","overlay-gradient":""},"tablet":{"background-color":"var(--ast-global-color-5)","background-image":"","background-repeat":"repeat","background-position":"center center","background-size":"auto","background-attachment":"scroll","background-type":"","background-media":"","overlay-type":"","overlay-color":"","overlay-opacity":"","overlay-gradient":""},"mobile":{"background-color":"var(--ast-global-color-5)","background-image":"","background-repeat":"repeat","background-position":"center center","background-size":"auto","background-attachment":"scroll","background-type":"","background-media":"","overlay-type":"","overlay-color":"","overlay-opacity":"","overlay-gradient":""}}},"product_brand":[162],"product_cat":[45],"product_tag":[231,230,233,234,235,232,221,236,229],"class_list":{"0":"post-1093","1":"product","2":"type-product","3":"status-publish","4":"has-post-thumbnail","6":"product_brand-villeroy-boch","7":"product_cat-cups-and-saucers","8":"product_tag-coffee-cup-porcelain","9":"product_tag-espresso-cup-porcelain","10":"product_tag-european-porcelain-coffee-cup","11":"product_tag-luxury-coffee-cup","12":"product_tag-minimalist-espresso-cup","13":"product_tag-modern-espresso-cup","14":"product_tag-new-moon-collection","15":"product_tag-premium-coffee-cup","16":"product_tag-villeroy-boch-cups","17":"desktop-align-left","18":"tablet-align-left","19":"mobile-align-left","21":"first","22":"instock","23":"taxable","24":"shipping-taxable","25":"purchasable","26":"product-type-variable"},"acf":[],"yoast_head":"<!-- This site is optimized with the Yoast SEO plugin v27.6 - https:\/\/yoast.com\/product\/yoast-seo-wordpress\/ -->\n<title>Villeroy &amp; Boch New Moon Espresso and Coffee Cups - La Amalia 1888<\/title>\n<meta name=\"description\" content=\"The Villeroy &amp; Boch New Moon Espresso and Coffee Cups bring a celestial touch to your coffee moments.\" \/>\n<meta name=\"robots\" content=\"index, follow, max-snippet:-1, max-image-preview:large, max-video-preview:-1\" \/>\n<link rel=\"canonical\" href=\"https:\/\/laamalia1888.com\/es\/producto\/villeroy-boch-new-moon-espresso-coffee-cups\/\" \/>\n<meta property=\"og:locale\" content=\"es_ES\" \/>\n<meta property=\"og:type\" content=\"article\" \/>\n<meta property=\"og:title\" content=\"Villeroy &amp; Boch New Moon Espresso and Coffee Cups - La Amalia 1888\" \/>\n<meta property=\"og:description\" content=\"The Villeroy &amp; Boch New Moon Espresso and Coffee Cups bring a celestial touch to your coffee moments.\" \/>\n<meta property=\"og:url\" content=\"https:\/\/laamalia1888.com\/es\/producto\/villeroy-boch-new-moon-espresso-coffee-cups\/\" \/>\n<meta property=\"og:site_name\" content=\"La Amalia 1888\" \/>\n<meta property=\"article:modified_time\" content=\"2026-04-23T14:42:24+00:00\" \/>\n<meta property=\"og:image\" content=\"https:\/\/laamalia1888.com\/wp-content\/uploads\/2021\/10\/Villeroy-Boch-New-Moon-Coffee-Cup-9.75-Oz.jpg\" \/>\n\t<meta property=\"og:image:width\" content=\"940\" \/>\n\t<meta property=\"og:image:height\" content=\"788\" \/>\n\t<meta property=\"og:image:type\" content=\"image\/jpeg\" \/>\n<meta name=\"twitter:card\" content=\"summary_large_image\" \/>\n<meta name=\"twitter:label1\" content=\"Tiempo de lectura\" \/>\n\t<meta name=\"twitter:data1\" content=\"2 minutos\" \/>\n<script type=\"application\/ld+json\" class=\"yoast-schema-graph\">{\"@context\":\"https:\\\/\\\/schema.org\",\"@graph\":[{\"@type\":\"WebPage\",\"@id\":\"https:\\\/\\\/laamalia1888.com\\\/product\\\/villeroy-boch-new-moon-espresso-coffee-cups\\\/\",\"url\":\"https:\\\/\\\/laamalia1888.com\\\/product\\\/villeroy-boch-new-moon-espresso-coffee-cups\\\/\",\"name\":\"Villeroy & Boch New Moon Espresso and Coffee Cups - La Amalia 1888\",\"isPartOf\":{\"@id\":\"https:\\\/\\\/laamalia1888.com\\\/#website\"},\"primaryImageOfPage\":{\"@id\":\"https:\\\/\\\/laamalia1888.com\\\/product\\\/villeroy-boch-new-moon-espresso-coffee-cups\\\/#primaryimage\"},\"image\":{\"@id\":\"https:\\\/\\\/laamalia1888.com\\\/product\\\/villeroy-boch-new-moon-espresso-coffee-cups\\\/#primaryimage\"},\"thumbnailUrl\":\"https:\\\/\\\/laamalia1888.com\\\/wp-content\\\/uploads\\\/2021\\\/10\\\/Villeroy-Boch-New-Moon-Coffee-Cup-9.75-Oz.jpg\",\"datePublished\":\"2025-11-30T19:46:12+00:00\",\"dateModified\":\"2026-04-23T14:42:24+00:00\",\"description\":\"The Villeroy & Boch New Moon Espresso and Coffee Cups bring a celestial touch to your coffee moments.\",\"breadcrumb\":{\"@id\":\"https:\\\/\\\/laamalia1888.com\\\/product\\\/villeroy-boch-new-moon-espresso-coffee-cups\\\/#breadcrumb\"},\"inLanguage\":\"es-CO\",\"potentialAction\":[{\"@type\":\"ReadAction\",\"target\":[\"https:\\\/\\\/laamalia1888.com\\\/product\\\/villeroy-boch-new-moon-espresso-coffee-cups\\\/\"]}]},{\"@type\":\"ImageObject\",\"inLanguage\":\"es-CO\",\"@id\":\"https:\\\/\\\/laamalia1888.com\\\/product\\\/villeroy-boch-new-moon-espresso-coffee-cups\\\/#primaryimage\",\"url\":\"https:\\\/\\\/laamalia1888.com\\\/wp-content\\\/uploads\\\/2021\\\/10\\\/Villeroy-Boch-New-Moon-Coffee-Cup-9.75-Oz.jpg\",\"contentUrl\":\"https:\\\/\\\/laamalia1888.com\\\/wp-content\\\/uploads\\\/2021\\\/10\\\/Villeroy-Boch-New-Moon-Coffee-Cup-9.75-Oz.jpg\",\"width\":940,\"height\":788,\"caption\":\"Espresso and Coffee Cups\"},{\"@type\":\"BreadcrumbList\",\"@id\":\"https:\\\/\\\/laamalia1888.com\\\/product\\\/villeroy-boch-new-moon-espresso-coffee-cups\\\/#breadcrumb\",\"itemListElement\":[{\"@type\":\"ListItem\",\"position\":1,\"name\":\"Home\",\"item\":\"https:\\\/\\\/laamalia1888.com\\\/\"},{\"@type\":\"ListItem\",\"position\":2,\"name\":\"Shop\",\"item\":\"https:\\\/\\\/laamalia1888.com\\\/shop\\\/\"},{\"@type\":\"ListItem\",\"position\":3,\"name\":\"Villeroy &#038; Boch New Moon Espresso and Coffee Cups\"}]},{\"@type\":\"WebSite\",\"@id\":\"https:\\\/\\\/laamalia1888.com\\\/#website\",\"url\":\"https:\\\/\\\/laamalia1888.com\\\/\",\"name\":\"La Amalia 1888 offers Colombian specialty coffee\",\"description\":\"La Amalia 1888 offers Colombian specialty coffee\",\"publisher\":{\"@id\":\"https:\\\/\\\/laamalia1888.com\\\/#organization\"},\"alternateName\":\"Colombian specialty coffee\",\"potentialAction\":[{\"@type\":\"SearchAction\",\"target\":{\"@type\":\"EntryPoint\",\"urlTemplate\":\"https:\\\/\\\/laamalia1888.com\\\/?s={search_term_string}\"},\"query-input\":{\"@type\":\"PropertyValueSpecification\",\"valueRequired\":true,\"valueName\":\"search_term_string\"}}],\"inLanguage\":\"es-CO\"},{\"@type\":\"Organization\",\"@id\":\"https:\\\/\\\/laamalia1888.com\\\/#organization\",\"name\":\"La Amalia 1888 offers Colombian specialty coffee\",\"alternateName\":\"Colombian specialty coffee\",\"url\":\"https:\\\/\\\/laamalia1888.com\\\/\",\"logo\":{\"@type\":\"ImageObject\",\"inLanguage\":\"es-CO\",\"@id\":\"https:\\\/\\\/laamalia1888.com\\\/#\\\/schema\\\/logo\\\/image\\\/\",\"url\":\"https:\\\/\\\/laamalia1888.com\\\/wp-content\\\/uploads\\\/2021\\\/05\\\/cropped-cropped-LOGO-LA-AMALIA-1.png\",\"contentUrl\":\"https:\\\/\\\/laamalia1888.com\\\/wp-content\\\/uploads\\\/2021\\\/05\\\/cropped-cropped-LOGO-LA-AMALIA-1.png\",\"width\":1234,\"height\":254,\"caption\":\"La Amalia 1888 offers Colombian specialty coffee\"},\"image\":{\"@id\":\"https:\\\/\\\/laamalia1888.com\\\/#\\\/schema\\\/logo\\\/image\\\/\"}}]}<\/script>\n<!-- \/ Yoast SEO plugin. -->","yoast_head_json":{"title":"Villeroy & Boch New Moon Espresso and Coffee Cups - La Amalia 1888","description":"The Villeroy & Boch New Moon Espresso and Coffee Cups bring a celestial touch to your coffee moments.","robots":{"index":"index","follow":"follow","max-snippet":"max-snippet:-1","max-image-preview":"max-image-preview:large","max-video-preview":"max-video-preview:-1"},"canonical":"https:\/\/laamalia1888.com\/es\/producto\/villeroy-boch-new-moon-espresso-coffee-cups\/","og_locale":"es_ES","og_type":"article","og_title":"Villeroy & Boch New Moon Espresso and Coffee Cups - La Amalia 1888","og_description":"The Villeroy & Boch New Moon Espresso and Coffee Cups bring a celestial touch to your coffee moments.","og_url":"https:\/\/laamalia1888.com\/es\/producto\/villeroy-boch-new-moon-espresso-coffee-cups\/","og_site_name":"La Amalia 1888","article_modified_time":"2026-04-23T14:42:24+00:00","og_image":[{"width":940,"height":788,"url":"https:\/\/laamalia1888.com\/wp-content\/uploads\/2021\/10\/Villeroy-Boch-New-Moon-Coffee-Cup-9.75-Oz.jpg","type":"image\/jpeg"}],"twitter_card":"summary_large_image","twitter_misc":{"Tiempo de lectura":"2 minutos"},"schema":{"@context":"https:\/\/schema.org","@graph":[{"@type":"WebPage","@id":"https:\/\/laamalia1888.com\/product\/villeroy-boch-new-moon-espresso-coffee-cups\/","url":"https:\/\/laamalia1888.com\/product\/villeroy-boch-new-moon-espresso-coffee-cups\/","name":"Villeroy & Boch New Moon Espresso and Coffee Cups - La Amalia 1888","isPartOf":{"@id":"https:\/\/laamalia1888.com\/#website"},"primaryImageOfPage":{"@id":"https:\/\/laamalia1888.com\/product\/villeroy-boch-new-moon-espresso-coffee-cups\/#primaryimage"},"image":{"@id":"https:\/\/laamalia1888.com\/product\/villeroy-boch-new-moon-espresso-coffee-cups\/#primaryimage"},"thumbnailUrl":"https:\/\/laamalia1888.com\/wp-content\/uploads\/2021\/10\/Villeroy-Boch-New-Moon-Coffee-Cup-9.75-Oz.jpg","datePublished":"2025-11-30T19:46:12+00:00","dateModified":"2026-04-23T14:42:24+00:00","description":"The Villeroy & Boch New Moon Espresso and Coffee Cups bring a celestial touch to your coffee moments.","breadcrumb":{"@id":"https:\/\/laamalia1888.com\/product\/villeroy-boch-new-moon-espresso-coffee-cups\/#breadcrumb"},"inLanguage":"es-CO","potentialAction":[{"@type":"ReadAction","target":["https:\/\/laamalia1888.com\/product\/villeroy-boch-new-moon-espresso-coffee-cups\/"]}]},{"@type":"ImageObject","inLanguage":"es-CO","@id":"https:\/\/laamalia1888.com\/product\/villeroy-boch-new-moon-espresso-coffee-cups\/#primaryimage","url":"https:\/\/laamalia1888.com\/wp-content\/uploads\/2021\/10\/Villeroy-Boch-New-Moon-Coffee-Cup-9.75-Oz.jpg","contentUrl":"https:\/\/laamalia1888.com\/wp-content\/uploads\/2021\/10\/Villeroy-Boch-New-Moon-Coffee-Cup-9.75-Oz.jpg","width":940,"height":788,"caption":"Espresso and Coffee Cups"},{"@type":"BreadcrumbList","@id":"https:\/\/laamalia1888.com\/product\/villeroy-boch-new-moon-espresso-coffee-cups\/#breadcrumb","itemListElement":[{"@type":"ListItem","position":1,"name":"Home","item":"https:\/\/laamalia1888.com\/"},{"@type":"ListItem","position":2,"name":"Shop","item":"https:\/\/laamalia1888.com\/shop\/"},{"@type":"ListItem","position":3,"name":"Villeroy &#038; Boch New Moon Espresso and Coffee Cups"}]},{"@type":"WebSite","@id":"https:\/\/laamalia1888.com\/#website","url":"https:\/\/laamalia1888.com\/","name":"La Amalia 1888 ofrece caf\u00e9 especial colombiano","description":"La Amalia 1888 ofrece caf\u00e9 especial colombiano","publisher":{"@id":"https:\/\/laamalia1888.com\/#organization"},"alternateName":"Colombian specialty coffee","potentialAction":[{"@type":"SearchAction","target":{"@type":"EntryPoint","urlTemplate":"https:\/\/laamalia1888.com\/?s={search_term_string}"},"query-input":{"@type":"PropertyValueSpecification","valueRequired":true,"valueName":"search_term_string"}}],"inLanguage":"es-CO"},{"@type":"Organization","@id":"https:\/\/laamalia1888.com\/#organization","name":"La Amalia 1888 ofrece caf\u00e9 especial colombiano","alternateName":"Colombian specialty coffee","url":"https:\/\/laamalia1888.com\/","logo":{"@type":"ImageObject","inLanguage":"es-CO","@id":"https:\/\/laamalia1888.com\/#\/schema\/logo\/image\/","url":"https:\/\/laamalia1888.com\/wp-content\/uploads\/2021\/05\/cropped-cropped-LOGO-LA-AMALIA-1.png","contentUrl":"https:\/\/laamalia1888.com\/wp-content\/uploads\/2021\/05\/cropped-cropped-LOGO-LA-AMALIA-1.png","width":1234,"height":254,"caption":"La Amalia 1888 offers Colombian specialty coffee"},"image":{"@id":"https:\/\/laamalia1888.com\/#\/schema\/logo\/image\/"}}]}},"_links":{"self":[{"href":"https:\/\/laamalia1888.com\/es\/wp-json\/wp\/v2\/product\/1093","targetHints":{"allow":["GET"]}}],"collection":[{"href":"https:\/\/laamalia1888.com\/es\/wp-json\/wp\/v2\/product"}],"about":[{"href":"https:\/\/laamalia1888.com\/es\/wp-json\/wp\/v2\/types\/product"}],"wp:featuredmedia":[{"embeddable":true,"href":"https:\/\/laamalia1888.com\/es\/wp-json\/wp\/v2\/media\/3854"}],"wp:attachment":[{"href":"https:\/\/laamalia1888.com\/es\/wp-json\/wp\/v2\/media?parent=1093"}],"wp:term":[{"taxonomy":"product_brand","embeddable":true,"href":"https:\/\/laamalia1888.com\/es\/wp-json\/wp\/v2\/product_brand?post=1093"},{"taxonomy":"product_cat","embeddable":true,"href":"https:\/\/laamalia1888.com\/es\/wp-json\/wp\/v2\/product_cat?post=1093"},{"taxonomy":"product_tag","embeddable":true,"href":"https:\/\/laamalia1888.com\/es\/wp-json\/wp\/v2\/product_tag?post=1093"}],"curies":[{"name":"wp","href":"https:\/\/api.w.org\/{rel}","templated":true}]}}