{"id":1101,"date":"2025-11-29T01:00:03","date_gmt":"2025-11-29T01:00:03","guid":{"rendered":"https:\/\/laamalia1888.com\/?post_type=product&#038;p=1101"},"modified":"2026-03-25T18:31:35","modified_gmt":"2026-03-25T18:31:35","slug":"latte-macchiato-glass","status":"publish","type":"product","link":"https:\/\/laamalia1888.com\/es\/producto\/latte-macchiato-glass\/","title":{"rendered":"Vaso para Caff\u00e9 Latte Macchiato New Wave de Villeroy &amp; Boch"},"content":{"rendered":"<p data-start=\"289\" data-end=\"655\">Eleva tu ritual de caf\u00e9 con el <strong data-start=\"325\" data-end=\"366\">Vaso de Vidrio para Latte Macchiato Villeroy &amp; Boch<\/strong> de la reconocida <strong data-start=\"385\" data-end=\"408\">Colecci\u00f3n New Wave<\/strong>. Fabricado en Europa con m\u00e1s de 250 a\u00f1os de excelencia en dise\u00f1o, este ic\u00f3nico vaso combina elegancia atemporal y comodidad pr\u00e1ctica. Su distintiva empu\u00f1adura curva en forma de S se adapta perfectamente a tu mano, haciendo que cada sorbo sea placentero y con estilo.<\/p>\n<p data-start=\"657\" data-end=\"1048\">Hecho de <strong data-start=\"667\" data-end=\"705\">vidrio templado de alta calidad y transparente<\/strong>, luce maravillosamente las texturas en capas de lattes, macchiatos y bebidas de caf\u00e9 especial. Alto y refinado, acomoda porciones est\u00e1ndar de latte y cabe debajo de la mayor\u00eda de las m\u00e1quinas de espresso o Nespresso. A pesar de su delicada apariencia, es lo suficientemente resistente para el uso diario y apto para lavavajillas, combinando lujo y conveniencia.<\/p>\n<p data-start=\"1050\" data-end=\"1200\">Aporta un toque de <strong data-start=\"1067\" data-end=\"1094\">Sofisticaci\u00f3n europea<\/strong> a tu experiencia de caf\u00e9 \u2014 perfecto para el hogar, para regalar o para cualquiera que aprecie el arte en cada sorbo.<\/p>\n<h3 data-path-to-node=\"5\"><b data-path-to-node=\"5\" data-index-in-node=\"0\">Caracter\u00edsticas del producto:<\/b><\/h3>\n<ul data-path-to-node=\"6\">\n<li>\n<p data-path-to-node=\"6,0,0\"><b data-path-to-node=\"6,0,0\" data-index-in-node=\"0\">Silueta \u00fanica<\/b> Presenta el famoso mango con dise\u00f1o de ola que gan\u00f3 el premio \u201cF\u00e1brica de Tendencias\u201d.<\/p>\n<\/li>\n<li>\n<p data-path-to-node=\"6,1,0\"><b data-path-to-node=\"6,1,0\" data-index-in-node=\"0\">Claridad cristalina<\/b> Vidrio templado de alta calidad que exhibe las capas y la espuma de tu caf\u00e9.<\/p>\n<\/li>\n<li>\n<p data-path-to-node=\"6,2,0\"><b data-path-to-node=\"6,2,0\" data-index-in-node=\"0\">Tama\u00f1o perfecto<\/b> Lo suficientemente alta para porciones de latte est\u00e1ndar y cabe debajo de la mayor\u00eda de las m\u00e1quinas de espresso\/Nespresso premium.<\/p>\n<\/li>\n<li>\n<p data-path-to-node=\"6,3,0\"><b data-path-to-node=\"6,3,0\" data-index-in-node=\"0\">Durabilidad<\/b> Aunque parece delicado y art\u00edstico, es lo suficientemente resistente para el uso diario.<\/p>\n<\/li>\n<li>\n<p data-path-to-node=\"6,4,0\"><b data-path-to-node=\"6,4,0\" data-index-in-node=\"0\">Cuidado f\u00e1cil<\/b> Apto para lavavajillas.<\/p>\n<\/li>\n<\/ul>\n<p>La Amalia 1888 y Villeroy &amp; Boch, una combinaci\u00f3n perfecta de caf\u00e9 y dise\u00f1o, cada una con m\u00e1s de 200 a\u00f1os de tradici\u00f3n y elaborada para quienes no aceptan nada que no sea lo mejor.<\/p>\n<h3 data-path-to-node=\"7\"><\/h3>","protected":false},"excerpt":{"rendered":"<p data-start=\"289\" data-end=\"655\">Eleva tu ritual de caf\u00e9 con el <strong data-start=\"325\" data-end=\"366\">Vaso de Vidrio para Latte Macchiato Villeroy &amp; Boch<\/strong> de la reconocida <strong data-start=\"385\" data-end=\"408\">Colecci\u00f3n New Wave<\/strong>. Fabricado en Europa con m\u00e1s de 250 a\u00f1os de excelencia en dise\u00f1o, este ic\u00f3nico vaso combina elegancia atemporal y comodidad pr\u00e1ctica. Su distintiva empu\u00f1adura curva en forma de S se adapta perfectamente a tu mano, haciendo que cada sorbo sea placentero y con estilo.<\/p>\n<p data-start=\"657\" data-end=\"1048\">Hecho de <strong data-start=\"667\" data-end=\"705\">vidrio templado de alta calidad y transparente<\/strong>, luce maravillosamente las texturas en capas de lattes, macchiatos y bebidas de caf\u00e9 especial. Alto y refinado, acomoda porciones est\u00e1ndar de latte y cabe debajo de la mayor\u00eda de las m\u00e1quinas de espresso o Nespresso. A pesar de su delicada apariencia, es lo suficientemente resistente para el uso diario y apto para lavavajillas, combinando lujo y conveniencia.<\/p>\n<p data-start=\"1050\" data-end=\"1200\">Aporta un toque de <strong data-start=\"1067\" data-end=\"1094\">Sofisticaci\u00f3n europea<\/strong> a tu experiencia de caf\u00e9 \u2014 perfecto para el hogar, para regalar o para cualquiera que aprecie el arte en cada sorbo.<\/p>\n<h3 data-path-to-node=\"5\"><b data-path-to-node=\"5\" data-index-in-node=\"0\">Caracter\u00edsticas del producto:<\/b><\/h3>\n<ul data-path-to-node=\"6\">\n<li>\n<p data-path-to-node=\"6,0,0\"><b data-path-to-node=\"6,0,0\" data-index-in-node=\"0\">Silueta \u00fanica<\/b> Presenta el famoso mango con dise\u00f1o de ola que gan\u00f3 el premio \u201cF\u00e1brica de Tendencias\u201d.<\/p>\n<\/li>\n<li>\n<p data-path-to-node=\"6,1,0\"><b data-path-to-node=\"6,1,0\" data-index-in-node=\"0\">Claridad cristalina<\/b> Vidrio templado de alta calidad que exhibe las capas y la espuma de tu caf\u00e9.<\/p>\n<\/li>\n<li>\n<p data-path-to-node=\"6,2,0\"><b data-path-to-node=\"6,2,0\" data-index-in-node=\"0\">Tama\u00f1o perfecto<\/b> Lo suficientemente alta para porciones de latte est\u00e1ndar y cabe debajo de la mayor\u00eda de las m\u00e1quinas de espresso\/Nespresso premium.<\/p>\n<\/li>\n<li>\n<p data-path-to-node=\"6,3,0\"><b data-path-to-node=\"6,3,0\" data-index-in-node=\"0\">Durabilidad<\/b> Aunque parece delicado y art\u00edstico, es lo suficientemente resistente para el uso diario.<\/p>\n<\/li>\n<li>\n<p data-path-to-node=\"6,4,0\"><b data-path-to-node=\"6,4,0\" data-index-in-node=\"0\">Cuidado f\u00e1cil<\/b> Apto para lavavajillas.<\/p>\n<\/li>\n<\/ul>\n<p>La Amalia 1888 y Villeroy &amp; Boch, una combinaci\u00f3n perfecta de caf\u00e9 y dise\u00f1o, cada una con m\u00e1s de 200 a\u00f1os de tradici\u00f3n y elaborada para quienes no aceptan nada que no sea lo mejor.<\/p>\n<h3 data-path-to-node=\"7\"><\/h3>","protected":false},"featured_media":3856,"template":"","meta":{"_acf_changed":false,"nf_dc_page":"","site-sidebar-layout":"default","site-content-layout":"page-builder","ast-site-content-layout":"full-width-container","site-content-style":"unboxed","site-sidebar-style":"unboxed","ast-global-header-display":"","ast-banner-title-visibility":"","ast-main-header-display":"","ast-hfb-above-header-display":"","ast-hfb-below-header-display":"","ast-hfb-mobile-header-display":"","site-post-title":"disabled","ast-breadcrumbs-content":"","ast-featured-img":"","footer-sml-layout":"","ast-disable-related-posts":"","theme-transparent-header-meta":"default","adv-header-id-meta":"","stick-header-meta":"","header-above-stick-meta":"","header-main-stick-meta":"","header-below-stick-meta":"","astra-migrate-meta-layouts":"set","ast-page-background-enabled":"default","ast-page-background-meta":{"desktop":{"background-color":"var(--ast-global-color-4)","background-image":"","background-repeat":"repeat","background-position":"center center","background-size":"auto","background-attachment":"scroll","background-type":"","background-media":"","overlay-type":"","overlay-color":"","overlay-opacity":"","overlay-gradient":""},"tablet":{"background-color":"","background-image":"","background-repeat":"repeat","background-position":"center center","background-size":"auto","background-attachment":"scroll","background-type":"","background-media":"","overlay-type":"","overlay-color":"","overlay-opacity":"","overlay-gradient":""},"mobile":{"background-color":"","background-image":"","background-repeat":"repeat","background-position":"center center","background-size":"auto","background-attachment":"scroll","background-type":"","background-media":"","overlay-type":"","overlay-color":"","overlay-opacity":"","overlay-gradient":""}},"ast-content-background-meta":{"desktop":{"background-color":"var(--ast-global-color-5)","background-image":"","background-repeat":"repeat","background-position":"center center","background-size":"auto","background-attachment":"scroll","background-type":"","background-media":"","overlay-type":"","overlay-color":"","overlay-opacity":"","overlay-gradient":""},"tablet":{"background-color":"var(--ast-global-color-5)","background-image":"","background-repeat":"repeat","background-position":"center center","background-size":"auto","background-attachment":"scroll","background-type":"","background-media":"","overlay-type":"","overlay-color":"","overlay-opacity":"","overlay-gradient":""},"mobile":{"background-color":"var(--ast-global-color-5)","background-image":"","background-repeat":"repeat","background-position":"center center","background-size":"auto","background-attachment":"scroll","background-type":"","background-media":"","overlay-type":"","overlay-color":"","overlay-opacity":"","overlay-gradient":""}}},"product_brand":[162],"product_cat":[46],"product_tag":[172,168,165,167,171,164,166,170,169,117,115,163],"class_list":{"0":"post-1101","1":"product","2":"type-product","3":"status-publish","4":"has-post-thumbnail","6":"product_brand-villeroy-boch","7":"product_cat-glasses","8":"product_tag-barista-quality-glass","9":"product_tag-european-coffee-glass","10":"product_tag-glass-for-latte-macchiato","11":"product_tag-latte-glass","12":"product_tag-luxury-coffee-glass","13":"product_tag-new-wave-collection","14":"product_tag-specialty-coffee-glass","15":"product_tag-stylish-latte-macchiato-glass","16":"product_tag-tempered-glass-coffee-cup","17":"product_tag-vb-new-wave","18":"product_tag-villeroy-boch","19":"product_tag-villeroy-boch-latte-macchiato-glass","20":"desktop-align-left","21":"tablet-align-left","22":"mobile-align-left","24":"first","25":"instock","26":"taxable","27":"shipping-taxable","28":"purchasable","29":"product-type-simple"},"acf":[],"yoast_head":"<!-- This site is optimized with the Yoast SEO plugin v27.6 - https:\/\/yoast.com\/product\/yoast-seo-wordpress\/ -->\n<title>Villeroy &amp; Boch New Wave Caff\u00e9 Latte Macchiato Glass - La Amalia 1888<\/title>\n<meta name=\"description\" content=\"The Villeroy &amp; Boch Caff\u00e9 Latte Macchiato Glass combines modern style with chic elegance, crafted from the finest materials.\" \/>\n<meta name=\"robots\" content=\"index, follow, max-snippet:-1, max-image-preview:large, max-video-preview:-1\" \/>\n<link rel=\"canonical\" href=\"https:\/\/laamalia1888.com\/es\/producto\/latte-macchiato-glass\/\" \/>\n<meta property=\"og:locale\" content=\"es_ES\" \/>\n<meta property=\"og:type\" content=\"article\" \/>\n<meta property=\"og:title\" content=\"Villeroy &amp; Boch New Wave Caff\u00e9 Latte Macchiato Glass - La Amalia 1888\" \/>\n<meta property=\"og:description\" content=\"The Villeroy &amp; Boch Caff\u00e9 Latte Macchiato Glass combines modern style with chic elegance, crafted from the finest materials.\" \/>\n<meta property=\"og:url\" content=\"https:\/\/laamalia1888.com\/es\/producto\/latte-macchiato-glass\/\" \/>\n<meta property=\"og:site_name\" content=\"La Amalia 1888\" \/>\n<meta property=\"article:modified_time\" content=\"2026-03-25T18:31:35+00:00\" \/>\n<meta property=\"og:image\" content=\"https:\/\/laamalia1888.com\/wp-content\/uploads\/2021\/08\/Villeroy-Boch-New-Wave-Caffe.jpg\" \/>\n\t<meta property=\"og:image:width\" content=\"940\" \/>\n\t<meta property=\"og:image:height\" content=\"788\" \/>\n\t<meta property=\"og:image:type\" content=\"image\/jpeg\" \/>\n<meta name=\"twitter:card\" content=\"summary_large_image\" \/>\n<meta name=\"twitter:label1\" content=\"Tiempo de lectura\" \/>\n\t<meta name=\"twitter:data1\" content=\"2 minutos\" \/>\n<script type=\"application\/ld+json\" class=\"yoast-schema-graph\">{\"@context\":\"https:\\\/\\\/schema.org\",\"@graph\":[{\"@type\":\"WebPage\",\"@id\":\"https:\\\/\\\/laamalia1888.com\\\/product\\\/latte-macchiato-glass\\\/\",\"url\":\"https:\\\/\\\/laamalia1888.com\\\/product\\\/latte-macchiato-glass\\\/\",\"name\":\"Villeroy & Boch New Wave Caff\u00e9 Latte Macchiato Glass - La Amalia 1888\",\"isPartOf\":{\"@id\":\"https:\\\/\\\/laamalia1888.com\\\/#website\"},\"primaryImageOfPage\":{\"@id\":\"https:\\\/\\\/laamalia1888.com\\\/product\\\/latte-macchiato-glass\\\/#primaryimage\"},\"image\":{\"@id\":\"https:\\\/\\\/laamalia1888.com\\\/product\\\/latte-macchiato-glass\\\/#primaryimage\"},\"thumbnailUrl\":\"https:\\\/\\\/laamalia1888.com\\\/wp-content\\\/uploads\\\/2021\\\/08\\\/Villeroy-Boch-New-Wave-Caffe.jpg\",\"datePublished\":\"2025-11-29T01:00:03+00:00\",\"dateModified\":\"2026-03-25T18:31:35+00:00\",\"description\":\"The Villeroy & Boch Caff\u00e9 Latte Macchiato Glass combines modern style with chic elegance, crafted from the finest materials.\",\"breadcrumb\":{\"@id\":\"https:\\\/\\\/laamalia1888.com\\\/product\\\/latte-macchiato-glass\\\/#breadcrumb\"},\"inLanguage\":\"es-CO\",\"potentialAction\":[{\"@type\":\"ReadAction\",\"target\":[\"https:\\\/\\\/laamalia1888.com\\\/product\\\/latte-macchiato-glass\\\/\"]}]},{\"@type\":\"ImageObject\",\"inLanguage\":\"es-CO\",\"@id\":\"https:\\\/\\\/laamalia1888.com\\\/product\\\/latte-macchiato-glass\\\/#primaryimage\",\"url\":\"https:\\\/\\\/laamalia1888.com\\\/wp-content\\\/uploads\\\/2021\\\/08\\\/Villeroy-Boch-New-Wave-Caffe.jpg\",\"contentUrl\":\"https:\\\/\\\/laamalia1888.com\\\/wp-content\\\/uploads\\\/2021\\\/08\\\/Villeroy-Boch-New-Wave-Caffe.jpg\",\"width\":940,\"height\":788,\"caption\":\"Pure design that elevates every coffee moment\"},{\"@type\":\"BreadcrumbList\",\"@id\":\"https:\\\/\\\/laamalia1888.com\\\/product\\\/latte-macchiato-glass\\\/#breadcrumb\",\"itemListElement\":[{\"@type\":\"ListItem\",\"position\":1,\"name\":\"Home\",\"item\":\"https:\\\/\\\/laamalia1888.com\\\/\"},{\"@type\":\"ListItem\",\"position\":2,\"name\":\"Shop\",\"item\":\"https:\\\/\\\/laamalia1888.com\\\/shop\\\/\"},{\"@type\":\"ListItem\",\"position\":3,\"name\":\"Villeroy &#038; Boch New Wave Caff\u00e9 Latte Macchiato Glass\"}]},{\"@type\":\"WebSite\",\"@id\":\"https:\\\/\\\/laamalia1888.com\\\/#website\",\"url\":\"https:\\\/\\\/laamalia1888.com\\\/\",\"name\":\"La Amalia 1888 offers Colombian specialty coffee\",\"description\":\"La Amalia 1888 offers Colombian specialty coffee\",\"publisher\":{\"@id\":\"https:\\\/\\\/laamalia1888.com\\\/#organization\"},\"alternateName\":\"Colombian specialty coffee\",\"potentialAction\":[{\"@type\":\"SearchAction\",\"target\":{\"@type\":\"EntryPoint\",\"urlTemplate\":\"https:\\\/\\\/laamalia1888.com\\\/?s={search_term_string}\"},\"query-input\":{\"@type\":\"PropertyValueSpecification\",\"valueRequired\":true,\"valueName\":\"search_term_string\"}}],\"inLanguage\":\"es-CO\"},{\"@type\":\"Organization\",\"@id\":\"https:\\\/\\\/laamalia1888.com\\\/#organization\",\"name\":\"La Amalia 1888 offers Colombian specialty coffee\",\"alternateName\":\"Colombian specialty coffee\",\"url\":\"https:\\\/\\\/laamalia1888.com\\\/\",\"logo\":{\"@type\":\"ImageObject\",\"inLanguage\":\"es-CO\",\"@id\":\"https:\\\/\\\/laamalia1888.com\\\/#\\\/schema\\\/logo\\\/image\\\/\",\"url\":\"https:\\\/\\\/laamalia1888.com\\\/wp-content\\\/uploads\\\/2021\\\/05\\\/cropped-cropped-LOGO-LA-AMALIA-1.png\",\"contentUrl\":\"https:\\\/\\\/laamalia1888.com\\\/wp-content\\\/uploads\\\/2021\\\/05\\\/cropped-cropped-LOGO-LA-AMALIA-1.png\",\"width\":1234,\"height\":254,\"caption\":\"La Amalia 1888 offers Colombian specialty coffee\"},\"image\":{\"@id\":\"https:\\\/\\\/laamalia1888.com\\\/#\\\/schema\\\/logo\\\/image\\\/\"}}]}<\/script>\n<!-- \/ Yoast SEO plugin. -->","yoast_head_json":{"title":"Villeroy & Boch New Wave Caff\u00e9 Latte Macchiato Glass - La Amalia 1888","description":"The Villeroy & Boch Caff\u00e9 Latte Macchiato Glass combines modern style with chic elegance, crafted from the finest materials.","robots":{"index":"index","follow":"follow","max-snippet":"max-snippet:-1","max-image-preview":"max-image-preview:large","max-video-preview":"max-video-preview:-1"},"canonical":"https:\/\/laamalia1888.com\/es\/producto\/latte-macchiato-glass\/","og_locale":"es_ES","og_type":"article","og_title":"Villeroy & Boch New Wave Caff\u00e9 Latte Macchiato Glass - La Amalia 1888","og_description":"The Villeroy & Boch Caff\u00e9 Latte Macchiato Glass combines modern style with chic elegance, crafted from the finest materials.","og_url":"https:\/\/laamalia1888.com\/es\/producto\/latte-macchiato-glass\/","og_site_name":"La Amalia 1888","article_modified_time":"2026-03-25T18:31:35+00:00","og_image":[{"width":940,"height":788,"url":"https:\/\/laamalia1888.com\/wp-content\/uploads\/2021\/08\/Villeroy-Boch-New-Wave-Caffe.jpg","type":"image\/jpeg"}],"twitter_card":"summary_large_image","twitter_misc":{"Tiempo de lectura":"2 minutos"},"schema":{"@context":"https:\/\/schema.org","@graph":[{"@type":"WebPage","@id":"https:\/\/laamalia1888.com\/product\/latte-macchiato-glass\/","url":"https:\/\/laamalia1888.com\/product\/latte-macchiato-glass\/","name":"Villeroy & Boch New Wave Caff\u00e9 Latte Macchiato Glass - La Amalia 1888","isPartOf":{"@id":"https:\/\/laamalia1888.com\/#website"},"primaryImageOfPage":{"@id":"https:\/\/laamalia1888.com\/product\/latte-macchiato-glass\/#primaryimage"},"image":{"@id":"https:\/\/laamalia1888.com\/product\/latte-macchiato-glass\/#primaryimage"},"thumbnailUrl":"https:\/\/laamalia1888.com\/wp-content\/uploads\/2021\/08\/Villeroy-Boch-New-Wave-Caffe.jpg","datePublished":"2025-11-29T01:00:03+00:00","dateModified":"2026-03-25T18:31:35+00:00","description":"The Villeroy & Boch Caff\u00e9 Latte Macchiato Glass combines modern style with chic elegance, crafted from the finest materials.","breadcrumb":{"@id":"https:\/\/laamalia1888.com\/product\/latte-macchiato-glass\/#breadcrumb"},"inLanguage":"es-CO","potentialAction":[{"@type":"ReadAction","target":["https:\/\/laamalia1888.com\/product\/latte-macchiato-glass\/"]}]},{"@type":"ImageObject","inLanguage":"es-CO","@id":"https:\/\/laamalia1888.com\/product\/latte-macchiato-glass\/#primaryimage","url":"https:\/\/laamalia1888.com\/wp-content\/uploads\/2021\/08\/Villeroy-Boch-New-Wave-Caffe.jpg","contentUrl":"https:\/\/laamalia1888.com\/wp-content\/uploads\/2021\/08\/Villeroy-Boch-New-Wave-Caffe.jpg","width":940,"height":788,"caption":"Pure design that elevates every coffee moment"},{"@type":"BreadcrumbList","@id":"https:\/\/laamalia1888.com\/product\/latte-macchiato-glass\/#breadcrumb","itemListElement":[{"@type":"ListItem","position":1,"name":"Home","item":"https:\/\/laamalia1888.com\/"},{"@type":"ListItem","position":2,"name":"Shop","item":"https:\/\/laamalia1888.com\/shop\/"},{"@type":"ListItem","position":3,"name":"Villeroy &#038; Boch New Wave Caff\u00e9 Latte Macchiato Glass"}]},{"@type":"WebSite","@id":"https:\/\/laamalia1888.com\/#website","url":"https:\/\/laamalia1888.com\/","name":"La Amalia 1888 ofrece caf\u00e9 especial colombiano","description":"La Amalia 1888 ofrece caf\u00e9 especial colombiano","publisher":{"@id":"https:\/\/laamalia1888.com\/#organization"},"alternateName":"Colombian specialty coffee","potentialAction":[{"@type":"SearchAction","target":{"@type":"EntryPoint","urlTemplate":"https:\/\/laamalia1888.com\/?s={search_term_string}"},"query-input":{"@type":"PropertyValueSpecification","valueRequired":true,"valueName":"search_term_string"}}],"inLanguage":"es-CO"},{"@type":"Organization","@id":"https:\/\/laamalia1888.com\/#organization","name":"La Amalia 1888 ofrece caf\u00e9 especial colombiano","alternateName":"Colombian specialty coffee","url":"https:\/\/laamalia1888.com\/","logo":{"@type":"ImageObject","inLanguage":"es-CO","@id":"https:\/\/laamalia1888.com\/#\/schema\/logo\/image\/","url":"https:\/\/laamalia1888.com\/wp-content\/uploads\/2021\/05\/cropped-cropped-LOGO-LA-AMALIA-1.png","contentUrl":"https:\/\/laamalia1888.com\/wp-content\/uploads\/2021\/05\/cropped-cropped-LOGO-LA-AMALIA-1.png","width":1234,"height":254,"caption":"La Amalia 1888 offers Colombian specialty coffee"},"image":{"@id":"https:\/\/laamalia1888.com\/#\/schema\/logo\/image\/"}}]}},"_links":{"self":[{"href":"https:\/\/laamalia1888.com\/es\/wp-json\/wp\/v2\/product\/1101","targetHints":{"allow":["GET"]}}],"collection":[{"href":"https:\/\/laamalia1888.com\/es\/wp-json\/wp\/v2\/product"}],"about":[{"href":"https:\/\/laamalia1888.com\/es\/wp-json\/wp\/v2\/types\/product"}],"wp:featuredmedia":[{"embeddable":true,"href":"https:\/\/laamalia1888.com\/es\/wp-json\/wp\/v2\/media\/3856"}],"wp:attachment":[{"href":"https:\/\/laamalia1888.com\/es\/wp-json\/wp\/v2\/media?parent=1101"}],"wp:term":[{"taxonomy":"product_brand","embeddable":true,"href":"https:\/\/laamalia1888.com\/es\/wp-json\/wp\/v2\/product_brand?post=1101"},{"taxonomy":"product_cat","embeddable":true,"href":"https:\/\/laamalia1888.com\/es\/wp-json\/wp\/v2\/product_cat?post=1101"},{"taxonomy":"product_tag","embeddable":true,"href":"https:\/\/laamalia1888.com\/es\/wp-json\/wp\/v2\/product_tag?post=1101"}],"curies":[{"name":"wp","href":"https:\/\/api.w.org\/{rel}","templated":true}]}}