{"id":1122,"date":"2021-08-30T23:43:42","date_gmt":"2021-08-30T23:43:42","guid":{"rendered":"https:\/\/laamalia1888.com\/?post_type=product&#038;p=1122"},"modified":"2025-12-03T17:50:42","modified_gmt":"2025-12-03T17:50:42","slug":"french-press-vintage-style","status":"publish","type":"product","link":"https:\/\/laamalia1888.com\/es\/producto\/french-press-vintage-style\/","title":{"rendered":"Prensa Francesa La Amalia 1888 Estilo Contempor\u00e1neo 20 y 33 oz."},"content":{"rendered":"<p>Utilizamos el servicio de UPS Ground con tarifa plana de US$10 a cualquier parte de Estados Unidos y gratis para compras mayores de US$50.<\/p>","protected":false},"excerpt":{"rendered":"<p>Prepara el mejor caf\u00e9 en casa con una prensa francesa.  El caf\u00e9 hecho en una prensa francesa tiene un sabor \u00fanico ya que te permite saborear y disfrutar de los aceites naturales del caf\u00e9. La proporci\u00f3n ideal es 2 cucharadas de caf\u00e9 por  3\/4 de tazas de agua hirviendo. D\u00e9jalo reposar durante 4 minutos antes de sumergirlo. Convierte esos 4 minutos en tus minutos. \u00a1Ded\u00edcalos a ti! Sirve el caf\u00e9 y disfruta del fabuloso sabor y aroma.  Fabricada con acero inoxidable, vidrio de borosilicato resistente al calor y polipropileno sin BPA. Elegante y hermosa, perfecta para 2 \u00f3 4 tazas de caf\u00e9.  Tambi\u00e9n puede ser utilizada para hacer caf\u00e9 cold brew o incluso para t\u00e9 caliente.<\/p>","protected":false},"featured_media":3962,"template":"","meta":{"nf_dc_page":"","site-sidebar-layout":"default","site-content-layout":"default","ast-site-content-layout":"default","site-content-style":"default","site-sidebar-style":"default","ast-global-header-display":"","ast-banner-title-visibility":"","ast-main-header-display":"","ast-hfb-above-header-display":"","ast-hfb-below-header-display":"","ast-hfb-mobile-header-display":"","site-post-title":"","ast-breadcrumbs-content":"","ast-featured-img":"","footer-sml-layout":"","ast-disable-related-posts":"","theme-transparent-header-meta":"default","adv-header-id-meta":"","stick-header-meta":"","header-above-stick-meta":"","header-main-stick-meta":"","header-below-stick-meta":"","astra-migrate-meta-layouts":"set","ast-page-background-enabled":"default","ast-page-background-meta":{"desktop":{"background-color":"var(--ast-global-color-4)","background-image":"","background-repeat":"repeat","background-position":"center center","background-size":"auto","background-attachment":"scroll","background-type":"","background-media":"","overlay-type":"","overlay-color":"","overlay-opacity":"","overlay-gradient":""},"tablet":{"background-color":"","background-image":"","background-repeat":"repeat","background-position":"center center","background-size":"auto","background-attachment":"scroll","background-type":"","background-media":"","overlay-type":"","overlay-color":"","overlay-opacity":"","overlay-gradient":""},"mobile":{"background-color":"","background-image":"","background-repeat":"repeat","background-position":"center center","background-size":"auto","background-attachment":"scroll","background-type":"","background-media":"","overlay-type":"","overlay-color":"","overlay-opacity":"","overlay-gradient":""}},"ast-content-background-meta":{"desktop":{"background-color":"var(--ast-global-color-5)","background-image":"","background-repeat":"repeat","background-position":"center center","background-size":"auto","background-attachment":"scroll","background-type":"","background-media":"","overlay-type":"","overlay-color":"","overlay-opacity":"","overlay-gradient":""},"tablet":{"background-color":"var(--ast-global-color-5)","background-image":"","background-repeat":"repeat","background-position":"center center","background-size":"auto","background-attachment":"scroll","background-type":"","background-media":"","overlay-type":"","overlay-color":"","overlay-opacity":"","overlay-gradient":""},"mobile":{"background-color":"var(--ast-global-color-5)","background-image":"","background-repeat":"repeat","background-position":"center center","background-size":"auto","background-attachment":"scroll","background-type":"","background-media":"","overlay-type":"","overlay-color":"","overlay-opacity":"","overlay-gradient":""}}},"product_brand":[],"product_cat":[53],"product_tag":[],"class_list":{"0":"post-1122","1":"product","2":"type-product","3":"status-publish","4":"has-post-thumbnail","6":"product_cat-french-press","7":"desktop-align-left","8":"tablet-align-left","9":"mobile-align-left","11":"first","12":"instock","13":"taxable","14":"shipping-taxable","15":"purchasable","16":"product-type-variable"},"yoast_head":"<!-- This site is optimized with the Yoast SEO plugin v26.9 - https:\/\/yoast.com\/product\/yoast-seo-wordpress\/ -->\n<title>French Press Vintage Style - La Amalia 1888<\/title>\n<meta name=\"description\" content=\"This vintage-style French Press combines timeless charm with exceptional coffee brewing, ensuring rich flavor by allowing natural coffee oils to infuse with the water.\" \/>\n<meta name=\"robots\" content=\"index, follow, max-snippet:-1, max-image-preview:large, max-video-preview:-1\" \/>\n<link rel=\"canonical\" href=\"https:\/\/laamalia1888.com\/es\/producto\/french-press-vintage-style\/\" \/>\n<meta property=\"og:locale\" content=\"es_ES\" \/>\n<meta property=\"og:type\" content=\"article\" \/>\n<meta property=\"og:title\" content=\"French Press Vintage Style - La Amalia 1888\" \/>\n<meta property=\"og:description\" content=\"This vintage-style French Press combines timeless charm with exceptional coffee brewing, ensuring rich flavor by allowing natural coffee oils to infuse with the water.\" \/>\n<meta property=\"og:url\" content=\"https:\/\/laamalia1888.com\/es\/producto\/french-press-vintage-style\/\" \/>\n<meta property=\"og:site_name\" content=\"La Amalia 1888\" \/>\n<meta property=\"article:modified_time\" content=\"2025-12-03T17:50:42+00:00\" \/>\n<meta property=\"og:image\" content=\"https:\/\/laamalia1888.com\/wp-content\/uploads\/2021\/08\/Prensa-2-fondo-blanco.jpg\" \/>\n\t<meta property=\"og:image:width\" content=\"940\" \/>\n\t<meta property=\"og:image:height\" content=\"788\" \/>\n\t<meta property=\"og:image:type\" content=\"image\/jpeg\" \/>\n<meta name=\"twitter:card\" content=\"summary_large_image\" \/>\n<meta name=\"twitter:label1\" content=\"Tiempo de lectura\" \/>\n\t<meta name=\"twitter:data1\" content=\"1 minuto\" \/>\n<script type=\"application\/ld+json\" class=\"yoast-schema-graph\">{\"@context\":\"https:\/\/schema.org\",\"@graph\":[{\"@type\":\"WebPage\",\"@id\":\"https:\/\/laamalia1888.com\/product\/french-press-vintage-style\/\",\"url\":\"https:\/\/laamalia1888.com\/product\/french-press-vintage-style\/\",\"name\":\"French Press Vintage Style - La Amalia 1888\",\"isPartOf\":{\"@id\":\"https:\/\/laamalia1888.com\/#website\"},\"primaryImageOfPage\":{\"@id\":\"https:\/\/laamalia1888.com\/product\/french-press-vintage-style\/#primaryimage\"},\"image\":{\"@id\":\"https:\/\/laamalia1888.com\/product\/french-press-vintage-style\/#primaryimage\"},\"thumbnailUrl\":\"https:\/\/laamalia1888.com\/wp-content\/uploads\/2021\/08\/Prensa-2-fondo-blanco.jpg\",\"datePublished\":\"2021-08-30T23:43:42+00:00\",\"dateModified\":\"2025-12-03T17:50:42+00:00\",\"description\":\"This vintage-style French Press combines timeless charm with exceptional coffee brewing, ensuring rich flavor by allowing natural coffee oils to infuse with the water.\",\"breadcrumb\":{\"@id\":\"https:\/\/laamalia1888.com\/product\/french-press-vintage-style\/#breadcrumb\"},\"inLanguage\":\"es-CO\",\"potentialAction\":[{\"@type\":\"ReadAction\",\"target\":[\"https:\/\/laamalia1888.com\/product\/french-press-vintage-style\/\"]}]},{\"@type\":\"ImageObject\",\"inLanguage\":\"es-CO\",\"@id\":\"https:\/\/laamalia1888.com\/product\/french-press-vintage-style\/#primaryimage\",\"url\":\"https:\/\/laamalia1888.com\/wp-content\/uploads\/2021\/08\/Prensa-2-fondo-blanco.jpg\",\"contentUrl\":\"https:\/\/laamalia1888.com\/wp-content\/uploads\/2021\/08\/Prensa-2-fondo-blanco.jpg\",\"width\":940,\"height\":788,\"caption\":\"French Press Vintage Style\"},{\"@type\":\"BreadcrumbList\",\"@id\":\"https:\/\/laamalia1888.com\/product\/french-press-vintage-style\/#breadcrumb\",\"itemListElement\":[{\"@type\":\"ListItem\",\"position\":1,\"name\":\"Home\",\"item\":\"https:\/\/laamalia1888.com\/\"},{\"@type\":\"ListItem\",\"position\":2,\"name\":\"Shop\",\"item\":\"https:\/\/laamalia1888.com\/shop-2\/\"},{\"@type\":\"ListItem\",\"position\":3,\"name\":\"La Amalia 1888 French Press Vintage Style\"}]},{\"@type\":\"WebSite\",\"@id\":\"https:\/\/laamalia1888.com\/#website\",\"url\":\"https:\/\/laamalia1888.com\/\",\"name\":\"La Amalia 1888 offers Colombian specialty coffee\",\"description\":\"La Amalia 1888 offers Colombian specialty coffee\",\"publisher\":{\"@id\":\"https:\/\/laamalia1888.com\/#organization\"},\"alternateName\":\"Colombian specialty coffee\",\"potentialAction\":[{\"@type\":\"SearchAction\",\"target\":{\"@type\":\"EntryPoint\",\"urlTemplate\":\"https:\/\/laamalia1888.com\/?s={search_term_string}\"},\"query-input\":{\"@type\":\"PropertyValueSpecification\",\"valueRequired\":true,\"valueName\":\"search_term_string\"}}],\"inLanguage\":\"es-CO\"},{\"@type\":\"Organization\",\"@id\":\"https:\/\/laamalia1888.com\/#organization\",\"name\":\"La Amalia 1888 offers Colombian specialty coffee\",\"alternateName\":\"Colombian specialty coffee\",\"url\":\"https:\/\/laamalia1888.com\/\",\"logo\":{\"@type\":\"ImageObject\",\"inLanguage\":\"es-CO\",\"@id\":\"https:\/\/laamalia1888.com\/#\/schema\/logo\/image\/\",\"url\":\"https:\/\/laamalia1888.com\/wp-content\/uploads\/2021\/05\/cropped-cropped-LOGO-LA-AMALIA-1.png\",\"contentUrl\":\"https:\/\/laamalia1888.com\/wp-content\/uploads\/2021\/05\/cropped-cropped-LOGO-LA-AMALIA-1.png\",\"width\":1234,\"height\":254,\"caption\":\"La Amalia 1888 offers Colombian specialty coffee\"},\"image\":{\"@id\":\"https:\/\/laamalia1888.com\/#\/schema\/logo\/image\/\"}}]}<\/script>\n<!-- \/ Yoast SEO plugin. -->","yoast_head_json":{"title":"French Press Vintage Style - La Amalia 1888","description":"This vintage-style French Press combines timeless charm with exceptional coffee brewing, ensuring rich flavor by allowing natural coffee oils to infuse with the water.","robots":{"index":"index","follow":"follow","max-snippet":"max-snippet:-1","max-image-preview":"max-image-preview:large","max-video-preview":"max-video-preview:-1"},"canonical":"https:\/\/laamalia1888.com\/es\/producto\/french-press-vintage-style\/","og_locale":"es_ES","og_type":"article","og_title":"French Press Vintage Style - La Amalia 1888","og_description":"This vintage-style French Press combines timeless charm with exceptional coffee brewing, ensuring rich flavor by allowing natural coffee oils to infuse with the water.","og_url":"https:\/\/laamalia1888.com\/es\/producto\/french-press-vintage-style\/","og_site_name":"La Amalia 1888","article_modified_time":"2025-12-03T17:50:42+00:00","og_image":[{"width":940,"height":788,"url":"https:\/\/laamalia1888.com\/wp-content\/uploads\/2021\/08\/Prensa-2-fondo-blanco.jpg","type":"image\/jpeg"}],"twitter_card":"summary_large_image","twitter_misc":{"Tiempo de lectura":"1 minuto"},"schema":{"@context":"https:\/\/schema.org","@graph":[{"@type":"WebPage","@id":"https:\/\/laamalia1888.com\/product\/french-press-vintage-style\/","url":"https:\/\/laamalia1888.com\/product\/french-press-vintage-style\/","name":"French Press Vintage Style - La Amalia 1888","isPartOf":{"@id":"https:\/\/laamalia1888.com\/#website"},"primaryImageOfPage":{"@id":"https:\/\/laamalia1888.com\/product\/french-press-vintage-style\/#primaryimage"},"image":{"@id":"https:\/\/laamalia1888.com\/product\/french-press-vintage-style\/#primaryimage"},"thumbnailUrl":"https:\/\/laamalia1888.com\/wp-content\/uploads\/2021\/08\/Prensa-2-fondo-blanco.jpg","datePublished":"2021-08-30T23:43:42+00:00","dateModified":"2025-12-03T17:50:42+00:00","description":"This vintage-style French Press combines timeless charm with exceptional coffee brewing, ensuring rich flavor by allowing natural coffee oils to infuse with the water.","breadcrumb":{"@id":"https:\/\/laamalia1888.com\/product\/french-press-vintage-style\/#breadcrumb"},"inLanguage":"es-CO","potentialAction":[{"@type":"ReadAction","target":["https:\/\/laamalia1888.com\/product\/french-press-vintage-style\/"]}]},{"@type":"ImageObject","inLanguage":"es-CO","@id":"https:\/\/laamalia1888.com\/product\/french-press-vintage-style\/#primaryimage","url":"https:\/\/laamalia1888.com\/wp-content\/uploads\/2021\/08\/Prensa-2-fondo-blanco.jpg","contentUrl":"https:\/\/laamalia1888.com\/wp-content\/uploads\/2021\/08\/Prensa-2-fondo-blanco.jpg","width":940,"height":788,"caption":"French Press Vintage Style"},{"@type":"BreadcrumbList","@id":"https:\/\/laamalia1888.com\/product\/french-press-vintage-style\/#breadcrumb","itemListElement":[{"@type":"ListItem","position":1,"name":"Home","item":"https:\/\/laamalia1888.com\/"},{"@type":"ListItem","position":2,"name":"Shop","item":"https:\/\/laamalia1888.com\/shop-2\/"},{"@type":"ListItem","position":3,"name":"La Amalia 1888 French Press Vintage Style"}]},{"@type":"WebSite","@id":"https:\/\/laamalia1888.com\/#website","url":"https:\/\/laamalia1888.com\/","name":"La Amalia 1888 offers Colombian specialty coffee","description":"La Amalia 1888 offers Colombian specialty coffee","publisher":{"@id":"https:\/\/laamalia1888.com\/#organization"},"alternateName":"Colombian specialty coffee","potentialAction":[{"@type":"SearchAction","target":{"@type":"EntryPoint","urlTemplate":"https:\/\/laamalia1888.com\/?s={search_term_string}"},"query-input":{"@type":"PropertyValueSpecification","valueRequired":true,"valueName":"search_term_string"}}],"inLanguage":"es-CO"},{"@type":"Organization","@id":"https:\/\/laamalia1888.com\/#organization","name":"La Amalia 1888 offers Colombian specialty coffee","alternateName":"Colombian specialty coffee","url":"https:\/\/laamalia1888.com\/","logo":{"@type":"ImageObject","inLanguage":"es-CO","@id":"https:\/\/laamalia1888.com\/#\/schema\/logo\/image\/","url":"https:\/\/laamalia1888.com\/wp-content\/uploads\/2021\/05\/cropped-cropped-LOGO-LA-AMALIA-1.png","contentUrl":"https:\/\/laamalia1888.com\/wp-content\/uploads\/2021\/05\/cropped-cropped-LOGO-LA-AMALIA-1.png","width":1234,"height":254,"caption":"La Amalia 1888 offers Colombian specialty coffee"},"image":{"@id":"https:\/\/laamalia1888.com\/#\/schema\/logo\/image\/"}}]}},"_links":{"self":[{"href":"https:\/\/laamalia1888.com\/es\/wp-json\/wp\/v2\/product\/1122","targetHints":{"allow":["GET"]}}],"collection":[{"href":"https:\/\/laamalia1888.com\/es\/wp-json\/wp\/v2\/product"}],"about":[{"href":"https:\/\/laamalia1888.com\/es\/wp-json\/wp\/v2\/types\/product"}],"wp:featuredmedia":[{"embeddable":true,"href":"https:\/\/laamalia1888.com\/es\/wp-json\/wp\/v2\/media\/3962"}],"wp:attachment":[{"href":"https:\/\/laamalia1888.com\/es\/wp-json\/wp\/v2\/media?parent=1122"}],"wp:term":[{"taxonomy":"product_brand","embeddable":true,"href":"https:\/\/laamalia1888.com\/es\/wp-json\/wp\/v2\/product_brand?post=1122"},{"taxonomy":"product_cat","embeddable":true,"href":"https:\/\/laamalia1888.com\/es\/wp-json\/wp\/v2\/product_cat?post=1122"},{"taxonomy":"product_tag","embeddable":true,"href":"https:\/\/laamalia1888.com\/es\/wp-json\/wp\/v2\/product_tag?post=1122"}],"curies":[{"name":"wp","href":"https:\/\/api.w.org\/{rel}","templated":true}]}}