{"id":1127,"date":"2025-12-01T19:00:51","date_gmt":"2025-12-01T19:00:51","guid":{"rendered":"https:\/\/laamalia1888.com\/?post_type=product&#038;p=1127"},"modified":"2026-03-24T01:49:57","modified_gmt":"2026-03-24T01:49:57","slug":"aerolatte-stainless-steel-milk-frother","status":"publish","type":"product","link":"https:\/\/laamalia1888.com\/es\/producto\/aerolatte-stainless-steel-milk-frother\/","title":{"rendered":"Espumador De Leche Aerolatte Con Soporte"},"content":{"rendered":"<p data-start=\"658\" data-end=\"1059\">Nada se compara a darse el gusto con el <strong data-start=\"700\" data-end=\"730\">Capuchino perfecto en casa<\/strong>. Con la <strong data-start=\"741\" data-end=\"794\">Aerolatte espumador de leche de acero inoxidable con base<\/strong>, you can create barista-quality frothed milk in seconds \u2014 with hardly any cleanup. This deluxe, top-of-the-line Aerolatte stainless steel milk frother is crafted to perfection.\u00a0 It comes with its own stand as well as two batteries, making it ready to use right away.<\/p>\n<p data-start=\"1061\" data-end=\"1384\">\u00a1Los he probado todos y este es el que mejor funciona! Te sorprender\u00e1 la poca cantidad de leche que se necesita y lo densa, cremosa y lujosa que se vuelve la espuma. Ya sea que prepares un latte, capuchino o una bebida a base de espresso, este espumador de leche de mano aporta estilo, elegancia y comodidad a tu cocina.<\/p>\n<p data-start=\"1386\" data-end=\"1491\"><em data-start=\"1386\" data-end=\"1489\">Dise\u00f1ado para complementar nuestro legado de 200 a\u00f1os de caf\u00e9, elaborado para aquellos que no aceptan nada m\u00e1s que lo mejor.<\/em><\/p>","protected":false},"excerpt":{"rendered":"<p data-start=\"658\" data-end=\"1059\">Nada se compara a darse el gusto con el <strong data-start=\"700\" data-end=\"730\">Capuchino perfecto en casa<\/strong>. Con la <strong data-start=\"741\" data-end=\"794\">Aerolatte espumador de leche de acero inoxidable con base<\/strong>, puedes crear leche espumosa de calidad barista en segundos, con muy poca limpieza. Este espumador de leche de lujo, de alta gama, est\u00e1 fabricado con acero inoxidable de primera calidad, viene con su propio soporte e incluye bater\u00edas, lo que lo hace listo para usar de inmediato.<\/p>\n<p data-start=\"1061\" data-end=\"1384\">\u00a1Los he probado todos y este es el que mejor funciona! Te sorprender\u00e1 la poca cantidad de leche que se necesita y lo densa, cremosa y lujosa que se vuelve la espuma. Ya sea que prepares un latte, capuchino o una bebida a base de espresso, este espumador de leche de mano aporta estilo, elegancia y comodidad a tu cocina.<\/p>\n<p data-start=\"1386\" data-end=\"1491\"><em data-start=\"1386\" data-end=\"1489\">Dise\u00f1ado para complementar nuestro legado de 200 a\u00f1os de caf\u00e9, elaborado para aquellos que no aceptan nada m\u00e1s que lo mejor.<\/em><\/p>","protected":false},"featured_media":3951,"template":"","meta":{"_acf_changed":false,"nf_dc_page":"","site-sidebar-layout":"default","site-content-layout":"default","ast-site-content-layout":"default","site-content-style":"default","site-sidebar-style":"default","ast-global-header-display":"","ast-banner-title-visibility":"","ast-main-header-display":"","ast-hfb-above-header-display":"","ast-hfb-below-header-display":"","ast-hfb-mobile-header-display":"","site-post-title":"","ast-breadcrumbs-content":"","ast-featured-img":"","footer-sml-layout":"","ast-disable-related-posts":"","theme-transparent-header-meta":"default","adv-header-id-meta":"","stick-header-meta":"","header-above-stick-meta":"","header-main-stick-meta":"","header-below-stick-meta":"","astra-migrate-meta-layouts":"set","ast-page-background-enabled":"default","ast-page-background-meta":{"desktop":{"background-color":"var(--ast-global-color-4)","background-image":"","background-repeat":"repeat","background-position":"center center","background-size":"auto","background-attachment":"scroll","background-type":"","background-media":"","overlay-type":"","overlay-color":"","overlay-opacity":"","overlay-gradient":""},"tablet":{"background-color":"","background-image":"","background-repeat":"repeat","background-position":"center center","background-size":"auto","background-attachment":"scroll","background-type":"","background-media":"","overlay-type":"","overlay-color":"","overlay-opacity":"","overlay-gradient":""},"mobile":{"background-color":"","background-image":"","background-repeat":"repeat","background-position":"center center","background-size":"auto","background-attachment":"scroll","background-type":"","background-media":"","overlay-type":"","overlay-color":"","overlay-opacity":"","overlay-gradient":""}},"ast-content-background-meta":{"desktop":{"background-color":"var(--ast-global-color-5)","background-image":"","background-repeat":"repeat","background-position":"center center","background-size":"auto","background-attachment":"scroll","background-type":"","background-media":"","overlay-type":"","overlay-color":"","overlay-opacity":"","overlay-gradient":""},"tablet":{"background-color":"var(--ast-global-color-5)","background-image":"","background-repeat":"repeat","background-position":"center center","background-size":"auto","background-attachment":"scroll","background-type":"","background-media":"","overlay-type":"","overlay-color":"","overlay-opacity":"","overlay-gradient":""},"mobile":{"background-color":"var(--ast-global-color-5)","background-image":"","background-repeat":"repeat","background-position":"center center","background-size":"auto","background-attachment":"scroll","background-type":"","background-media":"","overlay-type":"","overlay-color":"","overlay-opacity":"","overlay-gradient":""}}},"product_brand":[151],"product_cat":[48],"product_tag":[152,159,155,158,156,157,161,154,160,153],"class_list":{"0":"post-1127","1":"product","2":"type-product","3":"status-publish","4":"has-post-thumbnail","6":"product_brand-aerolatte","7":"product_cat-frother","8":"product_tag-aerolatte-milk-frother","9":"product_tag-barista-milk-frother","10":"product_tag-electric-milk-frother","11":"product_tag-frother-for-cappuccino","12":"product_tag-frother-for-coffee","13":"product_tag-frother-for-lattes","14":"product_tag-frothing-wand","15":"product_tag-handheld-milk-frother","16":"product_tag-kitchen-milk-frother","17":"product_tag-stainless-steel-milk-frother","18":"desktop-align-left","19":"tablet-align-left","20":"mobile-align-left","22":"first","23":"instock","24":"featured","25":"taxable","26":"shipping-taxable","27":"purchasable","28":"product-type-simple"},"acf":[],"yoast_head":"<!-- This site is optimized with the Yoast SEO plugin v27.6 - https:\/\/yoast.com\/product\/yoast-seo-wordpress\/ -->\n<title>The Aerolatte Stainless Steel Milk Frother - La Amalia 1888<\/title>\n<meta name=\"description\" content=\"The Aerolatte Stainless Steel Milk Frother delivers thick, delicious froth like no other, transforming your coffee experience.\" \/>\n<meta name=\"robots\" content=\"index, follow, max-snippet:-1, max-image-preview:large, max-video-preview:-1\" \/>\n<link rel=\"canonical\" href=\"https:\/\/laamalia1888.com\/es\/producto\/aerolatte-stainless-steel-milk-frother\/\" \/>\n<meta property=\"og:locale\" content=\"es_ES\" \/>\n<meta property=\"og:type\" content=\"article\" \/>\n<meta property=\"og:title\" content=\"The Aerolatte Stainless Steel Milk Frother - La Amalia 1888\" \/>\n<meta property=\"og:description\" content=\"The Aerolatte Stainless Steel Milk Frother delivers thick, delicious froth like no other, transforming your coffee experience.\" \/>\n<meta property=\"og:url\" content=\"https:\/\/laamalia1888.com\/es\/producto\/aerolatte-stainless-steel-milk-frother\/\" \/>\n<meta property=\"og:site_name\" content=\"La Amalia 1888\" \/>\n<meta property=\"article:modified_time\" content=\"2026-03-24T01:49:57+00:00\" \/>\n<meta property=\"og:image\" content=\"https:\/\/laamalia1888.com\/wp-content\/uploads\/2021\/08\/Aero-latte-sin-fondo.jpg\" \/>\n\t<meta property=\"og:image:width\" content=\"940\" \/>\n\t<meta property=\"og:image:height\" content=\"788\" \/>\n\t<meta property=\"og:image:type\" content=\"image\/jpeg\" \/>\n<meta name=\"twitter:card\" content=\"summary_large_image\" \/>\n<meta name=\"twitter:label1\" content=\"Tiempo de lectura\" \/>\n\t<meta name=\"twitter:data1\" content=\"1 minuto\" \/>\n<script type=\"application\/ld+json\" class=\"yoast-schema-graph\">{\"@context\":\"https:\\\/\\\/schema.org\",\"@graph\":[{\"@type\":\"WebPage\",\"@id\":\"https:\\\/\\\/laamalia1888.com\\\/product\\\/aerolatte-stainless-steel-milk-frother\\\/\",\"url\":\"https:\\\/\\\/laamalia1888.com\\\/product\\\/aerolatte-stainless-steel-milk-frother\\\/\",\"name\":\"The Aerolatte Stainless Steel Milk Frother - La Amalia 1888\",\"isPartOf\":{\"@id\":\"https:\\\/\\\/laamalia1888.com\\\/#website\"},\"primaryImageOfPage\":{\"@id\":\"https:\\\/\\\/laamalia1888.com\\\/product\\\/aerolatte-stainless-steel-milk-frother\\\/#primaryimage\"},\"image\":{\"@id\":\"https:\\\/\\\/laamalia1888.com\\\/product\\\/aerolatte-stainless-steel-milk-frother\\\/#primaryimage\"},\"thumbnailUrl\":\"https:\\\/\\\/laamalia1888.com\\\/wp-content\\\/uploads\\\/2021\\\/08\\\/Aero-latte-sin-fondo.jpg\",\"datePublished\":\"2025-12-01T19:00:51+00:00\",\"dateModified\":\"2026-03-24T01:49:57+00:00\",\"description\":\"The Aerolatte Stainless Steel Milk Frother delivers thick, delicious froth like no other, transforming your coffee experience.\",\"breadcrumb\":{\"@id\":\"https:\\\/\\\/laamalia1888.com\\\/product\\\/aerolatte-stainless-steel-milk-frother\\\/#breadcrumb\"},\"inLanguage\":\"es-CO\",\"potentialAction\":[{\"@type\":\"ReadAction\",\"target\":[\"https:\\\/\\\/laamalia1888.com\\\/product\\\/aerolatte-stainless-steel-milk-frother\\\/\"]}]},{\"@type\":\"ImageObject\",\"inLanguage\":\"es-CO\",\"@id\":\"https:\\\/\\\/laamalia1888.com\\\/product\\\/aerolatte-stainless-steel-milk-frother\\\/#primaryimage\",\"url\":\"https:\\\/\\\/laamalia1888.com\\\/wp-content\\\/uploads\\\/2021\\\/08\\\/Aero-latte-sin-fondo.jpg\",\"contentUrl\":\"https:\\\/\\\/laamalia1888.com\\\/wp-content\\\/uploads\\\/2021\\\/08\\\/Aero-latte-sin-fondo.jpg\",\"width\":940,\"height\":788,\"caption\":\"The Aerolatte Stainless Steel Milk Frother\"},{\"@type\":\"BreadcrumbList\",\"@id\":\"https:\\\/\\\/laamalia1888.com\\\/product\\\/aerolatte-stainless-steel-milk-frother\\\/#breadcrumb\",\"itemListElement\":[{\"@type\":\"ListItem\",\"position\":1,\"name\":\"Home\",\"item\":\"https:\\\/\\\/laamalia1888.com\\\/\"},{\"@type\":\"ListItem\",\"position\":2,\"name\":\"Shop\",\"item\":\"https:\\\/\\\/laamalia1888.com\\\/shop\\\/\"},{\"@type\":\"ListItem\",\"position\":3,\"name\":\"Aerolatte Stainless Steel Milk Frother With Stand\"}]},{\"@type\":\"WebSite\",\"@id\":\"https:\\\/\\\/laamalia1888.com\\\/#website\",\"url\":\"https:\\\/\\\/laamalia1888.com\\\/\",\"name\":\"La Amalia 1888 offers Colombian specialty coffee\",\"description\":\"La Amalia 1888 offers Colombian specialty coffee\",\"publisher\":{\"@id\":\"https:\\\/\\\/laamalia1888.com\\\/#organization\"},\"alternateName\":\"Colombian specialty coffee\",\"potentialAction\":[{\"@type\":\"SearchAction\",\"target\":{\"@type\":\"EntryPoint\",\"urlTemplate\":\"https:\\\/\\\/laamalia1888.com\\\/?s={search_term_string}\"},\"query-input\":{\"@type\":\"PropertyValueSpecification\",\"valueRequired\":true,\"valueName\":\"search_term_string\"}}],\"inLanguage\":\"es-CO\"},{\"@type\":\"Organization\",\"@id\":\"https:\\\/\\\/laamalia1888.com\\\/#organization\",\"name\":\"La Amalia 1888 offers Colombian specialty coffee\",\"alternateName\":\"Colombian specialty coffee\",\"url\":\"https:\\\/\\\/laamalia1888.com\\\/\",\"logo\":{\"@type\":\"ImageObject\",\"inLanguage\":\"es-CO\",\"@id\":\"https:\\\/\\\/laamalia1888.com\\\/#\\\/schema\\\/logo\\\/image\\\/\",\"url\":\"https:\\\/\\\/laamalia1888.com\\\/wp-content\\\/uploads\\\/2021\\\/05\\\/cropped-cropped-LOGO-LA-AMALIA-1.png\",\"contentUrl\":\"https:\\\/\\\/laamalia1888.com\\\/wp-content\\\/uploads\\\/2021\\\/05\\\/cropped-cropped-LOGO-LA-AMALIA-1.png\",\"width\":1234,\"height\":254,\"caption\":\"La Amalia 1888 offers Colombian specialty coffee\"},\"image\":{\"@id\":\"https:\\\/\\\/laamalia1888.com\\\/#\\\/schema\\\/logo\\\/image\\\/\"}}]}<\/script>\n<!-- \/ Yoast SEO plugin. -->","yoast_head_json":{"title":"The Aerolatte Stainless Steel Milk Frother - La Amalia 1888","description":"The Aerolatte Stainless Steel Milk Frother delivers thick, delicious froth like no other, transforming your coffee experience.","robots":{"index":"index","follow":"follow","max-snippet":"max-snippet:-1","max-image-preview":"max-image-preview:large","max-video-preview":"max-video-preview:-1"},"canonical":"https:\/\/laamalia1888.com\/es\/producto\/aerolatte-stainless-steel-milk-frother\/","og_locale":"es_ES","og_type":"article","og_title":"The Aerolatte Stainless Steel Milk Frother - La Amalia 1888","og_description":"The Aerolatte Stainless Steel Milk Frother delivers thick, delicious froth like no other, transforming your coffee experience.","og_url":"https:\/\/laamalia1888.com\/es\/producto\/aerolatte-stainless-steel-milk-frother\/","og_site_name":"La Amalia 1888","article_modified_time":"2026-03-24T01:49:57+00:00","og_image":[{"width":940,"height":788,"url":"https:\/\/laamalia1888.com\/wp-content\/uploads\/2021\/08\/Aero-latte-sin-fondo.jpg","type":"image\/jpeg"}],"twitter_card":"summary_large_image","twitter_misc":{"Tiempo de lectura":"1 minuto"},"schema":{"@context":"https:\/\/schema.org","@graph":[{"@type":"WebPage","@id":"https:\/\/laamalia1888.com\/product\/aerolatte-stainless-steel-milk-frother\/","url":"https:\/\/laamalia1888.com\/product\/aerolatte-stainless-steel-milk-frother\/","name":"The Aerolatte Stainless Steel Milk Frother - La Amalia 1888","isPartOf":{"@id":"https:\/\/laamalia1888.com\/#website"},"primaryImageOfPage":{"@id":"https:\/\/laamalia1888.com\/product\/aerolatte-stainless-steel-milk-frother\/#primaryimage"},"image":{"@id":"https:\/\/laamalia1888.com\/product\/aerolatte-stainless-steel-milk-frother\/#primaryimage"},"thumbnailUrl":"https:\/\/laamalia1888.com\/wp-content\/uploads\/2021\/08\/Aero-latte-sin-fondo.jpg","datePublished":"2025-12-01T19:00:51+00:00","dateModified":"2026-03-24T01:49:57+00:00","description":"The Aerolatte Stainless Steel Milk Frother delivers thick, delicious froth like no other, transforming your coffee experience.","breadcrumb":{"@id":"https:\/\/laamalia1888.com\/product\/aerolatte-stainless-steel-milk-frother\/#breadcrumb"},"inLanguage":"es-CO","potentialAction":[{"@type":"ReadAction","target":["https:\/\/laamalia1888.com\/product\/aerolatte-stainless-steel-milk-frother\/"]}]},{"@type":"ImageObject","inLanguage":"es-CO","@id":"https:\/\/laamalia1888.com\/product\/aerolatte-stainless-steel-milk-frother\/#primaryimage","url":"https:\/\/laamalia1888.com\/wp-content\/uploads\/2021\/08\/Aero-latte-sin-fondo.jpg","contentUrl":"https:\/\/laamalia1888.com\/wp-content\/uploads\/2021\/08\/Aero-latte-sin-fondo.jpg","width":940,"height":788,"caption":"The Aerolatte Stainless Steel Milk Frother"},{"@type":"BreadcrumbList","@id":"https:\/\/laamalia1888.com\/product\/aerolatte-stainless-steel-milk-frother\/#breadcrumb","itemListElement":[{"@type":"ListItem","position":1,"name":"Home","item":"https:\/\/laamalia1888.com\/"},{"@type":"ListItem","position":2,"name":"Shop","item":"https:\/\/laamalia1888.com\/shop\/"},{"@type":"ListItem","position":3,"name":"Aerolatte Stainless Steel Milk Frother With Stand"}]},{"@type":"WebSite","@id":"https:\/\/laamalia1888.com\/#website","url":"https:\/\/laamalia1888.com\/","name":"La Amalia 1888 ofrece caf\u00e9 especial colombiano","description":"La Amalia 1888 ofrece caf\u00e9 especial colombiano","publisher":{"@id":"https:\/\/laamalia1888.com\/#organization"},"alternateName":"Colombian specialty coffee","potentialAction":[{"@type":"SearchAction","target":{"@type":"EntryPoint","urlTemplate":"https:\/\/laamalia1888.com\/?s={search_term_string}"},"query-input":{"@type":"PropertyValueSpecification","valueRequired":true,"valueName":"search_term_string"}}],"inLanguage":"es-CO"},{"@type":"Organization","@id":"https:\/\/laamalia1888.com\/#organization","name":"La Amalia 1888 ofrece caf\u00e9 especial colombiano","alternateName":"Colombian specialty coffee","url":"https:\/\/laamalia1888.com\/","logo":{"@type":"ImageObject","inLanguage":"es-CO","@id":"https:\/\/laamalia1888.com\/#\/schema\/logo\/image\/","url":"https:\/\/laamalia1888.com\/wp-content\/uploads\/2021\/05\/cropped-cropped-LOGO-LA-AMALIA-1.png","contentUrl":"https:\/\/laamalia1888.com\/wp-content\/uploads\/2021\/05\/cropped-cropped-LOGO-LA-AMALIA-1.png","width":1234,"height":254,"caption":"La Amalia 1888 offers Colombian specialty coffee"},"image":{"@id":"https:\/\/laamalia1888.com\/#\/schema\/logo\/image\/"}}]}},"_links":{"self":[{"href":"https:\/\/laamalia1888.com\/es\/wp-json\/wp\/v2\/product\/1127","targetHints":{"allow":["GET"]}}],"collection":[{"href":"https:\/\/laamalia1888.com\/es\/wp-json\/wp\/v2\/product"}],"about":[{"href":"https:\/\/laamalia1888.com\/es\/wp-json\/wp\/v2\/types\/product"}],"wp:featuredmedia":[{"embeddable":true,"href":"https:\/\/laamalia1888.com\/es\/wp-json\/wp\/v2\/media\/3951"}],"wp:attachment":[{"href":"https:\/\/laamalia1888.com\/es\/wp-json\/wp\/v2\/media?parent=1127"}],"wp:term":[{"taxonomy":"product_brand","embeddable":true,"href":"https:\/\/laamalia1888.com\/es\/wp-json\/wp\/v2\/product_brand?post=1127"},{"taxonomy":"product_cat","embeddable":true,"href":"https:\/\/laamalia1888.com\/es\/wp-json\/wp\/v2\/product_cat?post=1127"},{"taxonomy":"product_tag","embeddable":true,"href":"https:\/\/laamalia1888.com\/es\/wp-json\/wp\/v2\/product_tag?post=1127"}],"curies":[{"name":"wp","href":"https:\/\/api.w.org\/{rel}","templated":true}]}}