{"id":1166,"date":"2025-11-30T13:46:04","date_gmt":"2025-11-30T13:46:04","guid":{"rendered":"https:\/\/laamalia1888.com\/?post_type=product&#038;p=1166"},"modified":"2026-01-17T03:57:59","modified_gmt":"2026-01-17T03:57:59","slug":"villeroy-boch-new-wave-caffe-cups","status":"publish","type":"product","link":"https:\/\/laamalia1888.com\/es\/producto\/villeroy-boch-new-wave-caffe-cups\/","title":{"rendered":"Villeroy &#038; Boch New Wave Caff\u00e9 Cups \u2013 Espresso, Cappuccino, Coffee &#038; Caf\u00e9 au Lait"},"content":{"rendered":"<p data-start=\"594\" data-end=\"831\">The <strong data-start=\"598\" data-end=\"637\">Villeroy &amp; Boch New Wave Caff\u00e9 Cups<\/strong> are crafted for coffee lovers who value style, quality, and elegance. Made from premium porcelain, each cup enhances the aroma and flavor of espresso, cappuccino, coffee, or caf\u00e9 au lait.<\/p>\n<p data-start=\"833\" data-end=\"1089\">Part of the New Wave Caff\u00e9 collection, these cups feature a dynamic wave-shaped design. The elegant curves add a modern touch and make any coffee table look sophisticated. Cakes, cookies, and pastries served with these cups appear even more inviting.<\/p>\n<p data-start=\"1091\" data-end=\"1189\">Each cup is dishwasher safe and microwave safe, combining luxury with everyday practicality.<\/p>\n<p data-start=\"1191\" data-end=\"1356\">Available in four sizes: Espresso 2.5 oz, Cappuccino 8.5 oz, Coffee 10 oz, and Caf\u00e9 au Lait 13.5 oz. This variety lets you enjoy every type of coffee in style.<\/p>\n<p data-start=\"1358\" data-end=\"1573\">Where La Amalia 1888\u2019s 200-year coffee heritage meets Villeroy &amp; Boch\u2019s 250-year legacy of European craftsmanship, these New Wave Caff\u00e9 cups offer a perfect blend of tradition, elegance, and modern design.<\/p>","protected":false},"excerpt":{"rendered":"<p data-start=\"594\" data-end=\"831\">The <strong data-start=\"598\" data-end=\"637\">Villeroy &amp; Boch New Wave Caff\u00e9 Cups<\/strong> are crafted for coffee lovers who value style, quality, and elegance. Made from premium porcelain, each cup enhances the aroma and flavor of espresso, cappuccino, coffee, or caf\u00e9 au lait.<\/p>\n<p data-start=\"833\" data-end=\"1089\">Part of the New Wave Caff\u00e9 collection, these cups feature a dynamic wave-shaped design. The elegant curves add a modern touch and make any coffee table look sophisticated. Cakes, cookies, and pastries served with these cups appear even more inviting.<\/p>\n<p data-start=\"1091\" data-end=\"1189\">Each cup is dishwasher safe and microwave safe, combining luxury with everyday practicality.<\/p>\n<p data-start=\"1191\" data-end=\"1356\">Available in four sizes: Espresso 2.5 oz, Cappuccino 8.5 oz, Coffee 10 oz, and Caf\u00e9 au Lait 13.5 oz. This variety lets you enjoy every type of coffee in style.<\/p>\n<p data-start=\"1358\" data-end=\"1573\">Where La Amalia 1888\u2019s 200-year coffee heritage meets Villeroy &amp; Boch\u2019s 250-year legacy of European craftsmanship, these New Wave Caff\u00e9 cups offer a perfect blend of tradition, elegance, and modern design.<\/p>","protected":false},"featured_media":3967,"template":"","meta":{"nf_dc_page":"","site-sidebar-layout":"default","site-content-layout":"page-builder","ast-site-content-layout":"full-width-container","site-content-style":"unboxed","site-sidebar-style":"unboxed","ast-global-header-display":"","ast-banner-title-visibility":"","ast-main-header-display":"","ast-hfb-above-header-display":"","ast-hfb-below-header-display":"","ast-hfb-mobile-header-display":"","site-post-title":"disabled","ast-breadcrumbs-content":"","ast-featured-img":"","footer-sml-layout":"","ast-disable-related-posts":"","theme-transparent-header-meta":"default","adv-header-id-meta":"","stick-header-meta":"","header-above-stick-meta":"","header-main-stick-meta":"","header-below-stick-meta":"","astra-migrate-meta-layouts":"set","ast-page-background-enabled":"default","ast-page-background-meta":{"desktop":{"background-color":"var(--ast-global-color-4)","background-image":"","background-repeat":"repeat","background-position":"center center","background-size":"auto","background-attachment":"scroll","background-type":"","background-media":"","overlay-type":"","overlay-color":"","overlay-opacity":"","overlay-gradient":""},"tablet":{"background-color":"","background-image":"","background-repeat":"repeat","background-position":"center center","background-size":"auto","background-attachment":"scroll","background-type":"","background-media":"","overlay-type":"","overlay-color":"","overlay-opacity":"","overlay-gradient":""},"mobile":{"background-color":"","background-image":"","background-repeat":"repeat","background-position":"center center","background-size":"auto","background-attachment":"scroll","background-type":"","background-media":"","overlay-type":"","overlay-color":"","overlay-opacity":"","overlay-gradient":""}},"ast-content-background-meta":{"desktop":{"background-color":"var(--ast-global-color-5)","background-image":"","background-repeat":"repeat","background-position":"center center","background-size":"auto","background-attachment":"scroll","background-type":"","background-media":"","overlay-type":"","overlay-color":"","overlay-opacity":"","overlay-gradient":""},"tablet":{"background-color":"var(--ast-global-color-5)","background-image":"","background-repeat":"repeat","background-position":"center center","background-size":"auto","background-attachment":"scroll","background-type":"","background-media":"","overlay-type":"","overlay-color":"","overlay-opacity":"","overlay-gradient":""},"mobile":{"background-color":"var(--ast-global-color-5)","background-image":"","background-repeat":"repeat","background-position":"center center","background-size":"auto","background-attachment":"scroll","background-type":"","background-media":"","overlay-type":"","overlay-color":"","overlay-opacity":"","overlay-gradient":""}}},"product_brand":[162],"product_cat":[45],"product_tag":[256,255,231,230,257,258,232,246,259,229],"class_list":{"0":"post-1166","1":"product","2":"type-product","3":"status-publish","4":"has-post-thumbnail","6":"product_brand-villeroy-boch","7":"product_cat-cups-and-saucers","8":"product_tag-cafe-au-lait-cup","9":"product_tag-cappuccino-cup-porcelain","10":"product_tag-coffee-cup-porcelain","11":"product_tag-espresso-cup-porcelain","12":"product_tag-european-porcelain-coffee-cups","13":"product_tag-luxury-coffee-cups","14":"product_tag-modern-espresso-cup","15":"product_tag-new-wave-caffe-collection","16":"product_tag-premium-coffee-tableware","17":"product_tag-villeroy-boch-cups","18":"desktop-align-left","19":"tablet-align-left","20":"mobile-align-left","22":"first","23":"instock","24":"taxable","25":"shipping-taxable","26":"purchasable","27":"product-type-variable"},"yoast_head":"<!-- This site is optimized with the Yoast SEO plugin v26.9 - https:\/\/yoast.com\/product\/yoast-seo-wordpress\/ -->\n<title>Villeroy &amp; Boch New Wave Caff\u00e9 Cups \u2013 Espresso, Cappuccino, Coffee &amp; Caf\u00e9 au Lait - La Amalia 1888<\/title>\n<meta name=\"description\" content=\"The Villeroy &amp; Boch New Wave Caff\u00e9 Cups, available in espresso, cappuccino, coffee, and caf\u00e9 au lait sizes, are a testament to over 200 years of timeless elegance and exquisite design.\" \/>\n<meta name=\"robots\" content=\"index, follow, max-snippet:-1, max-image-preview:large, max-video-preview:-1\" \/>\n<link rel=\"canonical\" href=\"https:\/\/laamalia1888.com\/es\/producto\/villeroy-boch-new-wave-caffe-cups\/\" \/>\n<meta property=\"og:locale\" content=\"es_ES\" \/>\n<meta property=\"og:type\" content=\"article\" \/>\n<meta property=\"og:title\" content=\"Villeroy &amp; Boch New Wave Caff\u00e9 Cups \u2013 Espresso, Cappuccino, Coffee &amp; Caf\u00e9 au Lait - La Amalia 1888\" \/>\n<meta property=\"og:description\" content=\"The Villeroy &amp; Boch New Wave Caff\u00e9 Cups, available in espresso, cappuccino, coffee, and caf\u00e9 au lait sizes, are a testament to over 200 years of timeless elegance and exquisite design.\" \/>\n<meta property=\"og:url\" content=\"https:\/\/laamalia1888.com\/es\/producto\/villeroy-boch-new-wave-caffe-cups\/\" \/>\n<meta property=\"og:site_name\" content=\"La Amalia 1888\" \/>\n<meta property=\"article:modified_time\" content=\"2026-01-17T03:57:59+00:00\" \/>\n<meta property=\"og:image\" content=\"https:\/\/laamalia1888.com\/wp-content\/uploads\/2021\/10\/Tazas-New-Wave-Caffee.jpg\" \/>\n\t<meta property=\"og:image:width\" content=\"940\" \/>\n\t<meta property=\"og:image:height\" content=\"788\" \/>\n\t<meta property=\"og:image:type\" content=\"image\/jpeg\" \/>\n<meta name=\"twitter:card\" content=\"summary_large_image\" \/>\n<meta name=\"twitter:label1\" content=\"Tiempo de lectura\" \/>\n\t<meta name=\"twitter:data1\" content=\"1 minuto\" \/>\n<script type=\"application\/ld+json\" class=\"yoast-schema-graph\">{\"@context\":\"https:\/\/schema.org\",\"@graph\":[{\"@type\":\"WebPage\",\"@id\":\"https:\/\/laamalia1888.com\/product\/villeroy-boch-new-wave-caffe-cups\/\",\"url\":\"https:\/\/laamalia1888.com\/product\/villeroy-boch-new-wave-caffe-cups\/\",\"name\":\"Villeroy & Boch New Wave Caff\u00e9 Cups \u2013 Espresso, Cappuccino, Coffee & Caf\u00e9 au Lait - La Amalia 1888\",\"isPartOf\":{\"@id\":\"https:\/\/laamalia1888.com\/#website\"},\"primaryImageOfPage\":{\"@id\":\"https:\/\/laamalia1888.com\/product\/villeroy-boch-new-wave-caffe-cups\/#primaryimage\"},\"image\":{\"@id\":\"https:\/\/laamalia1888.com\/product\/villeroy-boch-new-wave-caffe-cups\/#primaryimage\"},\"thumbnailUrl\":\"https:\/\/laamalia1888.com\/wp-content\/uploads\/2021\/10\/Tazas-New-Wave-Caffee.jpg\",\"datePublished\":\"2025-11-30T13:46:04+00:00\",\"dateModified\":\"2026-01-17T03:57:59+00:00\",\"description\":\"The Villeroy & Boch New Wave Caff\u00e9 Cups, available in espresso, cappuccino, coffee, and caf\u00e9 au lait sizes, are a testament to over 200 years of timeless elegance and exquisite design.\",\"breadcrumb\":{\"@id\":\"https:\/\/laamalia1888.com\/product\/villeroy-boch-new-wave-caffe-cups\/#breadcrumb\"},\"inLanguage\":\"es-CO\",\"potentialAction\":[{\"@type\":\"ReadAction\",\"target\":[\"https:\/\/laamalia1888.com\/product\/villeroy-boch-new-wave-caffe-cups\/\"]}]},{\"@type\":\"ImageObject\",\"inLanguage\":\"es-CO\",\"@id\":\"https:\/\/laamalia1888.com\/product\/villeroy-boch-new-wave-caffe-cups\/#primaryimage\",\"url\":\"https:\/\/laamalia1888.com\/wp-content\/uploads\/2021\/10\/Tazas-New-Wave-Caffee.jpg\",\"contentUrl\":\"https:\/\/laamalia1888.com\/wp-content\/uploads\/2021\/10\/Tazas-New-Wave-Caffee.jpg\",\"width\":940,\"height\":788,\"caption\":\"Villeroy & Boch New Wave Caff\u00e9 Cups\"},{\"@type\":\"BreadcrumbList\",\"@id\":\"https:\/\/laamalia1888.com\/product\/villeroy-boch-new-wave-caffe-cups\/#breadcrumb\",\"itemListElement\":[{\"@type\":\"ListItem\",\"position\":1,\"name\":\"Home\",\"item\":\"https:\/\/laamalia1888.com\/\"},{\"@type\":\"ListItem\",\"position\":2,\"name\":\"Shop\",\"item\":\"https:\/\/laamalia1888.com\/shop-2\/\"},{\"@type\":\"ListItem\",\"position\":3,\"name\":\"Villeroy &#038; Boch New Wave Caff\u00e9 Cups \u2013 Espresso, Cappuccino, Coffee &#038; Caf\u00e9 au Lait\"}]},{\"@type\":\"WebSite\",\"@id\":\"https:\/\/laamalia1888.com\/#website\",\"url\":\"https:\/\/laamalia1888.com\/\",\"name\":\"La Amalia 1888 offers Colombian specialty coffee\",\"description\":\"La Amalia 1888 offers Colombian specialty coffee\",\"publisher\":{\"@id\":\"https:\/\/laamalia1888.com\/#organization\"},\"alternateName\":\"Colombian specialty coffee\",\"potentialAction\":[{\"@type\":\"SearchAction\",\"target\":{\"@type\":\"EntryPoint\",\"urlTemplate\":\"https:\/\/laamalia1888.com\/?s={search_term_string}\"},\"query-input\":{\"@type\":\"PropertyValueSpecification\",\"valueRequired\":true,\"valueName\":\"search_term_string\"}}],\"inLanguage\":\"es-CO\"},{\"@type\":\"Organization\",\"@id\":\"https:\/\/laamalia1888.com\/#organization\",\"name\":\"La Amalia 1888 offers Colombian specialty coffee\",\"alternateName\":\"Colombian specialty coffee\",\"url\":\"https:\/\/laamalia1888.com\/\",\"logo\":{\"@type\":\"ImageObject\",\"inLanguage\":\"es-CO\",\"@id\":\"https:\/\/laamalia1888.com\/#\/schema\/logo\/image\/\",\"url\":\"https:\/\/laamalia1888.com\/wp-content\/uploads\/2021\/05\/cropped-cropped-LOGO-LA-AMALIA-1.png\",\"contentUrl\":\"https:\/\/laamalia1888.com\/wp-content\/uploads\/2021\/05\/cropped-cropped-LOGO-LA-AMALIA-1.png\",\"width\":1234,\"height\":254,\"caption\":\"La Amalia 1888 offers Colombian specialty coffee\"},\"image\":{\"@id\":\"https:\/\/laamalia1888.com\/#\/schema\/logo\/image\/\"}}]}<\/script>\n<!-- \/ Yoast SEO plugin. -->","yoast_head_json":{"title":"Villeroy & Boch New Wave Caff\u00e9 Cups \u2013 Espresso, Cappuccino, Coffee & Caf\u00e9 au Lait - La Amalia 1888","description":"The Villeroy & Boch New Wave Caff\u00e9 Cups, available in espresso, cappuccino, coffee, and caf\u00e9 au lait sizes, are a testament to over 200 years of timeless elegance and exquisite design.","robots":{"index":"index","follow":"follow","max-snippet":"max-snippet:-1","max-image-preview":"max-image-preview:large","max-video-preview":"max-video-preview:-1"},"canonical":"https:\/\/laamalia1888.com\/es\/producto\/villeroy-boch-new-wave-caffe-cups\/","og_locale":"es_ES","og_type":"article","og_title":"Villeroy & Boch New Wave Caff\u00e9 Cups \u2013 Espresso, Cappuccino, Coffee & Caf\u00e9 au Lait - La Amalia 1888","og_description":"The Villeroy & Boch New Wave Caff\u00e9 Cups, available in espresso, cappuccino, coffee, and caf\u00e9 au lait sizes, are a testament to over 200 years of timeless elegance and exquisite design.","og_url":"https:\/\/laamalia1888.com\/es\/producto\/villeroy-boch-new-wave-caffe-cups\/","og_site_name":"La Amalia 1888","article_modified_time":"2026-01-17T03:57:59+00:00","og_image":[{"width":940,"height":788,"url":"https:\/\/laamalia1888.com\/wp-content\/uploads\/2021\/10\/Tazas-New-Wave-Caffee.jpg","type":"image\/jpeg"}],"twitter_card":"summary_large_image","twitter_misc":{"Tiempo de lectura":"1 minuto"},"schema":{"@context":"https:\/\/schema.org","@graph":[{"@type":"WebPage","@id":"https:\/\/laamalia1888.com\/product\/villeroy-boch-new-wave-caffe-cups\/","url":"https:\/\/laamalia1888.com\/product\/villeroy-boch-new-wave-caffe-cups\/","name":"Villeroy & Boch New Wave Caff\u00e9 Cups \u2013 Espresso, Cappuccino, Coffee & Caf\u00e9 au Lait - La Amalia 1888","isPartOf":{"@id":"https:\/\/laamalia1888.com\/#website"},"primaryImageOfPage":{"@id":"https:\/\/laamalia1888.com\/product\/villeroy-boch-new-wave-caffe-cups\/#primaryimage"},"image":{"@id":"https:\/\/laamalia1888.com\/product\/villeroy-boch-new-wave-caffe-cups\/#primaryimage"},"thumbnailUrl":"https:\/\/laamalia1888.com\/wp-content\/uploads\/2021\/10\/Tazas-New-Wave-Caffee.jpg","datePublished":"2025-11-30T13:46:04+00:00","dateModified":"2026-01-17T03:57:59+00:00","description":"The Villeroy & Boch New Wave Caff\u00e9 Cups, available in espresso, cappuccino, coffee, and caf\u00e9 au lait sizes, are a testament to over 200 years of timeless elegance and exquisite design.","breadcrumb":{"@id":"https:\/\/laamalia1888.com\/product\/villeroy-boch-new-wave-caffe-cups\/#breadcrumb"},"inLanguage":"es-CO","potentialAction":[{"@type":"ReadAction","target":["https:\/\/laamalia1888.com\/product\/villeroy-boch-new-wave-caffe-cups\/"]}]},{"@type":"ImageObject","inLanguage":"es-CO","@id":"https:\/\/laamalia1888.com\/product\/villeroy-boch-new-wave-caffe-cups\/#primaryimage","url":"https:\/\/laamalia1888.com\/wp-content\/uploads\/2021\/10\/Tazas-New-Wave-Caffee.jpg","contentUrl":"https:\/\/laamalia1888.com\/wp-content\/uploads\/2021\/10\/Tazas-New-Wave-Caffee.jpg","width":940,"height":788,"caption":"Villeroy & Boch New Wave Caff\u00e9 Cups"},{"@type":"BreadcrumbList","@id":"https:\/\/laamalia1888.com\/product\/villeroy-boch-new-wave-caffe-cups\/#breadcrumb","itemListElement":[{"@type":"ListItem","position":1,"name":"Home","item":"https:\/\/laamalia1888.com\/"},{"@type":"ListItem","position":2,"name":"Shop","item":"https:\/\/laamalia1888.com\/shop-2\/"},{"@type":"ListItem","position":3,"name":"Villeroy &#038; Boch New Wave Caff\u00e9 Cups \u2013 Espresso, Cappuccino, Coffee &#038; Caf\u00e9 au Lait"}]},{"@type":"WebSite","@id":"https:\/\/laamalia1888.com\/#website","url":"https:\/\/laamalia1888.com\/","name":"La Amalia 1888 offers Colombian specialty coffee","description":"La Amalia 1888 offers Colombian specialty coffee","publisher":{"@id":"https:\/\/laamalia1888.com\/#organization"},"alternateName":"Colombian specialty coffee","potentialAction":[{"@type":"SearchAction","target":{"@type":"EntryPoint","urlTemplate":"https:\/\/laamalia1888.com\/?s={search_term_string}"},"query-input":{"@type":"PropertyValueSpecification","valueRequired":true,"valueName":"search_term_string"}}],"inLanguage":"es-CO"},{"@type":"Organization","@id":"https:\/\/laamalia1888.com\/#organization","name":"La Amalia 1888 offers Colombian specialty coffee","alternateName":"Colombian specialty coffee","url":"https:\/\/laamalia1888.com\/","logo":{"@type":"ImageObject","inLanguage":"es-CO","@id":"https:\/\/laamalia1888.com\/#\/schema\/logo\/image\/","url":"https:\/\/laamalia1888.com\/wp-content\/uploads\/2021\/05\/cropped-cropped-LOGO-LA-AMALIA-1.png","contentUrl":"https:\/\/laamalia1888.com\/wp-content\/uploads\/2021\/05\/cropped-cropped-LOGO-LA-AMALIA-1.png","width":1234,"height":254,"caption":"La Amalia 1888 offers Colombian specialty coffee"},"image":{"@id":"https:\/\/laamalia1888.com\/#\/schema\/logo\/image\/"}}]}},"_links":{"self":[{"href":"https:\/\/laamalia1888.com\/es\/wp-json\/wp\/v2\/product\/1166","targetHints":{"allow":["GET"]}}],"collection":[{"href":"https:\/\/laamalia1888.com\/es\/wp-json\/wp\/v2\/product"}],"about":[{"href":"https:\/\/laamalia1888.com\/es\/wp-json\/wp\/v2\/types\/product"}],"wp:featuredmedia":[{"embeddable":true,"href":"https:\/\/laamalia1888.com\/es\/wp-json\/wp\/v2\/media\/3967"}],"wp:attachment":[{"href":"https:\/\/laamalia1888.com\/es\/wp-json\/wp\/v2\/media?parent=1166"}],"wp:term":[{"taxonomy":"product_brand","embeddable":true,"href":"https:\/\/laamalia1888.com\/es\/wp-json\/wp\/v2\/product_brand?post=1166"},{"taxonomy":"product_cat","embeddable":true,"href":"https:\/\/laamalia1888.com\/es\/wp-json\/wp\/v2\/product_cat?post=1166"},{"taxonomy":"product_tag","embeddable":true,"href":"https:\/\/laamalia1888.com\/es\/wp-json\/wp\/v2\/product_tag?post=1166"}],"curies":[{"name":"wp","href":"https:\/\/api.w.org\/{rel}","templated":true}]}}