{"id":1171,"date":"2025-11-30T13:09:23","date_gmt":"2025-11-30T13:09:23","guid":{"rendered":"https:\/\/laamalia1888.com\/?post_type=product&#038;p=1171"},"modified":"2026-03-18T23:57:46","modified_gmt":"2026-03-18T23:57:46","slug":"villeroy-boch-new-wave-caffe-saucers","status":"publish","type":"product","link":"https:\/\/laamalia1888.com\/es\/producto\/villeroy-boch-new-wave-caffe-saucers\/","title":{"rendered":"Platos Villeroy &amp; Boch New Wave Caff\u00e9"},"content":{"rendered":"<p data-start=\"539\" data-end=\"779\">The <strong data-start=\"543\" data-end=\"585\">Villeroy &amp; Boch New Wave Caff\u00e9 Saucers<\/strong> are crafted for coffee lovers who value style and quality. Made from premium porcelain, these saucers enhance the presentation and aroma of espresso, cappuccino, coffee, and caf\u00e9 au lait.<\/p>\n<p data-start=\"781\" data-end=\"1024\">Part of the New Wave Caff\u00e9 collection, each saucer features a distinctive wave-shaped design. The elegant curves add a modern touch to your coffee table. Cakes, cookies, and pastries look even more appealing when served on these saucers.<\/p>\n<p data-start=\"1026\" data-end=\"1282\">The small saucer pairs perfectly with New Wave Caff\u00e9 Espresso cups. The large saucer complements Cappuccino 8.5 oz, Coffee 10 oz, and Caf\u00e9 au Lait cups. Each saucer is dishwasher safe and microwave safe, offering both luxury and practicality.<\/p>\n<p data-start=\"1284\" data-end=\"1509\">Where La Amalia 1888\u2019s 200-year coffee heritage meets Villeroy &amp; Boch\u2019s 250-year legacy of European craftsmanship, these New Wave Caff\u00e9 saucers create a perfect combination of tradition, elegance, and modern design.<\/p>","protected":false},"excerpt":{"rendered":"<p data-start=\"539\" data-end=\"779\">The <strong data-start=\"543\" data-end=\"585\">Villeroy &amp; Boch New Wave Caff\u00e9 Saucers<\/strong> are crafted for coffee lovers who value style and quality. Made from premium porcelain, these saucers enhance the presentation and aroma of espresso, cappuccino, coffee, and caf\u00e9 au lait.<\/p>\n<p data-start=\"781\" data-end=\"1024\">Part of the New Wave Caff\u00e9 collection, each saucer features a distinctive wave-shaped design. The elegant curves add a modern touch to your coffee table. Cakes, cookies, and pastries look even more appealing when served on these saucers.<\/p>\n<p data-start=\"1026\" data-end=\"1282\">The small saucer pairs perfectly with New Wave Caff\u00e9 Espresso cups. The large saucer complements Cappuccino 8.5 oz, Coffee 10 oz, and Caf\u00e9 au Lait cups. Each saucer is dishwasher safe and microwave safe, offering both luxury and practicality.<\/p>\n<p data-start=\"1284\" data-end=\"1509\">Where La Amalia 1888\u2019s 200-year coffee heritage meets Villeroy &amp; Boch\u2019s 250-year legacy of European craftsmanship, these New Wave Caff\u00e9 saucers create a perfect combination of tradition, elegance, and modern design.<\/p>","protected":false},"featured_media":964,"template":"","meta":{"nf_dc_page":"","site-sidebar-layout":"default","site-content-layout":"page-builder","ast-site-content-layout":"full-width-container","site-content-style":"unboxed","site-sidebar-style":"unboxed","ast-global-header-display":"","ast-banner-title-visibility":"","ast-main-header-display":"","ast-hfb-above-header-display":"","ast-hfb-below-header-display":"","ast-hfb-mobile-header-display":"","site-post-title":"disabled","ast-breadcrumbs-content":"","ast-featured-img":"","footer-sml-layout":"","ast-disable-related-posts":"","theme-transparent-header-meta":"default","adv-header-id-meta":"","stick-header-meta":"","header-above-stick-meta":"","header-main-stick-meta":"","header-below-stick-meta":"","astra-migrate-meta-layouts":"set","ast-page-background-enabled":"default","ast-page-background-meta":{"desktop":{"background-color":"var(--ast-global-color-4)","background-image":"","background-repeat":"repeat","background-position":"center center","background-size":"auto","background-attachment":"scroll","background-type":"","background-media":"","overlay-type":"","overlay-color":"","overlay-opacity":"","overlay-gradient":""},"tablet":{"background-color":"","background-image":"","background-repeat":"repeat","background-position":"center center","background-size":"auto","background-attachment":"scroll","background-type":"","background-media":"","overlay-type":"","overlay-color":"","overlay-opacity":"","overlay-gradient":""},"mobile":{"background-color":"","background-image":"","background-repeat":"repeat","background-position":"center center","background-size":"auto","background-attachment":"scroll","background-type":"","background-media":"","overlay-type":"","overlay-color":"","overlay-opacity":"","overlay-gradient":""}},"ast-content-background-meta":{"desktop":{"background-color":"var(--ast-global-color-5)","background-image":"","background-repeat":"repeat","background-position":"center center","background-size":"auto","background-attachment":"scroll","background-type":"","background-media":"","overlay-type":"","overlay-color":"","overlay-opacity":"","overlay-gradient":""},"tablet":{"background-color":"var(--ast-global-color-5)","background-image":"","background-repeat":"repeat","background-position":"center center","background-size":"auto","background-attachment":"scroll","background-type":"","background-media":"","overlay-type":"","overlay-color":"","overlay-opacity":"","overlay-gradient":""},"mobile":{"background-color":"var(--ast-global-color-5)","background-image":"","background-repeat":"repeat","background-position":"center center","background-size":"auto","background-attachment":"scroll","background-type":"","background-media":"","overlay-type":"","overlay-color":"","overlay-opacity":"","overlay-gradient":""}}},"product_brand":[162],"product_cat":[45],"product_tag":[262,261,223,222,225,227,263,246,259,260],"class_list":{"0":"post-1171","1":"product","2":"type-product","3":"status-publish","4":"has-post-thumbnail","6":"product_brand-villeroy-boch","7":"product_cat-cups-and-saucers","8":"product_tag-cafe-au-lait-saucer","9":"product_tag-cappuccino-saucer","10":"product_tag-coffee-saucer-porcelain","11":"product_tag-espresso-saucer","12":"product_tag-european-porcelain-tableware","13":"product_tag-luxury-coffee-accessories","14":"product_tag-modern-espresso-saucer","15":"product_tag-new-wave-caffe-collection","16":"product_tag-premium-coffee-tableware","17":"product_tag-villeroy-boch-saucers","18":"desktop-align-left","19":"tablet-align-left","20":"mobile-align-left","22":"first","23":"instock","24":"taxable","25":"shipping-taxable","26":"purchasable","27":"product-type-variable","28":"has-default-attributes"},"yoast_head":"<!-- This site is optimized with the Yoast SEO plugin v26.9 - https:\/\/yoast.com\/product\/yoast-seo-wordpress\/ -->\n<title>Villeroy &amp; Boch New Wave Caff\u00e9 Small And Large Saucers - La Amalia 1888<\/title>\n<meta name=\"description\" content=\"The Villeroy &amp; Boch New Wave Caff\u00e9 Saucers, available in small and large sizes for espresso, cappuccino, coffee, and caf\u00e9 au lait, reflect over 200 years of timeless sophistication and elegant craftsmanship.\" \/>\n<meta name=\"robots\" content=\"index, follow, max-snippet:-1, max-image-preview:large, max-video-preview:-1\" \/>\n<link rel=\"canonical\" href=\"https:\/\/laamalia1888.com\/es\/producto\/villeroy-boch-new-wave-caffe-saucers\/\" \/>\n<meta property=\"og:locale\" content=\"es_ES\" \/>\n<meta property=\"og:type\" content=\"article\" \/>\n<meta property=\"og:title\" content=\"Villeroy &amp; Boch New Wave Caff\u00e9 Small And Large Saucers - La Amalia 1888\" \/>\n<meta property=\"og:description\" content=\"The Villeroy &amp; Boch New Wave Caff\u00e9 Saucers, available in small and large sizes for espresso, cappuccino, coffee, and caf\u00e9 au lait, reflect over 200 years of timeless sophistication and elegant craftsmanship.\" \/>\n<meta property=\"og:url\" content=\"https:\/\/laamalia1888.com\/es\/producto\/villeroy-boch-new-wave-caffe-saucers\/\" \/>\n<meta property=\"og:site_name\" content=\"La Amalia 1888\" \/>\n<meta property=\"article:modified_time\" content=\"2026-03-18T23:57:46+00:00\" \/>\n<meta property=\"og:image\" content=\"https:\/\/laamalia1888.com\/wp-content\/uploads\/2021\/07\/PLATO-la-amalia-1888.jpg\" \/>\n\t<meta property=\"og:image:width\" content=\"1000\" \/>\n\t<meta property=\"og:image:height\" content=\"1000\" \/>\n\t<meta property=\"og:image:type\" content=\"image\/jpeg\" \/>\n<meta name=\"twitter:card\" content=\"summary_large_image\" \/>\n<meta name=\"twitter:label1\" content=\"Tiempo de lectura\" \/>\n\t<meta name=\"twitter:data1\" content=\"1 minuto\" \/>\n<script type=\"application\/ld+json\" class=\"yoast-schema-graph\">{\"@context\":\"https:\/\/schema.org\",\"@graph\":[{\"@type\":\"WebPage\",\"@id\":\"https:\/\/laamalia1888.com\/product\/villeroy-boch-new-wave-caffe-saucers\/\",\"url\":\"https:\/\/laamalia1888.com\/product\/villeroy-boch-new-wave-caffe-saucers\/\",\"name\":\"Villeroy & Boch New Wave Caff\u00e9 Small And Large Saucers - La Amalia 1888\",\"isPartOf\":{\"@id\":\"https:\/\/laamalia1888.com\/#website\"},\"primaryImageOfPage\":{\"@id\":\"https:\/\/laamalia1888.com\/product\/villeroy-boch-new-wave-caffe-saucers\/#primaryimage\"},\"image\":{\"@id\":\"https:\/\/laamalia1888.com\/product\/villeroy-boch-new-wave-caffe-saucers\/#primaryimage\"},\"thumbnailUrl\":\"https:\/\/laamalia1888.com\/wp-content\/uploads\/2021\/07\/PLATO-la-amalia-1888.jpg\",\"datePublished\":\"2025-11-30T13:09:23+00:00\",\"dateModified\":\"2026-03-18T23:57:46+00:00\",\"description\":\"The Villeroy & Boch New Wave Caff\u00e9 Saucers, available in small and large sizes for espresso, cappuccino, coffee, and caf\u00e9 au lait, reflect over 200 years of timeless sophistication and elegant craftsmanship.\",\"breadcrumb\":{\"@id\":\"https:\/\/laamalia1888.com\/product\/villeroy-boch-new-wave-caffe-saucers\/#breadcrumb\"},\"inLanguage\":\"es-CO\",\"potentialAction\":[{\"@type\":\"ReadAction\",\"target\":[\"https:\/\/laamalia1888.com\/product\/villeroy-boch-new-wave-caffe-saucers\/\"]}]},{\"@type\":\"ImageObject\",\"inLanguage\":\"es-CO\",\"@id\":\"https:\/\/laamalia1888.com\/product\/villeroy-boch-new-wave-caffe-saucers\/#primaryimage\",\"url\":\"https:\/\/laamalia1888.com\/wp-content\/uploads\/2021\/07\/PLATO-la-amalia-1888.jpg\",\"contentUrl\":\"https:\/\/laamalia1888.com\/wp-content\/uploads\/2021\/07\/PLATO-la-amalia-1888.jpg\",\"width\":1000,\"height\":1000,\"caption\":\"Caff\u00e9 Small And Large Saucers\"},{\"@type\":\"BreadcrumbList\",\"@id\":\"https:\/\/laamalia1888.com\/product\/villeroy-boch-new-wave-caffe-saucers\/#breadcrumb\",\"itemListElement\":[{\"@type\":\"ListItem\",\"position\":1,\"name\":\"Home\",\"item\":\"https:\/\/laamalia1888.com\/\"},{\"@type\":\"ListItem\",\"position\":2,\"name\":\"Shop\",\"item\":\"https:\/\/laamalia1888.com\/shop-2\/\"},{\"@type\":\"ListItem\",\"position\":3,\"name\":\"Villeroy &#038; Boch New Wave Caff\u00e9 Small And Large Saucers\"}]},{\"@type\":\"WebSite\",\"@id\":\"https:\/\/laamalia1888.com\/#website\",\"url\":\"https:\/\/laamalia1888.com\/\",\"name\":\"La Amalia 1888 offers Colombian specialty coffee\",\"description\":\"La Amalia 1888 offers Colombian specialty coffee\",\"publisher\":{\"@id\":\"https:\/\/laamalia1888.com\/#organization\"},\"alternateName\":\"Colombian specialty coffee\",\"potentialAction\":[{\"@type\":\"SearchAction\",\"target\":{\"@type\":\"EntryPoint\",\"urlTemplate\":\"https:\/\/laamalia1888.com\/?s={search_term_string}\"},\"query-input\":{\"@type\":\"PropertyValueSpecification\",\"valueRequired\":true,\"valueName\":\"search_term_string\"}}],\"inLanguage\":\"es-CO\"},{\"@type\":\"Organization\",\"@id\":\"https:\/\/laamalia1888.com\/#organization\",\"name\":\"La Amalia 1888 offers Colombian specialty coffee\",\"alternateName\":\"Colombian specialty coffee\",\"url\":\"https:\/\/laamalia1888.com\/\",\"logo\":{\"@type\":\"ImageObject\",\"inLanguage\":\"es-CO\",\"@id\":\"https:\/\/laamalia1888.com\/#\/schema\/logo\/image\/\",\"url\":\"https:\/\/laamalia1888.com\/wp-content\/uploads\/2021\/05\/cropped-cropped-LOGO-LA-AMALIA-1.png\",\"contentUrl\":\"https:\/\/laamalia1888.com\/wp-content\/uploads\/2021\/05\/cropped-cropped-LOGO-LA-AMALIA-1.png\",\"width\":1234,\"height\":254,\"caption\":\"La Amalia 1888 offers Colombian specialty coffee\"},\"image\":{\"@id\":\"https:\/\/laamalia1888.com\/#\/schema\/logo\/image\/\"}}]}<\/script>\n<!-- \/ Yoast SEO plugin. -->","yoast_head_json":{"title":"Villeroy & Boch New Wave Caff\u00e9 Small And Large Saucers - La Amalia 1888","description":"The Villeroy & Boch New Wave Caff\u00e9 Saucers, available in small and large sizes for espresso, cappuccino, coffee, and caf\u00e9 au lait, reflect over 200 years of timeless sophistication and elegant craftsmanship.","robots":{"index":"index","follow":"follow","max-snippet":"max-snippet:-1","max-image-preview":"max-image-preview:large","max-video-preview":"max-video-preview:-1"},"canonical":"https:\/\/laamalia1888.com\/es\/producto\/villeroy-boch-new-wave-caffe-saucers\/","og_locale":"es_ES","og_type":"article","og_title":"Villeroy & Boch New Wave Caff\u00e9 Small And Large Saucers - La Amalia 1888","og_description":"The Villeroy & Boch New Wave Caff\u00e9 Saucers, available in small and large sizes for espresso, cappuccino, coffee, and caf\u00e9 au lait, reflect over 200 years of timeless sophistication and elegant craftsmanship.","og_url":"https:\/\/laamalia1888.com\/es\/producto\/villeroy-boch-new-wave-caffe-saucers\/","og_site_name":"La Amalia 1888","article_modified_time":"2026-03-18T23:57:46+00:00","og_image":[{"width":1000,"height":1000,"url":"https:\/\/laamalia1888.com\/wp-content\/uploads\/2021\/07\/PLATO-la-amalia-1888.jpg","type":"image\/jpeg"}],"twitter_card":"summary_large_image","twitter_misc":{"Tiempo de lectura":"1 minuto"},"schema":{"@context":"https:\/\/schema.org","@graph":[{"@type":"WebPage","@id":"https:\/\/laamalia1888.com\/product\/villeroy-boch-new-wave-caffe-saucers\/","url":"https:\/\/laamalia1888.com\/product\/villeroy-boch-new-wave-caffe-saucers\/","name":"Villeroy & Boch New Wave Caff\u00e9 Small And Large Saucers - La Amalia 1888","isPartOf":{"@id":"https:\/\/laamalia1888.com\/#website"},"primaryImageOfPage":{"@id":"https:\/\/laamalia1888.com\/product\/villeroy-boch-new-wave-caffe-saucers\/#primaryimage"},"image":{"@id":"https:\/\/laamalia1888.com\/product\/villeroy-boch-new-wave-caffe-saucers\/#primaryimage"},"thumbnailUrl":"https:\/\/laamalia1888.com\/wp-content\/uploads\/2021\/07\/PLATO-la-amalia-1888.jpg","datePublished":"2025-11-30T13:09:23+00:00","dateModified":"2026-03-18T23:57:46+00:00","description":"The Villeroy & Boch New Wave Caff\u00e9 Saucers, available in small and large sizes for espresso, cappuccino, coffee, and caf\u00e9 au lait, reflect over 200 years of timeless sophistication and elegant craftsmanship.","breadcrumb":{"@id":"https:\/\/laamalia1888.com\/product\/villeroy-boch-new-wave-caffe-saucers\/#breadcrumb"},"inLanguage":"es-CO","potentialAction":[{"@type":"ReadAction","target":["https:\/\/laamalia1888.com\/product\/villeroy-boch-new-wave-caffe-saucers\/"]}]},{"@type":"ImageObject","inLanguage":"es-CO","@id":"https:\/\/laamalia1888.com\/product\/villeroy-boch-new-wave-caffe-saucers\/#primaryimage","url":"https:\/\/laamalia1888.com\/wp-content\/uploads\/2021\/07\/PLATO-la-amalia-1888.jpg","contentUrl":"https:\/\/laamalia1888.com\/wp-content\/uploads\/2021\/07\/PLATO-la-amalia-1888.jpg","width":1000,"height":1000,"caption":"Caff\u00e9 Small And Large Saucers"},{"@type":"BreadcrumbList","@id":"https:\/\/laamalia1888.com\/product\/villeroy-boch-new-wave-caffe-saucers\/#breadcrumb","itemListElement":[{"@type":"ListItem","position":1,"name":"Home","item":"https:\/\/laamalia1888.com\/"},{"@type":"ListItem","position":2,"name":"Shop","item":"https:\/\/laamalia1888.com\/shop-2\/"},{"@type":"ListItem","position":3,"name":"Villeroy &#038; Boch New Wave Caff\u00e9 Small And Large Saucers"}]},{"@type":"WebSite","@id":"https:\/\/laamalia1888.com\/#website","url":"https:\/\/laamalia1888.com\/","name":"La Amalia 1888 offers Colombian specialty coffee","description":"La Amalia 1888 offers Colombian specialty coffee","publisher":{"@id":"https:\/\/laamalia1888.com\/#organization"},"alternateName":"Colombian specialty coffee","potentialAction":[{"@type":"SearchAction","target":{"@type":"EntryPoint","urlTemplate":"https:\/\/laamalia1888.com\/?s={search_term_string}"},"query-input":{"@type":"PropertyValueSpecification","valueRequired":true,"valueName":"search_term_string"}}],"inLanguage":"es-CO"},{"@type":"Organization","@id":"https:\/\/laamalia1888.com\/#organization","name":"La Amalia 1888 offers Colombian specialty coffee","alternateName":"Colombian specialty coffee","url":"https:\/\/laamalia1888.com\/","logo":{"@type":"ImageObject","inLanguage":"es-CO","@id":"https:\/\/laamalia1888.com\/#\/schema\/logo\/image\/","url":"https:\/\/laamalia1888.com\/wp-content\/uploads\/2021\/05\/cropped-cropped-LOGO-LA-AMALIA-1.png","contentUrl":"https:\/\/laamalia1888.com\/wp-content\/uploads\/2021\/05\/cropped-cropped-LOGO-LA-AMALIA-1.png","width":1234,"height":254,"caption":"La Amalia 1888 offers Colombian specialty coffee"},"image":{"@id":"https:\/\/laamalia1888.com\/#\/schema\/logo\/image\/"}}]}},"_links":{"self":[{"href":"https:\/\/laamalia1888.com\/es\/wp-json\/wp\/v2\/product\/1171","targetHints":{"allow":["GET"]}}],"collection":[{"href":"https:\/\/laamalia1888.com\/es\/wp-json\/wp\/v2\/product"}],"about":[{"href":"https:\/\/laamalia1888.com\/es\/wp-json\/wp\/v2\/types\/product"}],"wp:featuredmedia":[{"embeddable":true,"href":"https:\/\/laamalia1888.com\/es\/wp-json\/wp\/v2\/media\/964"}],"wp:attachment":[{"href":"https:\/\/laamalia1888.com\/es\/wp-json\/wp\/v2\/media?parent=1171"}],"wp:term":[{"taxonomy":"product_brand","embeddable":true,"href":"https:\/\/laamalia1888.com\/es\/wp-json\/wp\/v2\/product_brand?post=1171"},{"taxonomy":"product_cat","embeddable":true,"href":"https:\/\/laamalia1888.com\/es\/wp-json\/wp\/v2\/product_cat?post=1171"},{"taxonomy":"product_tag","embeddable":true,"href":"https:\/\/laamalia1888.com\/es\/wp-json\/wp\/v2\/product_tag?post=1171"}],"curies":[{"name":"wp","href":"https:\/\/api.w.org\/{rel}","templated":true}]}}