{"id":1508,"date":"2025-12-01T18:00:42","date_gmt":"2025-12-01T18:00:42","guid":{"rendered":"https:\/\/laamalia1888.com\/?post_type=product&#038;p=1508"},"modified":"2026-04-23T21:22:35","modified_gmt":"2026-04-23T21:22:35","slug":"exquisite-coffee-guide-book","status":"publish","type":"product","link":"https:\/\/laamalia1888.com\/es\/producto\/exquisite-coffee-guide-book\/","title":{"rendered":"Sembrando Semillas Libro 1 de la Serie 1888 La Amalia A Coffee Novel"},"content":{"rendered":"<p data-start=\"422\" data-end=\"759\"><em data-start=\"422\" data-end=\"442\">Sembrando Las Semillas<\/em> es un extraordinario libro de mesa de centro que celebra la rica historia, cultura y arte del caf\u00e9. Durante siglos, se han compartido historias acompa\u00f1adas de una taza de caf\u00e9, y durante m\u00e1s de 200 a\u00f1os, mi familia ha sido parte de esa tradici\u00f3n, desde que los primeros granos de caf\u00e9 llegaron a Colombia.<\/p>\n<p data-start=\"761\" data-end=\"1212\">Este libro sobre el caf\u00e9, de magn\u00edfica factura, es una obra maestra tanto visual como informativa. Dise\u00f1ado para los amantes del caf\u00e9 y los coleccionistas, invita a los lectores a un fascinante recorrido por el mundo del caf\u00e9 de especialidad, explorando sus or\u00edgenes, tradiciones y su encanto perdurable. Profusamente ilustrado con impresionantes fotograf\u00edas y una narrativa cautivadora, el libro revela la herencia y la maestr\u00eda artesanal que se esconden tras el apreciado grano de caf\u00e9 Ar\u00e1bica 100%.<\/p>\n<p data-start=\"1214\" data-end=\"1622\">Desde las brumosas monta\u00f1as de las regiones cafeteras de Colombia hasta el arte de preparar la taza perfecta, <em data-start=\"1319\" data-end=\"1339\">Sembrando Las Semillas<\/em> ofrece una mirada \u00edntima a la historia del caf\u00e9, la cultura del caf\u00e9 y los principios detr\u00e1s de un caf\u00e9 excepcional. En su interior, descubrir\u00e1s la historia familiar, los conceptos b\u00e1sicos del caf\u00e9 y las t\u00e9cnicas de preparaci\u00f3n, adem\u00e1s de recetas seleccionadas, lo que lo convierte en una adici\u00f3n esencial a la biblioteca de cualquier entusiasta del caf\u00e9.<\/p>\n<p data-start=\"1624\" data-end=\"1736\">M\u00e1s que un libro, <em data-start=\"1642\" data-end=\"1662\">Sembrando Las Semillas<\/em> es un homenaje al caf\u00e9, al legado y a la tradici\u00f3n. Arraigado en un legado de caf\u00e9 de 200 a\u00f1os, elaborado para aquellos que no aceptan nada m\u00e1s que lo mejor. <strong>Welcome to the family<\/strong>.<\/p>\n<p data-start=\"1096\" data-end=\"1152\">","protected":false},"excerpt":{"rendered":"<p data-start=\"422\" data-end=\"759\"><em data-start=\"422\" data-end=\"442\">Sembrando Las Semillas<\/em> es un extraordinario libro de mesa de centro que celebra la rica historia, cultura y arte del caf\u00e9. Durante siglos, se han compartido historias acompa\u00f1adas de una taza de caf\u00e9, y durante m\u00e1s de 200 a\u00f1os, mi familia ha sido parte de esa tradici\u00f3n, desde que los primeros granos de caf\u00e9 llegaron a Colombia.<\/p>\n<p data-start=\"761\" data-end=\"1212\">Este libro sobre el caf\u00e9, de magn\u00edfica factura, es una obra maestra tanto visual como informativa. Dise\u00f1ado para los amantes del caf\u00e9 y los coleccionistas, invita a los lectores a un fascinante recorrido por el mundo del caf\u00e9 de especialidad, explorando sus or\u00edgenes, tradiciones y su encanto perdurable. Profusamente ilustrado con impresionantes fotograf\u00edas y una narrativa cautivadora, el libro revela la herencia y la maestr\u00eda artesanal que se esconden tras el apreciado grano de caf\u00e9 Ar\u00e1bica 100%.<\/p>\n<p data-start=\"1214\" data-end=\"1622\">Desde las brumosas monta\u00f1as de las regiones cafeteras de Colombia hasta el arte de preparar la taza perfecta, <em data-start=\"1319\" data-end=\"1339\">Sembrando Las Semillas<\/em> ofrece una mirada \u00edntima a la historia del caf\u00e9, la cultura del caf\u00e9 y los principios detr\u00e1s de un caf\u00e9 excepcional. En su interior, descubrir\u00e1s la historia familiar, los conceptos b\u00e1sicos del caf\u00e9 y las t\u00e9cnicas de preparaci\u00f3n, adem\u00e1s de recetas seleccionadas, lo que lo convierte en una adici\u00f3n esencial a la biblioteca de cualquier entusiasta del caf\u00e9.<\/p>\n<p data-start=\"1624\" data-end=\"1736\">M\u00e1s que un libro, <em data-start=\"1642\" data-end=\"1662\">Sembrando Las Semillas<\/em> es un homenaje al caf\u00e9, al legado y a la tradici\u00f3n. Arraigado en un legado de caf\u00e9 de 200 a\u00f1os, elaborado para aquellos que no aceptan nada m\u00e1s que lo mejor.\u00a0 <strong>Bienvenido a la familia.<\/strong><\/p>\n<p data-start=\"1624\" data-end=\"1736\">","protected":false},"featured_media":3970,"template":"","meta":{"_acf_changed":false,"nf_dc_page":"","site-sidebar-layout":"default","site-content-layout":"","ast-site-content-layout":"default","site-content-style":"default","site-sidebar-style":"default","ast-global-header-display":"","ast-banner-title-visibility":"","ast-main-header-display":"","ast-hfb-above-header-display":"","ast-hfb-below-header-display":"","ast-hfb-mobile-header-display":"","site-post-title":"","ast-breadcrumbs-content":"","ast-featured-img":"","footer-sml-layout":"","ast-disable-related-posts":"","theme-transparent-header-meta":"default","adv-header-id-meta":"","stick-header-meta":"","header-above-stick-meta":"","header-main-stick-meta":"","header-below-stick-meta":"","astra-migrate-meta-layouts":"set","ast-page-background-enabled":"default","ast-page-background-meta":{"desktop":{"background-color":"var(--ast-global-color-4)","background-image":"","background-repeat":"repeat","background-position":"center center","background-size":"auto","background-attachment":"scroll","background-type":"","background-media":"","overlay-type":"","overlay-color":"","overlay-opacity":"","overlay-gradient":""},"tablet":{"background-color":"","background-image":"","background-repeat":"repeat","background-position":"center center","background-size":"auto","background-attachment":"scroll","background-type":"","background-media":"","overlay-type":"","overlay-color":"","overlay-opacity":"","overlay-gradient":""},"mobile":{"background-color":"","background-image":"","background-repeat":"repeat","background-position":"center center","background-size":"auto","background-attachment":"scroll","background-type":"","background-media":"","overlay-type":"","overlay-color":"","overlay-opacity":"","overlay-gradient":""}},"ast-content-background-meta":{"desktop":{"background-color":"var(--ast-global-color-5)","background-image":"","background-repeat":"repeat","background-position":"center center","background-size":"auto","background-attachment":"scroll","background-type":"","background-media":"","overlay-type":"","overlay-color":"","overlay-opacity":"","overlay-gradient":""},"tablet":{"background-color":"var(--ast-global-color-5)","background-image":"","background-repeat":"repeat","background-position":"center center","background-size":"auto","background-attachment":"scroll","background-type":"","background-media":"","overlay-type":"","overlay-color":"","overlay-opacity":"","overlay-gradient":""},"mobile":{"background-color":"var(--ast-global-color-5)","background-image":"","background-repeat":"repeat","background-position":"center center","background-size":"auto","background-attachment":"scroll","background-type":"","background-media":"","overlay-type":"","overlay-color":"","overlay-opacity":"","overlay-gradient":""}}},"product_brand":[136],"product_cat":[51],"product_tag":[177,38,178,179,174,181,173,175,180,176],"class_list":{"0":"post-1508","1":"product","2":"type-product","3":"status-publish","4":"has-post-thumbnail","6":"product_brand-la-amalia-1888","7":"product_cat-book","8":"product_tag-arabica-coffee-book","9":"product_tag-books","10":"product_tag-coffee-culture-book","11":"product_tag-coffee-heritage-book","12":"product_tag-coffee-history-book","13":"product_tag-coffee-lover-gift","14":"product_tag-coffee-table-book","15":"product_tag-colombian-coffee-book","16":"product_tag-luxury-coffee-book","17":"product_tag-specialty-coffee-book","18":"desktop-align-left","19":"tablet-align-left","20":"mobile-align-left","22":"first","23":"instock","24":"taxable","25":"shipping-taxable","26":"purchasable","27":"product-type-simple"},"acf":[],"yoast_head":"<!-- This site is optimized with the Yoast SEO plugin v27.6 - https:\/\/yoast.com\/product\/yoast-seo-wordpress\/ -->\n<title>Exquisite Coffee Guide book - La Amalia 1888<\/title>\n<meta name=\"description\" content=\"Exquisite Coffee Guide book by Maria Amalia Robbin, part one of the &quot;1888 A Coffee Novel by Mar\u00eda Amalia Robbin&quot; series.\" \/>\n<meta name=\"robots\" content=\"index, follow, max-snippet:-1, max-image-preview:large, max-video-preview:-1\" \/>\n<link rel=\"canonical\" href=\"https:\/\/laamalia1888.com\/es\/producto\/exquisite-coffee-guide-book\/\" \/>\n<meta property=\"og:locale\" content=\"es_ES\" \/>\n<meta property=\"og:type\" content=\"article\" \/>\n<meta property=\"og:title\" content=\"Exquisite Coffee Guide book - La Amalia 1888\" \/>\n<meta property=\"og:description\" content=\"Exquisite Coffee Guide book by Maria Amalia Robbin, part one of the &quot;1888 A Coffee Novel by Mar\u00eda Amalia Robbin&quot; series.\" \/>\n<meta property=\"og:url\" content=\"https:\/\/laamalia1888.com\/es\/producto\/exquisite-coffee-guide-book\/\" \/>\n<meta property=\"og:site_name\" content=\"La Amalia 1888\" \/>\n<meta property=\"article:modified_time\" content=\"2026-04-23T21:22:35+00:00\" \/>\n<meta property=\"og:image\" content=\"https:\/\/laamalia1888.com\/wp-content\/uploads\/2023\/10\/Libro-Caratula.jpg\" \/>\n\t<meta property=\"og:image:width\" content=\"940\" \/>\n\t<meta property=\"og:image:height\" content=\"788\" \/>\n\t<meta property=\"og:image:type\" content=\"image\/jpeg\" \/>\n<meta name=\"twitter:card\" content=\"summary_large_image\" \/>\n<meta name=\"twitter:label1\" content=\"Tiempo de lectura\" \/>\n\t<meta name=\"twitter:data1\" content=\"2 minutos\" \/>\n<script type=\"application\/ld+json\" class=\"yoast-schema-graph\">{\"@context\":\"https:\\\/\\\/schema.org\",\"@graph\":[{\"@type\":\"WebPage\",\"@id\":\"https:\\\/\\\/laamalia1888.com\\\/product\\\/exquisite-coffee-guide-book\\\/\",\"url\":\"https:\\\/\\\/laamalia1888.com\\\/product\\\/exquisite-coffee-guide-book\\\/\",\"name\":\"Exquisite Coffee Guide book - La Amalia 1888\",\"isPartOf\":{\"@id\":\"https:\\\/\\\/laamalia1888.com\\\/#website\"},\"primaryImageOfPage\":{\"@id\":\"https:\\\/\\\/laamalia1888.com\\\/product\\\/exquisite-coffee-guide-book\\\/#primaryimage\"},\"image\":{\"@id\":\"https:\\\/\\\/laamalia1888.com\\\/product\\\/exquisite-coffee-guide-book\\\/#primaryimage\"},\"thumbnailUrl\":\"https:\\\/\\\/laamalia1888.com\\\/wp-content\\\/uploads\\\/2023\\\/10\\\/Libro-Caratula.jpg\",\"datePublished\":\"2025-12-01T18:00:42+00:00\",\"dateModified\":\"2026-04-23T21:22:35+00:00\",\"description\":\"Exquisite Coffee Guide book by Maria Amalia Robbin, part one of the \\\"1888 A Coffee Novel by Mar\u00eda Amalia Robbin\\\" series.\",\"breadcrumb\":{\"@id\":\"https:\\\/\\\/laamalia1888.com\\\/product\\\/exquisite-coffee-guide-book\\\/#breadcrumb\"},\"inLanguage\":\"es-CO\",\"potentialAction\":[{\"@type\":\"ReadAction\",\"target\":[\"https:\\\/\\\/laamalia1888.com\\\/product\\\/exquisite-coffee-guide-book\\\/\"]}]},{\"@type\":\"ImageObject\",\"inLanguage\":\"es-CO\",\"@id\":\"https:\\\/\\\/laamalia1888.com\\\/product\\\/exquisite-coffee-guide-book\\\/#primaryimage\",\"url\":\"https:\\\/\\\/laamalia1888.com\\\/wp-content\\\/uploads\\\/2023\\\/10\\\/Libro-Caratula.jpg\",\"contentUrl\":\"https:\\\/\\\/laamalia1888.com\\\/wp-content\\\/uploads\\\/2023\\\/10\\\/Libro-Caratula.jpg\",\"width\":940,\"height\":788,\"caption\":\"Planting The Seeds \u2014 a story of heritage, coffee, and the journey that shaped La Amalia 1888.\"},{\"@type\":\"BreadcrumbList\",\"@id\":\"https:\\\/\\\/laamalia1888.com\\\/product\\\/exquisite-coffee-guide-book\\\/#breadcrumb\",\"itemListElement\":[{\"@type\":\"ListItem\",\"position\":1,\"name\":\"Home\",\"item\":\"https:\\\/\\\/laamalia1888.com\\\/\"},{\"@type\":\"ListItem\",\"position\":2,\"name\":\"Shop\",\"item\":\"https:\\\/\\\/laamalia1888.com\\\/shop\\\/\"},{\"@type\":\"ListItem\",\"position\":3,\"name\":\"Planting The Seeds Book 1 From The Series 1888 La Amalia A Coffee Novel\"}]},{\"@type\":\"WebSite\",\"@id\":\"https:\\\/\\\/laamalia1888.com\\\/#website\",\"url\":\"https:\\\/\\\/laamalia1888.com\\\/\",\"name\":\"La Amalia 1888 offers Colombian specialty coffee\",\"description\":\"La Amalia 1888 offers Colombian specialty coffee\",\"publisher\":{\"@id\":\"https:\\\/\\\/laamalia1888.com\\\/#organization\"},\"alternateName\":\"Colombian specialty coffee\",\"potentialAction\":[{\"@type\":\"SearchAction\",\"target\":{\"@type\":\"EntryPoint\",\"urlTemplate\":\"https:\\\/\\\/laamalia1888.com\\\/?s={search_term_string}\"},\"query-input\":{\"@type\":\"PropertyValueSpecification\",\"valueRequired\":true,\"valueName\":\"search_term_string\"}}],\"inLanguage\":\"es-CO\"},{\"@type\":\"Organization\",\"@id\":\"https:\\\/\\\/laamalia1888.com\\\/#organization\",\"name\":\"La Amalia 1888 offers Colombian specialty coffee\",\"alternateName\":\"Colombian specialty coffee\",\"url\":\"https:\\\/\\\/laamalia1888.com\\\/\",\"logo\":{\"@type\":\"ImageObject\",\"inLanguage\":\"es-CO\",\"@id\":\"https:\\\/\\\/laamalia1888.com\\\/#\\\/schema\\\/logo\\\/image\\\/\",\"url\":\"https:\\\/\\\/laamalia1888.com\\\/wp-content\\\/uploads\\\/2021\\\/05\\\/cropped-cropped-LOGO-LA-AMALIA-1.png\",\"contentUrl\":\"https:\\\/\\\/laamalia1888.com\\\/wp-content\\\/uploads\\\/2021\\\/05\\\/cropped-cropped-LOGO-LA-AMALIA-1.png\",\"width\":1234,\"height\":254,\"caption\":\"La Amalia 1888 offers Colombian specialty coffee\"},\"image\":{\"@id\":\"https:\\\/\\\/laamalia1888.com\\\/#\\\/schema\\\/logo\\\/image\\\/\"}}]}<\/script>\n<!-- \/ Yoast SEO plugin. -->","yoast_head_json":{"title":"Exquisite Coffee Guide book - La Amalia 1888","description":"Exquisite Coffee Guide book by Maria Amalia Robbin, part one of the \"1888 A Coffee Novel by Mar\u00eda Amalia Robbin\" series.","robots":{"index":"index","follow":"follow","max-snippet":"max-snippet:-1","max-image-preview":"max-image-preview:large","max-video-preview":"max-video-preview:-1"},"canonical":"https:\/\/laamalia1888.com\/es\/producto\/exquisite-coffee-guide-book\/","og_locale":"es_ES","og_type":"article","og_title":"Exquisite Coffee Guide book - La Amalia 1888","og_description":"Exquisite Coffee Guide book by Maria Amalia Robbin, part one of the \"1888 A Coffee Novel by Mar\u00eda Amalia Robbin\" series.","og_url":"https:\/\/laamalia1888.com\/es\/producto\/exquisite-coffee-guide-book\/","og_site_name":"La Amalia 1888","article_modified_time":"2026-04-23T21:22:35+00:00","og_image":[{"width":940,"height":788,"url":"https:\/\/laamalia1888.com\/wp-content\/uploads\/2023\/10\/Libro-Caratula.jpg","type":"image\/jpeg"}],"twitter_card":"summary_large_image","twitter_misc":{"Tiempo de lectura":"2 minutos"},"schema":{"@context":"https:\/\/schema.org","@graph":[{"@type":"WebPage","@id":"https:\/\/laamalia1888.com\/product\/exquisite-coffee-guide-book\/","url":"https:\/\/laamalia1888.com\/product\/exquisite-coffee-guide-book\/","name":"Exquisite Coffee Guide book - La Amalia 1888","isPartOf":{"@id":"https:\/\/laamalia1888.com\/#website"},"primaryImageOfPage":{"@id":"https:\/\/laamalia1888.com\/product\/exquisite-coffee-guide-book\/#primaryimage"},"image":{"@id":"https:\/\/laamalia1888.com\/product\/exquisite-coffee-guide-book\/#primaryimage"},"thumbnailUrl":"https:\/\/laamalia1888.com\/wp-content\/uploads\/2023\/10\/Libro-Caratula.jpg","datePublished":"2025-12-01T18:00:42+00:00","dateModified":"2026-04-23T21:22:35+00:00","description":"Exquisite Coffee Guide book by Maria Amalia Robbin, part one of the \"1888 A Coffee Novel by Mar\u00eda Amalia Robbin\" series.","breadcrumb":{"@id":"https:\/\/laamalia1888.com\/product\/exquisite-coffee-guide-book\/#breadcrumb"},"inLanguage":"es-CO","potentialAction":[{"@type":"ReadAction","target":["https:\/\/laamalia1888.com\/product\/exquisite-coffee-guide-book\/"]}]},{"@type":"ImageObject","inLanguage":"es-CO","@id":"https:\/\/laamalia1888.com\/product\/exquisite-coffee-guide-book\/#primaryimage","url":"https:\/\/laamalia1888.com\/wp-content\/uploads\/2023\/10\/Libro-Caratula.jpg","contentUrl":"https:\/\/laamalia1888.com\/wp-content\/uploads\/2023\/10\/Libro-Caratula.jpg","width":940,"height":788,"caption":"Planting The Seeds \u2014 a story of heritage, coffee, and the journey that shaped La Amalia 1888."},{"@type":"BreadcrumbList","@id":"https:\/\/laamalia1888.com\/product\/exquisite-coffee-guide-book\/#breadcrumb","itemListElement":[{"@type":"ListItem","position":1,"name":"Home","item":"https:\/\/laamalia1888.com\/"},{"@type":"ListItem","position":2,"name":"Shop","item":"https:\/\/laamalia1888.com\/shop\/"},{"@type":"ListItem","position":3,"name":"Planting The Seeds Book 1 From The Series 1888 La Amalia A Coffee Novel"}]},{"@type":"WebSite","@id":"https:\/\/laamalia1888.com\/#website","url":"https:\/\/laamalia1888.com\/","name":"La Amalia 1888 ofrece caf\u00e9 especial colombiano","description":"La Amalia 1888 ofrece caf\u00e9 especial colombiano","publisher":{"@id":"https:\/\/laamalia1888.com\/#organization"},"alternateName":"Colombian specialty coffee","potentialAction":[{"@type":"SearchAction","target":{"@type":"EntryPoint","urlTemplate":"https:\/\/laamalia1888.com\/?s={search_term_string}"},"query-input":{"@type":"PropertyValueSpecification","valueRequired":true,"valueName":"search_term_string"}}],"inLanguage":"es-CO"},{"@type":"Organization","@id":"https:\/\/laamalia1888.com\/#organization","name":"La Amalia 1888 ofrece caf\u00e9 especial colombiano","alternateName":"Colombian specialty coffee","url":"https:\/\/laamalia1888.com\/","logo":{"@type":"ImageObject","inLanguage":"es-CO","@id":"https:\/\/laamalia1888.com\/#\/schema\/logo\/image\/","url":"https:\/\/laamalia1888.com\/wp-content\/uploads\/2021\/05\/cropped-cropped-LOGO-LA-AMALIA-1.png","contentUrl":"https:\/\/laamalia1888.com\/wp-content\/uploads\/2021\/05\/cropped-cropped-LOGO-LA-AMALIA-1.png","width":1234,"height":254,"caption":"La Amalia 1888 offers Colombian specialty coffee"},"image":{"@id":"https:\/\/laamalia1888.com\/#\/schema\/logo\/image\/"}}]}},"_links":{"self":[{"href":"https:\/\/laamalia1888.com\/es\/wp-json\/wp\/v2\/product\/1508","targetHints":{"allow":["GET"]}}],"collection":[{"href":"https:\/\/laamalia1888.com\/es\/wp-json\/wp\/v2\/product"}],"about":[{"href":"https:\/\/laamalia1888.com\/es\/wp-json\/wp\/v2\/types\/product"}],"wp:featuredmedia":[{"embeddable":true,"href":"https:\/\/laamalia1888.com\/es\/wp-json\/wp\/v2\/media\/3970"}],"wp:attachment":[{"href":"https:\/\/laamalia1888.com\/es\/wp-json\/wp\/v2\/media?parent=1508"}],"wp:term":[{"taxonomy":"product_brand","embeddable":true,"href":"https:\/\/laamalia1888.com\/es\/wp-json\/wp\/v2\/product_brand?post=1508"},{"taxonomy":"product_cat","embeddable":true,"href":"https:\/\/laamalia1888.com\/es\/wp-json\/wp\/v2\/product_cat?post=1508"},{"taxonomy":"product_tag","embeddable":true,"href":"https:\/\/laamalia1888.com\/es\/wp-json\/wp\/v2\/product_tag?post=1508"}],"curies":[{"name":"wp","href":"https:\/\/api.w.org\/{rel}","templated":true}]}}