{"id":2060,"date":"2025-12-01T16:42:12","date_gmt":"2025-12-01T16:42:12","guid":{"rendered":"https:\/\/laamalia1888.com\/?post_type=product&#038;p=2060"},"modified":"2026-04-22T15:48:05","modified_gmt":"2026-04-22T15:48:05","slug":"luxury-coffee-lover-gift-box","status":"publish","type":"product","link":"https:\/\/laamalia1888.com\/es\/producto\/luxury-coffee-lover-gift-box\/","title":{"rendered":"La Caja de Regalo de Lujo para Amantes del Caf\u00e9 de La Amalia 1888"},"content":{"rendered":"<h3 data-start=\"2145\" data-end=\"2197\">La Caja de Regalo de Lujo para Amantes del Caf\u00e9 de La Amalia 1888<\/h3>\n<p data-start=\"2199\" data-end=\"2291\">This luxurious coffee lover&#8217;s gift box is created for those who truly appreciate exceptional coffee.<\/p>\n<p data-start=\"2293\" data-end=\"2509\">La Amalia 1888\u2019s Luxury Coffee Lover\u2019s Gift Box is a refined tasting experience rooted in a 200-year Colombian coffee legacy. Every element is thoughtfully curated to elevate coffee from a ritual into an art form.<\/p>\n<p data-start=\"2511\" data-end=\"2734\">At the heart of this collection is our hardcover, bilingual coffee table book <em data-start=\"2589\" data-end=\"2609\">Sembrando Las Semillas<\/em>. It explores coffee history, family tradition, brewing principles, and recipes through elegant storytelling and photography.<\/p>\n<p data-start=\"2736\" data-end=\"2915\">This luxurious coffee lover&#8217;s gift box also includes <strong data-start=\"2763\" data-end=\"2820\">two bags of 100% Arabica specialty coffee whole beans<\/strong>. Each bean is hand picked at peak ripeness and carefully selected for quality before roasting.<\/p>\n<p data-start=\"2917\" data-end=\"3020\">Our coffees are roasted to perfection in small batches to preserve aroma, balance, and depth of flavor.<\/p>\n<p data-start=\"3022\" data-end=\"3047\"><strong data-start=\"3022\" data-end=\"3047\">Inside your gift box:<\/strong><\/p>\n<ul data-start=\"3048\" data-end=\"3234\">\n<li data-start=\"3048\" data-end=\"3089\">\n<p data-start=\"3050\" data-end=\"3089\">Hardcover bilingual coffee table book<\/p>\n<\/li>\n<li data-start=\"3090\" data-end=\"3144\">\n<p data-start=\"3092\" data-end=\"3144\">Two bags of hand-picked Colombian specialty coffee<\/p>\n<\/li>\n<li data-start=\"3145\" data-end=\"3196\">\n<p data-start=\"3147\" data-end=\"3196\">Your choice of roast: Medium, Dark, or Espresso<\/p>\n<\/li>\n<li data-start=\"3197\" data-end=\"3234\">\n<p data-start=\"3199\" data-end=\"3234\">Elegant keepsake presentation box<\/p>\n<\/li>\n<\/ul>\n<p data-start=\"3236\" data-end=\"3424\">Each roast delivers a distinct experience, from smooth and balanced to bold and intense. You select the roast profile that best reflects your taste \u2014 or the taste of someone truly special.<\/p>\n<p data-start=\"3426\" data-end=\"3598\">Completing the experience is our signature coffee scoop, designed to measure the perfect dose while sealing your beans to preserve freshness. Every detail serves a purpose.<\/p>\n<p data-start=\"3600\" data-end=\"3682\">This is more than a gift. It is a statement of taste, heritage, and craftsmanship.<\/p>\n<p data-start=\"3684\" data-end=\"3774\"><strong data-start=\"3684\" data-end=\"3774\">Basado en un legado cafetero de 200 a\u00f1os, elaborado para quienes no aceptan nada menos que lo mejor.<\/strong><\/p>","protected":false},"excerpt":{"rendered":"<p data-start=\"1399\" data-end=\"1695\">Bienvenido al ep\u00edtome del placer del caf\u00e9 con el <strong data-start=\"1452\" data-end=\"1504\">La Caja de Regalo Exclusiva La Amalia 1888 para Amantes del Caf\u00e9<\/strong>. Este set meticulosamente seleccionado celebra 200 a\u00f1os de tradici\u00f3n cafetera, ofreciendo una experiencia elevada dise\u00f1ada para quienes aprecian la calidad excepcional, la artesan\u00eda y el legado.<\/p>\n<p data-start=\"1697\" data-end=\"2030\">En el coraz\u00f3n de este lujoso set de regalo se encuentra nuestro libro de mesa de tapa dura, biling\u00fce, <em data-start=\"1785\" data-end=\"1805\">Sembrando Las Semillas<\/em>. Rico en narraci\u00f3n y fotograf\u00eda, lleva a los lectores en un viaje a trav\u00e9s de la historia del caf\u00e9, los principios del caf\u00e9, la tradici\u00f3n familiar y recetas curadas, ofreciendo una visi\u00f3n del mundo del caf\u00e9 de especialidad desde el grano hasta la taza.<\/p>\n<p data-start=\"2032\" data-end=\"2529\">El libro se complementa con dos bolsas de caf\u00e9 de especialidad Ar\u00e1bica 100% en grano, recogido a mano uno a uno en su punto \u00f3ptimo de maduraci\u00f3n y seleccionado a la perfecci\u00f3n en las mejores regiones cafeteras de Colombia. Cada lote se selecciona con maestr\u00eda y se tuesta en peque\u00f1as cantidades para preservar la frescura, el aroma y la intensidad del sabor. El tueste medio est\u00e1 envuelto en un elegante azul, el tueste oscuro en un refinado dorado y el espresso en un rojo apasionado; cada color refleja el car\u00e1cter del caf\u00e9 que contiene.<\/p>\n<p data-start=\"2531\" data-end=\"2771\">La experiencia se presenta maravillosamente en una lujosa caja de regalo, transformando este set en algo m\u00e1s que un obsequio. Se convierte en un momento significativo, cuidadosamente elaborado y listo para impresionar desde el primer desempaque hasta el \u00faltimo sorbo.<\/p>\n<p data-start=\"2773\" data-end=\"3047\">A\u00f1adiendo un toque de elegancia pr\u00e1ctica, aqu\u00ed tienes nuestra exclusiva cuchara para caf\u00e9, dise\u00f1ada para medir la dosis perfecta y al mismo tiempo servir como clip seguro para la bolsa. Este innovador accesorio ayuda a conservar la frescura de tu caf\u00e9 Ar\u00e1bica premium manteniendo cada bolsa herm\u00e9tica y arom\u00e1tica.<\/p>\n<p data-start=\"3049\" data-end=\"3268\">El <strong data-start=\"3053\" data-end=\"3105\">La Caja de Regalo Exclusiva La Amalia 1888 para Amantes del Caf\u00e9<\/strong> es una oda al conocedor refinado. Es el regalo de caf\u00e9 de lujo perfecto para las fiestas, cumplea\u00f1os, obsequios corporativos o momentos inolvidables que merecen ser celebrados.<\/p>\n<p data-start=\"3270\" data-end=\"3358\"><em data-start=\"3270\" data-end=\"3358\">Basado en un legado cafetero de 200 a\u00f1os, elaborado para quienes no aceptan nada menos que lo mejor.<\/em><\/p>\n<p>&nbsp;<\/p>","protected":false},"featured_media":3846,"template":"","meta":{"_acf_changed":false,"nf_dc_page":"","site-sidebar-layout":"default","site-content-layout":"","ast-site-content-layout":"default","site-content-style":"default","site-sidebar-style":"default","ast-global-header-display":"","ast-banner-title-visibility":"","ast-main-header-display":"","ast-hfb-above-header-display":"","ast-hfb-below-header-display":"","ast-hfb-mobile-header-display":"","site-post-title":"","ast-breadcrumbs-content":"","ast-featured-img":"","footer-sml-layout":"","ast-disable-related-posts":"","theme-transparent-header-meta":"default","adv-header-id-meta":"","stick-header-meta":"","header-above-stick-meta":"","header-main-stick-meta":"","header-below-stick-meta":"","astra-migrate-meta-layouts":"set","ast-page-background-enabled":"default","ast-page-background-meta":{"desktop":{"background-color":"var(--ast-global-color-4)","background-image":"","background-repeat":"repeat","background-position":"center center","background-size":"auto","background-attachment":"scroll","background-type":"","background-media":"","overlay-type":"","overlay-color":"","overlay-opacity":"","overlay-gradient":""},"tablet":{"background-color":"","background-image":"","background-repeat":"repeat","background-position":"center center","background-size":"auto","background-attachment":"scroll","background-type":"","background-media":"","overlay-type":"","overlay-color":"","overlay-opacity":"","overlay-gradient":""},"mobile":{"background-color":"","background-image":"","background-repeat":"repeat","background-position":"center center","background-size":"auto","background-attachment":"scroll","background-type":"","background-media":"","overlay-type":"","overlay-color":"","overlay-opacity":"","overlay-gradient":""}},"ast-content-background-meta":{"desktop":{"background-color":"var(--ast-global-color-5)","background-image":"","background-repeat":"repeat","background-position":"center center","background-size":"auto","background-attachment":"scroll","background-type":"","background-media":"","overlay-type":"","overlay-color":"","overlay-opacity":"","overlay-gradient":""},"tablet":{"background-color":"var(--ast-global-color-5)","background-image":"","background-repeat":"repeat","background-position":"center center","background-size":"auto","background-attachment":"scroll","background-type":"","background-media":"","overlay-type":"","overlay-color":"","overlay-opacity":"","overlay-gradient":""},"mobile":{"background-color":"var(--ast-global-color-5)","background-image":"","background-repeat":"repeat","background-position":"center center","background-size":"auto","background-attachment":"scroll","background-type":"","background-media":"","overlay-type":"","overlay-color":"","overlay-opacity":"","overlay-gradient":""}}},"product_brand":[136],"product_cat":[50],"product_tag":[194,192,197,193,196,199,191,195,198],"class_list":{"0":"post-2060","1":"product","2":"type-product","3":"status-publish","4":"has-post-thumbnail","6":"product_brand-la-amalia-1888","7":"product_cat-gift-boxes","8":"product_tag-arabica-coffee-gift","9":"product_tag-coffee-lover-gift-set","10":"product_tag-coffee-table-book-gift","11":"product_tag-colombian-specialty-coffee-gift","12":"product_tag-gourmet-coffee-gift","13":"product_tag-la-amalia-1888-gift","14":"product_tag-luxury-coffee-gift-box","15":"product_tag-premium-coffee-gift-box","16":"product_tag-specialty-coffee-gift-set","17":"desktop-align-left","18":"tablet-align-left","19":"mobile-align-left","21":"first","22":"instock","23":"taxable","24":"shipping-taxable","25":"purchasable","26":"product-type-variable","27":"has-default-attributes"},"acf":[],"yoast_head":"<!-- This site is optimized with the Yoast SEO plugin v27.6 - https:\/\/yoast.com\/product\/yoast-seo-wordpress\/ -->\n<title>Luxury Coffee Lover&#039;s Gift box - La Amalia 1888<\/title>\n<meta name=\"description\" content=\"Discover a luxury coffee lover gift box with specialty Colombian coffee and refined accessories, beautifully curated for unforgettable gifting.\" \/>\n<meta name=\"robots\" content=\"index, follow, max-snippet:-1, max-image-preview:large, max-video-preview:-1\" \/>\n<link rel=\"canonical\" href=\"https:\/\/laamalia1888.com\/es\/producto\/luxury-coffee-lover-gift-box\/\" \/>\n<meta property=\"og:locale\" content=\"es_ES\" \/>\n<meta property=\"og:type\" content=\"article\" \/>\n<meta property=\"og:title\" content=\"Luxury Coffee Lover&#039;s Gift box - La Amalia 1888\" \/>\n<meta property=\"og:description\" content=\"Discover a luxury coffee lover gift box with specialty Colombian coffee and refined accessories, beautifully curated for unforgettable gifting.\" \/>\n<meta property=\"og:url\" content=\"https:\/\/laamalia1888.com\/es\/producto\/luxury-coffee-lover-gift-box\/\" \/>\n<meta property=\"og:site_name\" content=\"La Amalia 1888\" \/>\n<meta property=\"article:modified_time\" content=\"2026-04-22T15:48:05+00:00\" \/>\n<meta property=\"og:image\" content=\"https:\/\/laamalia1888.com\/wp-content\/uploads\/2023\/11\/IMG_5774-2.jpg\" \/>\n\t<meta property=\"og:image:width\" content=\"940\" \/>\n\t<meta property=\"og:image:height\" content=\"788\" \/>\n\t<meta property=\"og:image:type\" content=\"image\/jpeg\" \/>\n<meta name=\"twitter:card\" content=\"summary_large_image\" \/>\n<meta name=\"twitter:label1\" content=\"Tiempo de lectura\" \/>\n\t<meta name=\"twitter:data1\" content=\"2 minutos\" \/>\n<script type=\"application\/ld+json\" class=\"yoast-schema-graph\">{\"@context\":\"https:\\\/\\\/schema.org\",\"@graph\":[{\"@type\":\"WebPage\",\"@id\":\"https:\\\/\\\/laamalia1888.com\\\/product\\\/luxury-coffee-lover-gift-box\\\/\",\"url\":\"https:\\\/\\\/laamalia1888.com\\\/product\\\/luxury-coffee-lover-gift-box\\\/\",\"name\":\"Luxury Coffee Lover's Gift box - La Amalia 1888\",\"isPartOf\":{\"@id\":\"https:\\\/\\\/laamalia1888.com\\\/#website\"},\"primaryImageOfPage\":{\"@id\":\"https:\\\/\\\/laamalia1888.com\\\/product\\\/luxury-coffee-lover-gift-box\\\/#primaryimage\"},\"image\":{\"@id\":\"https:\\\/\\\/laamalia1888.com\\\/product\\\/luxury-coffee-lover-gift-box\\\/#primaryimage\"},\"thumbnailUrl\":\"https:\\\/\\\/laamalia1888.com\\\/wp-content\\\/uploads\\\/2023\\\/11\\\/IMG_5774-2.jpg\",\"datePublished\":\"2025-12-01T16:42:12+00:00\",\"dateModified\":\"2026-04-22T15:48:05+00:00\",\"description\":\"Discover a luxury coffee lover gift box with specialty Colombian coffee and refined accessories, beautifully curated for unforgettable gifting.\",\"breadcrumb\":{\"@id\":\"https:\\\/\\\/laamalia1888.com\\\/product\\\/luxury-coffee-lover-gift-box\\\/#breadcrumb\"},\"inLanguage\":\"es-CO\",\"potentialAction\":[{\"@type\":\"ReadAction\",\"target\":[\"https:\\\/\\\/laamalia1888.com\\\/product\\\/luxury-coffee-lover-gift-box\\\/\"]}]},{\"@type\":\"ImageObject\",\"inLanguage\":\"es-CO\",\"@id\":\"https:\\\/\\\/laamalia1888.com\\\/product\\\/luxury-coffee-lover-gift-box\\\/#primaryimage\",\"url\":\"https:\\\/\\\/laamalia1888.com\\\/wp-content\\\/uploads\\\/2023\\\/11\\\/IMG_5774-2.jpg\",\"contentUrl\":\"https:\\\/\\\/laamalia1888.com\\\/wp-content\\\/uploads\\\/2023\\\/11\\\/IMG_5774-2.jpg\",\"width\":940,\"height\":788,\"caption\":\"A statement of elegance\u2014where coffee, story, and tradition meet\"},{\"@type\":\"BreadcrumbList\",\"@id\":\"https:\\\/\\\/laamalia1888.com\\\/product\\\/luxury-coffee-lover-gift-box\\\/#breadcrumb\",\"itemListElement\":[{\"@type\":\"ListItem\",\"position\":1,\"name\":\"Home\",\"item\":\"https:\\\/\\\/laamalia1888.com\\\/\"},{\"@type\":\"ListItem\",\"position\":2,\"name\":\"Shop\",\"item\":\"https:\\\/\\\/laamalia1888.com\\\/shop\\\/\"},{\"@type\":\"ListItem\",\"position\":3,\"name\":\"La Amalia 1888&#8217;s Luxury Coffee Lover\u2019s Gift Box\"}]},{\"@type\":\"WebSite\",\"@id\":\"https:\\\/\\\/laamalia1888.com\\\/#website\",\"url\":\"https:\\\/\\\/laamalia1888.com\\\/\",\"name\":\"La Amalia 1888 offers Colombian specialty coffee\",\"description\":\"La Amalia 1888 offers Colombian specialty coffee\",\"publisher\":{\"@id\":\"https:\\\/\\\/laamalia1888.com\\\/#organization\"},\"alternateName\":\"Colombian specialty coffee\",\"potentialAction\":[{\"@type\":\"SearchAction\",\"target\":{\"@type\":\"EntryPoint\",\"urlTemplate\":\"https:\\\/\\\/laamalia1888.com\\\/?s={search_term_string}\"},\"query-input\":{\"@type\":\"PropertyValueSpecification\",\"valueRequired\":true,\"valueName\":\"search_term_string\"}}],\"inLanguage\":\"es-CO\"},{\"@type\":\"Organization\",\"@id\":\"https:\\\/\\\/laamalia1888.com\\\/#organization\",\"name\":\"La Amalia 1888 offers Colombian specialty coffee\",\"alternateName\":\"Colombian specialty coffee\",\"url\":\"https:\\\/\\\/laamalia1888.com\\\/\",\"logo\":{\"@type\":\"ImageObject\",\"inLanguage\":\"es-CO\",\"@id\":\"https:\\\/\\\/laamalia1888.com\\\/#\\\/schema\\\/logo\\\/image\\\/\",\"url\":\"https:\\\/\\\/laamalia1888.com\\\/wp-content\\\/uploads\\\/2021\\\/05\\\/cropped-cropped-LOGO-LA-AMALIA-1.png\",\"contentUrl\":\"https:\\\/\\\/laamalia1888.com\\\/wp-content\\\/uploads\\\/2021\\\/05\\\/cropped-cropped-LOGO-LA-AMALIA-1.png\",\"width\":1234,\"height\":254,\"caption\":\"La Amalia 1888 offers Colombian specialty coffee\"},\"image\":{\"@id\":\"https:\\\/\\\/laamalia1888.com\\\/#\\\/schema\\\/logo\\\/image\\\/\"}}]}<\/script>\n<!-- \/ Yoast SEO plugin. -->","yoast_head_json":{"title":"Luxury Coffee Lover's Gift box - La Amalia 1888","description":"Discover a luxury coffee lover gift box with specialty Colombian coffee and refined accessories, beautifully curated for unforgettable gifting.","robots":{"index":"index","follow":"follow","max-snippet":"max-snippet:-1","max-image-preview":"max-image-preview:large","max-video-preview":"max-video-preview:-1"},"canonical":"https:\/\/laamalia1888.com\/es\/producto\/luxury-coffee-lover-gift-box\/","og_locale":"es_ES","og_type":"article","og_title":"Luxury Coffee Lover's Gift box - La Amalia 1888","og_description":"Discover a luxury coffee lover gift box with specialty Colombian coffee and refined accessories, beautifully curated for unforgettable gifting.","og_url":"https:\/\/laamalia1888.com\/es\/producto\/luxury-coffee-lover-gift-box\/","og_site_name":"La Amalia 1888","article_modified_time":"2026-04-22T15:48:05+00:00","og_image":[{"width":940,"height":788,"url":"https:\/\/laamalia1888.com\/wp-content\/uploads\/2023\/11\/IMG_5774-2.jpg","type":"image\/jpeg"}],"twitter_card":"summary_large_image","twitter_misc":{"Tiempo de lectura":"2 minutos"},"schema":{"@context":"https:\/\/schema.org","@graph":[{"@type":"WebPage","@id":"https:\/\/laamalia1888.com\/product\/luxury-coffee-lover-gift-box\/","url":"https:\/\/laamalia1888.com\/product\/luxury-coffee-lover-gift-box\/","name":"Luxury Coffee Lover's Gift box - La Amalia 1888","isPartOf":{"@id":"https:\/\/laamalia1888.com\/#website"},"primaryImageOfPage":{"@id":"https:\/\/laamalia1888.com\/product\/luxury-coffee-lover-gift-box\/#primaryimage"},"image":{"@id":"https:\/\/laamalia1888.com\/product\/luxury-coffee-lover-gift-box\/#primaryimage"},"thumbnailUrl":"https:\/\/laamalia1888.com\/wp-content\/uploads\/2023\/11\/IMG_5774-2.jpg","datePublished":"2025-12-01T16:42:12+00:00","dateModified":"2026-04-22T15:48:05+00:00","description":"Discover a luxury coffee lover gift box with specialty Colombian coffee and refined accessories, beautifully curated for unforgettable gifting.","breadcrumb":{"@id":"https:\/\/laamalia1888.com\/product\/luxury-coffee-lover-gift-box\/#breadcrumb"},"inLanguage":"es-CO","potentialAction":[{"@type":"ReadAction","target":["https:\/\/laamalia1888.com\/product\/luxury-coffee-lover-gift-box\/"]}]},{"@type":"ImageObject","inLanguage":"es-CO","@id":"https:\/\/laamalia1888.com\/product\/luxury-coffee-lover-gift-box\/#primaryimage","url":"https:\/\/laamalia1888.com\/wp-content\/uploads\/2023\/11\/IMG_5774-2.jpg","contentUrl":"https:\/\/laamalia1888.com\/wp-content\/uploads\/2023\/11\/IMG_5774-2.jpg","width":940,"height":788,"caption":"A statement of elegance\u2014where coffee, story, and tradition meet"},{"@type":"BreadcrumbList","@id":"https:\/\/laamalia1888.com\/product\/luxury-coffee-lover-gift-box\/#breadcrumb","itemListElement":[{"@type":"ListItem","position":1,"name":"Home","item":"https:\/\/laamalia1888.com\/"},{"@type":"ListItem","position":2,"name":"Shop","item":"https:\/\/laamalia1888.com\/shop\/"},{"@type":"ListItem","position":3,"name":"La Amalia 1888&#8217;s Luxury Coffee Lover\u2019s Gift Box"}]},{"@type":"WebSite","@id":"https:\/\/laamalia1888.com\/#website","url":"https:\/\/laamalia1888.com\/","name":"La Amalia 1888 ofrece caf\u00e9 especial colombiano","description":"La Amalia 1888 ofrece caf\u00e9 especial colombiano","publisher":{"@id":"https:\/\/laamalia1888.com\/#organization"},"alternateName":"Colombian specialty coffee","potentialAction":[{"@type":"SearchAction","target":{"@type":"EntryPoint","urlTemplate":"https:\/\/laamalia1888.com\/?s={search_term_string}"},"query-input":{"@type":"PropertyValueSpecification","valueRequired":true,"valueName":"search_term_string"}}],"inLanguage":"es-CO"},{"@type":"Organization","@id":"https:\/\/laamalia1888.com\/#organization","name":"La Amalia 1888 ofrece caf\u00e9 especial colombiano","alternateName":"Colombian specialty coffee","url":"https:\/\/laamalia1888.com\/","logo":{"@type":"ImageObject","inLanguage":"es-CO","@id":"https:\/\/laamalia1888.com\/#\/schema\/logo\/image\/","url":"https:\/\/laamalia1888.com\/wp-content\/uploads\/2021\/05\/cropped-cropped-LOGO-LA-AMALIA-1.png","contentUrl":"https:\/\/laamalia1888.com\/wp-content\/uploads\/2021\/05\/cropped-cropped-LOGO-LA-AMALIA-1.png","width":1234,"height":254,"caption":"La Amalia 1888 offers Colombian specialty coffee"},"image":{"@id":"https:\/\/laamalia1888.com\/#\/schema\/logo\/image\/"}}]}},"_links":{"self":[{"href":"https:\/\/laamalia1888.com\/es\/wp-json\/wp\/v2\/product\/2060","targetHints":{"allow":["GET"]}}],"collection":[{"href":"https:\/\/laamalia1888.com\/es\/wp-json\/wp\/v2\/product"}],"about":[{"href":"https:\/\/laamalia1888.com\/es\/wp-json\/wp\/v2\/types\/product"}],"wp:featuredmedia":[{"embeddable":true,"href":"https:\/\/laamalia1888.com\/es\/wp-json\/wp\/v2\/media\/3846"}],"wp:attachment":[{"href":"https:\/\/laamalia1888.com\/es\/wp-json\/wp\/v2\/media?parent=2060"}],"wp:term":[{"taxonomy":"product_brand","embeddable":true,"href":"https:\/\/laamalia1888.com\/es\/wp-json\/wp\/v2\/product_brand?post=2060"},{"taxonomy":"product_cat","embeddable":true,"href":"https:\/\/laamalia1888.com\/es\/wp-json\/wp\/v2\/product_cat?post=2060"},{"taxonomy":"product_tag","embeddable":true,"href":"https:\/\/laamalia1888.com\/es\/wp-json\/wp\/v2\/product_tag?post=2060"}],"curies":[{"name":"wp","href":"https:\/\/api.w.org\/{rel}","templated":true}]}}