{"id":909,"date":"2026-04-22T19:18:22","date_gmt":"2026-04-22T19:18:22","guid":{"rendered":"https:\/\/laamalia1888.com\/?post_type=product&#038;p=909"},"modified":"2026-04-23T19:35:33","modified_gmt":"2026-04-23T19:35:33","slug":"dark-roast-colombian-coffee","status":"publish","type":"product","link":"https:\/\/laamalia1888.com\/es\/producto\/dark-roast-colombian-coffee\/","title":{"rendered":"Caf\u00e9 Colombiano de Especialidad La Amalia 1888 Tosti\u00f3n Oscuro \/ 100% Ar\u00e1bica"},"content":{"rendered":"<p data-start=\"595\" data-end=\"1259\">Despierta con la audaz seducci\u00f3n de nuestro <strong data-start=\"632\" data-end=\"673\">Caf\u00e9 de Especialidad Colombiano de Tostion Oscura<\/strong> \u2014 suave, con cuerpo e irresistiblemente refinado. Elaborado en peque\u00f1os lotes limitados, cada <strong data-start=\"767\" data-end=\"823\">grano de caf\u00e9 100% Ar\u00e1bica se selecciona a mano<\/strong> en su punto \u00f3ptimo de maduraci\u00f3n en las monta\u00f1as de Huila, Colombia, luego se selecciona y se tuesta a la perfecci\u00f3n, as\u00ed logrando mayor profundidad en el sabor sin residuos amargos. <strong data-start=\"981\" data-end=\"1046\">Guiados por m\u00e1s de 200 a\u00f1os de tradici\u00f3n cafetera y experiencia generacional,<\/strong>, perfeccionamos cada detalle para ofrecer solo lo mejor. Descubre c\u00f3mo este tueste oscuro despierta todos tus sentidos con su aroma intenso que te envuelve en cada sorbo. C\u00e1lido, seductor y profundamente cautivador, te invita a explorar los placeres m\u00e1s intensos de un caf\u00e9 verdaderamente excepcional.<\/p>\n<p data-start=\"1335\" data-end=\"1628\"><strong data-start=\"1335\" data-end=\"1345\">Especificaciones:<\/strong><br data-start=\"1345\" data-end=\"1348\" \/>\u2022 12 oz \/ 340 g<br data-start=\"1363\" data-end=\"1366\" \/>\u2022 Caf\u00e9 de especialidad en grano<br data-start=\"1395\" data-end=\"1398\" \/>\u2022 Origen: Huila, Colombia<br data-start=\"1423\" data-end=\"1426\" \/>\u2022 Altura: 5,085\u20136,233 pies sobre el nivel del mar (ASL)<br data-start=\"1456\" data-end=\"1459\" \/>\u2022 Variedad: Caturra<br data-start=\"1477\" data-end=\"1480\" \/>\u2022 Proceso: Lavado \/ Secado al sol<br data-start=\"1509\" data-end=\"1512\" \/>\u2022 Notas de cata: Chocolate, manzana roja, mel\u00f3n, mandarina<br data-start=\"1575\" data-end=\"1578\" \/>\u2022 Baja acidez \u2022 Limpio \u2022 Con un final cremoso y persistente<\/p>\n<p data-start=\"1335\" data-end=\"1628\"><strong data-start=\"1261\" data-end=\"1286\">Sugerencias de Preparaci\u00f3n:<\/strong> Use 6 oz de agua (3\/4 de taza \/ 177 ml) y 2 cucharadas de caf\u00e9. La temperatura del agua debe estar entre 195-205 grados Fahrenheit (90,5-96,1 grados Celsius). Utilice agua fresca de manantial (no use agua mineral ni destilada). Guarde el caf\u00e9 en un lugar fresco y seco.<\/p>\n<p data-start=\"1630\" data-end=\"1720\"><strong data-start=\"1630\" data-end=\"1720\">Basado en un legado cafetero de 200 a\u00f1os, elaborado para quienes no aceptan nada menos que lo mejor.<\/strong><\/p>\n<p>Descarga nuestro folleto sobre los conceptos y principios b\u00e1sicos del caf\u00e9: <a href=\"https:\/\/laamalia1888.com\/es\/formulario\/\" target=\"_blank\" rel=\"noopener\">Haz click aqu\u00ed<\/a><\/p>\n<p><strong>Salud por ti y por un buen caf\u00e9!!<\/strong><\/p>","protected":false},"excerpt":{"rendered":"<p data-start=\"595\" data-end=\"1259\">Despierta con la audaz seducci\u00f3n de nuestro <strong data-start=\"632\" data-end=\"673\">Caf\u00e9 de Especialidad Colombiano de Tostion Oscura<\/strong> \u2014 suave, con cuerpo e irresistiblemente refinado. Elaborado en peque\u00f1os lotes limitados, cada <strong data-start=\"767\" data-end=\"823\">grano de caf\u00e9 100% Ar\u00e1bica se selecciona a mano<\/strong> en su punto \u00f3ptimo de maduraci\u00f3n en las monta\u00f1as de Huila, Colombia, luego se selecciona y se tuesta a la perfecci\u00f3n, as\u00ed logrando mayor profundidad en el sabor sin residuos amargos. <strong data-start=\"981\" data-end=\"1046\">Guiados por m\u00e1s de 200 a\u00f1os de tradici\u00f3n cafetera y experiencia generacional,<\/strong>, perfeccionamos cada detalle para ofrecer solo lo mejor. Descubre c\u00f3mo este tueste oscuro despierta todos tus sentidos con su aroma intenso que te envuelve en cada sorbo. C\u00e1lido, seductor y profundamente cautivador, te invita a explorar los placeres m\u00e1s intensos de un caf\u00e9 verdaderamente excepcional.<\/p>\n<p data-start=\"1335\" data-end=\"1628\"><strong data-start=\"1335\" data-end=\"1345\">Especificaciones:<\/strong><br data-start=\"1345\" data-end=\"1348\" \/>\u2022 12 oz \/ 340 g<br data-start=\"1363\" data-end=\"1366\" \/>\u2022 Caf\u00e9 de especialidad en grano<br data-start=\"1395\" data-end=\"1398\" \/>\u2022 Origen: Huila, Colombia<br data-start=\"1423\" data-end=\"1426\" \/>\u2022 Altura: 5,085\u20136,233 pies sobre el nivel del mar (ASL)<br data-start=\"1456\" data-end=\"1459\" \/>\u2022 Variedad: Caturra<br data-start=\"1477\" data-end=\"1480\" \/>\u2022 Proceso: Lavado \/ Secado al sol<br data-start=\"1509\" data-end=\"1512\" \/>\u2022 Notas de cata: Chocolate, manzana roja, mel\u00f3n, mandarina<br data-start=\"1575\" data-end=\"1578\" \/>\u2022 Baja acidez \u2022 Limpio \u2022 Con un final cremoso y persistente<\/p>\n<p data-start=\"1335\" data-end=\"1628\"><strong data-start=\"1261\" data-end=\"1286\">Sugerencias de Preparaci\u00f3n:<\/strong> Use 6 oz de agua (3\/4 de taza \/ 177 ml) y 2 cucharadas de caf\u00e9. La temperatura del agua debe estar entre 195-205 grados Fahrenheit (90,5-96,1 grados Celsius). Utilice agua fresca de manantial (no use agua mineral ni destilada). Guarde el caf\u00e9 en un lugar fresco y seco.<\/p>\n<p data-start=\"1630\" data-end=\"1720\"><strong data-start=\"1630\" data-end=\"1720\">Basado en un legado cafetero de 200 a\u00f1os, elaborado para quienes no aceptan nada menos que lo mejor.<\/strong><\/p>\n<p>Descarga nuestro folleto sobre los conceptos y principios b\u00e1sicos del caf\u00e9: <a href=\"https:\/\/laamalia1888.com\/es\/formulario\/\" target=\"_blank\" rel=\"noopener\">Haz click aqu\u00ed<\/a><\/p>\n<p><strong>Salud por ti y por un buen caf\u00e9!!<\/strong><\/p>","protected":false},"featured_media":3841,"template":"","meta":{"_acf_changed":false,"nf_dc_page":"","site-sidebar-layout":"default","site-content-layout":"page-builder","ast-site-content-layout":"full-width-container","site-content-style":"unboxed","site-sidebar-style":"unboxed","ast-global-header-display":"","ast-banner-title-visibility":"","ast-main-header-display":"","ast-hfb-above-header-display":"","ast-hfb-below-header-display":"","ast-hfb-mobile-header-display":"","site-post-title":"disabled","ast-breadcrumbs-content":"","ast-featured-img":"","footer-sml-layout":"","ast-disable-related-posts":"","theme-transparent-header-meta":"default","adv-header-id-meta":"","stick-header-meta":"","header-above-stick-meta":"","header-main-stick-meta":"","header-below-stick-meta":"","astra-migrate-meta-layouts":"set","ast-page-background-enabled":"default","ast-page-background-meta":{"desktop":{"background-color":"var(--ast-global-color-4)","background-image":"","background-repeat":"repeat","background-position":"center center","background-size":"auto","background-attachment":"scroll","background-type":"","background-media":"","overlay-type":"","overlay-color":"","overlay-opacity":"","overlay-gradient":""},"tablet":{"background-color":"","background-image":"","background-repeat":"repeat","background-position":"center center","background-size":"auto","background-attachment":"scroll","background-type":"","background-media":"","overlay-type":"","overlay-color":"","overlay-opacity":"","overlay-gradient":""},"mobile":{"background-color":"","background-image":"","background-repeat":"repeat","background-position":"center center","background-size":"auto","background-attachment":"scroll","background-type":"","background-media":"","overlay-type":"","overlay-color":"","overlay-opacity":"","overlay-gradient":""}},"ast-content-background-meta":{"desktop":{"background-color":"var(--ast-global-color-5)","background-image":"","background-repeat":"repeat","background-position":"center center","background-size":"auto","background-attachment":"scroll","background-type":"","background-media":"","overlay-type":"","overlay-color":"","overlay-opacity":"","overlay-gradient":""},"tablet":{"background-color":"var(--ast-global-color-5)","background-image":"","background-repeat":"repeat","background-position":"center center","background-size":"auto","background-attachment":"scroll","background-type":"","background-media":"","overlay-type":"","overlay-color":"","overlay-opacity":"","overlay-gradient":""},"mobile":{"background-color":"var(--ast-global-color-5)","background-image":"","background-repeat":"repeat","background-position":"center center","background-size":"auto","background-attachment":"scroll","background-type":"","background-media":"","overlay-type":"","overlay-color":"","overlay-opacity":"","overlay-gradient":""}}},"product_brand":[136],"product_cat":[47],"product_tag":[130,144,142,129,139,141,132,135,143,131,140],"class_list":{"0":"post-909","1":"product","2":"type-product","3":"status-publish","4":"has-post-thumbnail","6":"product_brand-la-amalia-1888","7":"product_cat-coffee","8":"product_tag-100-arabica-coffee","9":"product_tag-200-years-of-coffee-heritage","10":"product_tag-artisan-roasted-coffee","11":"product_tag-colombian-specialty-coffee","12":"product_tag-dark-roast-coffee","13":"product_tag-huila-colombia-coffee","14":"product_tag-luxury-coffee-brand","15":"product_tag-premium-specialty-coffee","16":"product_tag-rooted-in-200-years-of-coffee-tradition","17":"product_tag-small-batch-coffee","18":"product_tag-whole-bean-dark-roast","19":"desktop-align-left","20":"tablet-align-left","21":"mobile-align-left","23":"first","24":"instock","25":"featured","26":"taxable","27":"shipping-taxable","28":"purchasable","29":"product-type-simple"},"acf":[],"yoast_head":"<!-- This site is optimized with the Yoast SEO plugin v27.6 - https:\/\/yoast.com\/product\/yoast-seo-wordpress\/ -->\n<title>Coffee Dark Roast - La Amalia 1888<\/title>\n<meta name=\"description\" content=\"Wake up to your dark, smooth, full-bodied Coffee dark roast Colombian. Enjoy the indulgence as it ignites the senses.\" \/>\n<meta name=\"robots\" content=\"index, follow, max-snippet:-1, max-image-preview:large, max-video-preview:-1\" \/>\n<link rel=\"canonical\" href=\"https:\/\/laamalia1888.com\/es\/producto\/dark-roast-colombian-coffee\/\" \/>\n<meta property=\"og:locale\" content=\"es_ES\" \/>\n<meta property=\"og:type\" content=\"article\" \/>\n<meta property=\"og:title\" content=\"Coffee Dark Roast - La Amalia 1888\" \/>\n<meta property=\"og:description\" content=\"Wake up to your dark, smooth, full-bodied Coffee dark roast Colombian. Enjoy the indulgence as it ignites the senses.\" \/>\n<meta property=\"og:url\" content=\"https:\/\/laamalia1888.com\/es\/producto\/dark-roast-colombian-coffee\/\" \/>\n<meta property=\"og:site_name\" content=\"La Amalia 1888\" \/>\n<meta property=\"article:modified_time\" content=\"2026-04-23T19:35:33+00:00\" \/>\n<meta property=\"og:image\" content=\"https:\/\/laamalia1888.com\/wp-content\/uploads\/2021\/07\/IMG_6673-1-2.jpg\" \/>\n\t<meta property=\"og:image:width\" content=\"940\" \/>\n\t<meta property=\"og:image:height\" content=\"788\" \/>\n\t<meta property=\"og:image:type\" content=\"image\/jpeg\" \/>\n<meta name=\"twitter:card\" content=\"summary_large_image\" \/>\n<meta name=\"twitter:label1\" content=\"Tiempo de lectura\" \/>\n\t<meta name=\"twitter:data1\" content=\"2 minutos\" \/>\n<script type=\"application\/ld+json\" class=\"yoast-schema-graph\">{\"@context\":\"https:\\\/\\\/schema.org\",\"@graph\":[{\"@type\":\"WebPage\",\"@id\":\"https:\\\/\\\/laamalia1888.com\\\/product\\\/dark-roast-colombian-coffee\\\/\",\"url\":\"https:\\\/\\\/laamalia1888.com\\\/product\\\/dark-roast-colombian-coffee\\\/\",\"name\":\"Coffee Dark Roast - La Amalia 1888\",\"isPartOf\":{\"@id\":\"https:\\\/\\\/laamalia1888.com\\\/#website\"},\"primaryImageOfPage\":{\"@id\":\"https:\\\/\\\/laamalia1888.com\\\/product\\\/dark-roast-colombian-coffee\\\/#primaryimage\"},\"image\":{\"@id\":\"https:\\\/\\\/laamalia1888.com\\\/product\\\/dark-roast-colombian-coffee\\\/#primaryimage\"},\"thumbnailUrl\":\"https:\\\/\\\/laamalia1888.com\\\/wp-content\\\/uploads\\\/2021\\\/07\\\/IMG_6673-1-2.jpg\",\"datePublished\":\"2026-04-22T19:18:22+00:00\",\"dateModified\":\"2026-04-23T19:35:33+00:00\",\"description\":\"Wake up to your dark, smooth, full-bodied Coffee dark roast Colombian. Enjoy the indulgence as it ignites the senses.\",\"breadcrumb\":{\"@id\":\"https:\\\/\\\/laamalia1888.com\\\/product\\\/dark-roast-colombian-coffee\\\/#breadcrumb\"},\"inLanguage\":\"es-CO\",\"potentialAction\":[{\"@type\":\"ReadAction\",\"target\":[\"https:\\\/\\\/laamalia1888.com\\\/product\\\/dark-roast-colombian-coffee\\\/\"]}]},{\"@type\":\"ImageObject\",\"inLanguage\":\"es-CO\",\"@id\":\"https:\\\/\\\/laamalia1888.com\\\/product\\\/dark-roast-colombian-coffee\\\/#primaryimage\",\"url\":\"https:\\\/\\\/laamalia1888.com\\\/wp-content\\\/uploads\\\/2021\\\/07\\\/IMG_6673-1-2.jpg\",\"contentUrl\":\"https:\\\/\\\/laamalia1888.com\\\/wp-content\\\/uploads\\\/2021\\\/07\\\/IMG_6673-1-2.jpg\",\"width\":940,\"height\":788,\"caption\":\"Simplicity that highlights the richness within\"},{\"@type\":\"BreadcrumbList\",\"@id\":\"https:\\\/\\\/laamalia1888.com\\\/product\\\/dark-roast-colombian-coffee\\\/#breadcrumb\",\"itemListElement\":[{\"@type\":\"ListItem\",\"position\":1,\"name\":\"Home\",\"item\":\"https:\\\/\\\/laamalia1888.com\\\/\"},{\"@type\":\"ListItem\",\"position\":2,\"name\":\"Shop\",\"item\":\"https:\\\/\\\/laamalia1888.com\\\/shop\\\/\"},{\"@type\":\"ListItem\",\"position\":3,\"name\":\"La Amalia 1888 Dark Roast Colombian Specialty Coffee \\\/ 100% Arabica\"}]},{\"@type\":\"WebSite\",\"@id\":\"https:\\\/\\\/laamalia1888.com\\\/#website\",\"url\":\"https:\\\/\\\/laamalia1888.com\\\/\",\"name\":\"La Amalia 1888 offers Colombian specialty coffee\",\"description\":\"La Amalia 1888 offers Colombian specialty coffee\",\"publisher\":{\"@id\":\"https:\\\/\\\/laamalia1888.com\\\/#organization\"},\"alternateName\":\"Colombian specialty coffee\",\"potentialAction\":[{\"@type\":\"SearchAction\",\"target\":{\"@type\":\"EntryPoint\",\"urlTemplate\":\"https:\\\/\\\/laamalia1888.com\\\/?s={search_term_string}\"},\"query-input\":{\"@type\":\"PropertyValueSpecification\",\"valueRequired\":true,\"valueName\":\"search_term_string\"}}],\"inLanguage\":\"es-CO\"},{\"@type\":\"Organization\",\"@id\":\"https:\\\/\\\/laamalia1888.com\\\/#organization\",\"name\":\"La Amalia 1888 offers Colombian specialty coffee\",\"alternateName\":\"Colombian specialty coffee\",\"url\":\"https:\\\/\\\/laamalia1888.com\\\/\",\"logo\":{\"@type\":\"ImageObject\",\"inLanguage\":\"es-CO\",\"@id\":\"https:\\\/\\\/laamalia1888.com\\\/#\\\/schema\\\/logo\\\/image\\\/\",\"url\":\"https:\\\/\\\/laamalia1888.com\\\/wp-content\\\/uploads\\\/2021\\\/05\\\/cropped-cropped-LOGO-LA-AMALIA-1.png\",\"contentUrl\":\"https:\\\/\\\/laamalia1888.com\\\/wp-content\\\/uploads\\\/2021\\\/05\\\/cropped-cropped-LOGO-LA-AMALIA-1.png\",\"width\":1234,\"height\":254,\"caption\":\"La Amalia 1888 offers Colombian specialty coffee\"},\"image\":{\"@id\":\"https:\\\/\\\/laamalia1888.com\\\/#\\\/schema\\\/logo\\\/image\\\/\"}}]}<\/script>\n<!-- \/ Yoast SEO plugin. -->","yoast_head_json":{"title":"Coffee Dark Roast - La Amalia 1888","description":"Wake up to your dark, smooth, full-bodied Coffee dark roast Colombian. Enjoy the indulgence as it ignites the senses.","robots":{"index":"index","follow":"follow","max-snippet":"max-snippet:-1","max-image-preview":"max-image-preview:large","max-video-preview":"max-video-preview:-1"},"canonical":"https:\/\/laamalia1888.com\/es\/producto\/dark-roast-colombian-coffee\/","og_locale":"es_ES","og_type":"article","og_title":"Coffee Dark Roast - La Amalia 1888","og_description":"Wake up to your dark, smooth, full-bodied Coffee dark roast Colombian. Enjoy the indulgence as it ignites the senses.","og_url":"https:\/\/laamalia1888.com\/es\/producto\/dark-roast-colombian-coffee\/","og_site_name":"La Amalia 1888","article_modified_time":"2026-04-23T19:35:33+00:00","og_image":[{"width":940,"height":788,"url":"https:\/\/laamalia1888.com\/wp-content\/uploads\/2021\/07\/IMG_6673-1-2.jpg","type":"image\/jpeg"}],"twitter_card":"summary_large_image","twitter_misc":{"Tiempo de lectura":"2 minutos"},"schema":{"@context":"https:\/\/schema.org","@graph":[{"@type":"WebPage","@id":"https:\/\/laamalia1888.com\/product\/dark-roast-colombian-coffee\/","url":"https:\/\/laamalia1888.com\/product\/dark-roast-colombian-coffee\/","name":"Coffee Dark Roast - La Amalia 1888","isPartOf":{"@id":"https:\/\/laamalia1888.com\/#website"},"primaryImageOfPage":{"@id":"https:\/\/laamalia1888.com\/product\/dark-roast-colombian-coffee\/#primaryimage"},"image":{"@id":"https:\/\/laamalia1888.com\/product\/dark-roast-colombian-coffee\/#primaryimage"},"thumbnailUrl":"https:\/\/laamalia1888.com\/wp-content\/uploads\/2021\/07\/IMG_6673-1-2.jpg","datePublished":"2026-04-22T19:18:22+00:00","dateModified":"2026-04-23T19:35:33+00:00","description":"Wake up to your dark, smooth, full-bodied Coffee dark roast Colombian. Enjoy the indulgence as it ignites the senses.","breadcrumb":{"@id":"https:\/\/laamalia1888.com\/product\/dark-roast-colombian-coffee\/#breadcrumb"},"inLanguage":"es-CO","potentialAction":[{"@type":"ReadAction","target":["https:\/\/laamalia1888.com\/product\/dark-roast-colombian-coffee\/"]}]},{"@type":"ImageObject","inLanguage":"es-CO","@id":"https:\/\/laamalia1888.com\/product\/dark-roast-colombian-coffee\/#primaryimage","url":"https:\/\/laamalia1888.com\/wp-content\/uploads\/2021\/07\/IMG_6673-1-2.jpg","contentUrl":"https:\/\/laamalia1888.com\/wp-content\/uploads\/2021\/07\/IMG_6673-1-2.jpg","width":940,"height":788,"caption":"Simplicity that highlights the richness within"},{"@type":"BreadcrumbList","@id":"https:\/\/laamalia1888.com\/product\/dark-roast-colombian-coffee\/#breadcrumb","itemListElement":[{"@type":"ListItem","position":1,"name":"Home","item":"https:\/\/laamalia1888.com\/"},{"@type":"ListItem","position":2,"name":"Shop","item":"https:\/\/laamalia1888.com\/shop\/"},{"@type":"ListItem","position":3,"name":"La Amalia 1888 Dark Roast Colombian Specialty Coffee \/ 100% Arabica"}]},{"@type":"WebSite","@id":"https:\/\/laamalia1888.com\/#website","url":"https:\/\/laamalia1888.com\/","name":"La Amalia 1888 ofrece caf\u00e9 especial colombiano","description":"La Amalia 1888 ofrece caf\u00e9 especial colombiano","publisher":{"@id":"https:\/\/laamalia1888.com\/#organization"},"alternateName":"Colombian specialty coffee","potentialAction":[{"@type":"SearchAction","target":{"@type":"EntryPoint","urlTemplate":"https:\/\/laamalia1888.com\/?s={search_term_string}"},"query-input":{"@type":"PropertyValueSpecification","valueRequired":true,"valueName":"search_term_string"}}],"inLanguage":"es-CO"},{"@type":"Organization","@id":"https:\/\/laamalia1888.com\/#organization","name":"La Amalia 1888 ofrece caf\u00e9 especial colombiano","alternateName":"Colombian specialty coffee","url":"https:\/\/laamalia1888.com\/","logo":{"@type":"ImageObject","inLanguage":"es-CO","@id":"https:\/\/laamalia1888.com\/#\/schema\/logo\/image\/","url":"https:\/\/laamalia1888.com\/wp-content\/uploads\/2021\/05\/cropped-cropped-LOGO-LA-AMALIA-1.png","contentUrl":"https:\/\/laamalia1888.com\/wp-content\/uploads\/2021\/05\/cropped-cropped-LOGO-LA-AMALIA-1.png","width":1234,"height":254,"caption":"La Amalia 1888 offers Colombian specialty coffee"},"image":{"@id":"https:\/\/laamalia1888.com\/#\/schema\/logo\/image\/"}}]}},"_links":{"self":[{"href":"https:\/\/laamalia1888.com\/es\/wp-json\/wp\/v2\/product\/909","targetHints":{"allow":["GET"]}}],"collection":[{"href":"https:\/\/laamalia1888.com\/es\/wp-json\/wp\/v2\/product"}],"about":[{"href":"https:\/\/laamalia1888.com\/es\/wp-json\/wp\/v2\/types\/product"}],"wp:featuredmedia":[{"embeddable":true,"href":"https:\/\/laamalia1888.com\/es\/wp-json\/wp\/v2\/media\/3841"}],"wp:attachment":[{"href":"https:\/\/laamalia1888.com\/es\/wp-json\/wp\/v2\/media?parent=909"}],"wp:term":[{"taxonomy":"product_brand","embeddable":true,"href":"https:\/\/laamalia1888.com\/es\/wp-json\/wp\/v2\/product_brand?post=909"},{"taxonomy":"product_cat","embeddable":true,"href":"https:\/\/laamalia1888.com\/es\/wp-json\/wp\/v2\/product_cat?post=909"},{"taxonomy":"product_tag","embeddable":true,"href":"https:\/\/laamalia1888.com\/es\/wp-json\/wp\/v2\/product_tag?post=909"}],"curies":[{"name":"wp","href":"https:\/\/api.w.org\/{rel}","templated":true}]}}